{"id":2,"date":"2021-07-08T13:23:34","date_gmt":"2021-07-08T16:23:34","guid":{"rendered":"https:\/\/wp.ufpel.edu.br\/cidadesirmas\/?page_id=2"},"modified":"2026-02-19T21:23:30","modified_gmt":"2026-02-20T00:23:30","slug":"pagina-exemplo","status":"publish","type":"page","link":"https:\/\/wp.ufpel.edu.br\/cidadesirmas\/","title":{"rendered":"Cidades-Irm\u00e3s"},"content":{"rendered":"<p style=\"text-align: justify;\"><span style=\"font-weight: 400;\">Os acordos de cidades-irm\u00e3s s\u00e3o uma das possibilidades que os munic\u00edpios possuem de promover suas rela\u00e7\u00f5es internacionais. Geralmente, a iniciativa surge de contatos \u2013 culturais, sociais, econ\u00f4micos, pol\u00edticos, esportivos, entre outros \u2013 que os governos locais formalizam por meio da assinatura de um documento. <\/span><span style=\"font-weight: 400;\">Um documento de cidades-irm\u00e3s n\u00e3o segue um padr\u00e3o quanto \u00e0 forma e ao conte\u00fado. Ao redor do mundo, estes instrumentos abrangem a promo\u00e7\u00e3o das rela\u00e7\u00f5es de coopera\u00e7\u00e3o, amizade e paz entre as partes envolvidas e as sociedades.<\/span><\/p>\r\n<p style=\"text-align: justify;\"><span style=\"font-weight: 400;\">No campo das Rela\u00e7\u00f5es Internacionais, esse instrumento de pol\u00edtica p\u00fablica internacional \u00e9 discutido no contexto da diplomacia subnacional, tamb\u00e9m conhecida como Paradiplomacia. A Paradiplomacia caracteriza-se pelo envolvimento dos governos subnacionais (estados federados ou munic\u00edpios) na formula\u00e7\u00e3o de objetivos e metas de pol\u00edtica externa pr\u00f3prios, em compatibilidade com os objetivos fundamentais da Rep\u00fablica Federativa do Brasil elencados na Constitui\u00e7\u00e3o Federal de 1988.\u00a0<\/span><\/p>\r\n<p style=\"text-align: justify;\"><span style=\"font-weight: 400;\">Exemplos de a\u00e7\u00f5es t\u00edpicas da Paradiplomacia s\u00e3o: estabelecimento de secretarias para assuntos internacionais, estabelecimento de escrit\u00f3rios no exterior, assinatura de acordos e conv\u00eanios com outros atores internacionais, coopera\u00e7\u00e3o internacional, participa\u00e7\u00e3o municipal ou estadual em feiras e eventos internacionais de neg\u00f3cios, capta\u00e7\u00e3o de recursos de estrangeiros, estabelecimento de v\u00ednculos com <\/span><b>cidades-irm\u00e3s<\/b><span style=\"font-weight: 400;\">, interc\u00e2mbio de \u201cboas pr\u00e1ticas\u201d de pol\u00edticas p\u00fablicas, entre outros.\u00a0<\/span><\/p>\r\n<p style=\"text-align: justify;\"><span style=\"font-weight: 400;\">O contexto da globaliza\u00e7\u00e3o promoveu mudan\u00e7as em quase todos os pa\u00edses do cen\u00e1rio global, tornando os fluxos pol\u00edticos, sociais e econ\u00f4micos cada vez mais intensos. Esse contexto abre oportunidades para que estados federados e munic\u00edpios tamb\u00e9m internacionalizem suas atividades, por meio das a\u00e7\u00f5es paradiplom\u00e1ticas.\u00a0<\/span><\/p>\r\n<p style=\"text-align: justify;\"><span style=\"font-weight: 400;\">O projeto de extens\u00e3o Cidades-Irm\u00e3s, vinculado ao Curso de Bacharelado em Rela\u00e7\u00f5es Internacionais da Universidade Federal de Pelotas, est\u00e1 comprometido com o munic\u00edpio de Pelotas-RS, focando nas suas cidades-irm\u00e3s. Por meio das suas atividades, contribui para refor\u00e7ar fundamentos da gest\u00e3o p\u00fablica internacional profissionalizada, bem como, difundir informa\u00e7\u00f5es sobre as cidades-irm\u00e3s.\u00a0<\/span><\/p>\r\n<p style=\"text-align: justify;\"><b>Observa\u00e7\u00e3o<\/b><span style=\"font-weight: 400;\">:\u00a0<\/span><\/p>\r\n<p style=\"text-align: justify;\"><span style=\"font-weight: 400;\">No Brasil, cidades-irm\u00e3s e cidades-g\u00eameas n\u00e3o s\u00e3o sin\u00f4nimos. A defini\u00e7\u00e3o de cidades-g\u00eameas consta da Portaria do Minist\u00e9rio do Desenvolvimento Regional <\/span><span style=\"font-weight: 400;\">No. 2.507 de 05 de Outubro de 2021:\u00a0 <\/span><a href=\"https:\/\/www.in.gov.br\/en\/web\/dou\/-\/portaria-n-2.507-de-5-de-outubro-de-2021-350617155\"><span style=\"font-weight: 400;\">https:\/\/www.in.gov.br\/en\/web\/dou\/-\/portaria-n-2.507-de-5-de-outubro-de-2021-350617155<\/span><\/a><span style=\"font-weight: 400;\">.\u00a0<\/span><\/p>\r\n&nbsp;\r\n\r\n<!-- \/wp:post-content -->","protected":false},"excerpt":{"rendered":"<p>Os acordos de cidades-irm\u00e3s s\u00e3o uma das possibilidades que os munic\u00edpios possuem de promover suas rela\u00e7\u00f5es internacionais. Geralmente, a iniciativa surge de contatos \u2013 culturais, sociais, econ\u00f4micos, pol\u00edticos, esportivos, entre outros \u2013 que os governos locais formalizam por meio da assinatura de um documento. Um documento de cidades-irm\u00e3s n\u00e3o segue um padr\u00e3o quanto \u00e0 forma &hellip; <\/p>\n<p><a class=\"more-link btn\" href=\"https:\/\/wp.ufpel.edu.br\/cidadesirmas\/\">Continue lendo<\/a><\/p>\n","protected":false},"author":1164,"featured_media":0,"parent":0,"menu_order":0,"comment_status":"closed","ping_status":"closed","template":"","meta":{"footnotes":""},"class_list":["post-2","page","type-page","status-publish","hentry","nodate","item-wrap"],"jetpack_sharing_enabled":true,"_links":{"self":[{"href":"https:\/\/wp.ufpel.edu.br\/cidadesirmas\/wp-json\/wp\/v2\/pages\/2","targetHints":{"allow":["GET"]}}],"collection":[{"href":"https:\/\/wp.ufpel.edu.br\/cidadesirmas\/wp-json\/wp\/v2\/pages"}],"about":[{"href":"https:\/\/wp.ufpel.edu.br\/cidadesirmas\/wp-json\/wp\/v2\/types\/page"}],"author":[{"embeddable":true,"href":"https:\/\/wp.ufpel.edu.br\/cidadesirmas\/wp-json\/wp\/v2\/users\/1164"}],"replies":[{"embeddable":true,"href":"https:\/\/wp.ufpel.edu.br\/cidadesirmas\/wp-json\/wp\/v2\/comments?post=2"}],"version-history":[{"count":9,"href":"https:\/\/wp.ufpel.edu.br\/cidadesirmas\/wp-json\/wp\/v2\/pages\/2\/revisions"}],"predecessor-version":[{"id":357,"href":"https:\/\/wp.ufpel.edu.br\/cidadesirmas\/wp-json\/wp\/v2\/pages\/2\/revisions\/357"}],"wp:attachment":[{"href":"https:\/\/wp.ufpel.edu.br\/cidadesirmas\/wp-json\/wp\/v2\/media?parent=2"}],"curies":[{"name":"wp","href":"https:\/\/api.w.org\/{rel}","templated":true}]}}