{"id":375,"date":"2020-04-13T16:02:49","date_gmt":"2020-04-13T19:02:49","guid":{"rendered":"https:\/\/wp.ufpel.edu.br\/cidadeecidadania\/?page_id=375"},"modified":"2020-04-13T16:02:49","modified_gmt":"2020-04-13T19:02:49","slug":"informacoes","status":"publish","type":"page","link":"https:\/\/wp.ufpel.edu.br\/cidadeecidadania\/informacoes\/","title":{"rendered":"Informa\u00e7\u00f5es"},"content":{"rendered":"<h2 style=\"text-align: center\">Informa\u00e7\u00f5es<\/h2>\n<p>Aqui divulgaremos as principais informa\u00e7\u00f5es sobre o COVID-19.<\/p>\n<h2>O que \u00e9 coronav\u00edrus? (COVID-19)<\/h2>\n<p>Em dezembro de 2019, um surto local de pneumonia de causa inicialmente desconhecida foi detectado em Wuhan (Hubei, China) e foi rapidamente determinado ser causado por um novo coronav\u00edrus, ou seja, coronav\u00edrus 2 da s\u00edndrome respirat\u00f3ria aguda grave (SARS-CoV-2).\u00a0 Da\u00ed sua denomina\u00e7\u00e3o abreviada, COVID-19, do nome em ingl\u00eas, <strong>Co<\/strong>rona <strong>V\u00ed<\/strong>rus <strong>D<\/strong>isease de <strong>2019<\/strong>.<\/p>\n<p>De acordo com o Minist\u00e9rio da Sa\u00fade (2020) Coronav\u00edrus \u00e9 uma fam\u00edlia de v\u00edrus que causam infec\u00e7\u00f5es respirat\u00f3rias. O novo agente do coronav\u00edrus foi descoberto em 31\/12\/19 ap\u00f3s casos registrados na China. Provoca a doen\u00e7a chamada de coronav\u00edrus (COVID-19).<\/p>\n<p>Os primeiros coronav\u00edrus humanos foram isolados pela primeira vez em 1937. No entanto, foi em 1965 que o v\u00edrus foi descrito como coronav\u00edrus, em decorr\u00eancia do perfil na microscopia, parecendo uma coroa.<\/p>\n<p>A maioria das pessoas se infecta com os coronav\u00edrus comuns ao longo da vida, sendo as crian\u00e7as pequenas mais propensas a se infectarem com o tipo mais comum do v\u00edrus. Os coronav\u00edrus mais comuns que infectam humanos s\u00e3o o alpha coronav\u00edrus 229E e NL63 e beta coronav\u00edrus OC43, HKU1&#8230;<\/p>\n<p><span style=\"font-size: 10pt\">MINIST\u00c9RIO DA SA\u00daDE.\u00a0 Fonte: https:\/\/coronavirus.saude.gov.br\/. Acessado em 13\/04\/2020<\/span><\/p>\n<div class=\"row-fluid module  info-corona span12\">\n<div class=\"custom info-corona span12\">\n<h2 style=\"text-align: center\">O que voc\u00ea precisa saber e fazer.<br \/>\nComo prevenir o cont\u00e1gio:<\/h2>\n<p>&nbsp;<\/p>\n<ul>\n<li><img decoding=\"async\" src=\"https:\/\/portalarquivos.saude.gov.br\/images\/png\/2020\/marco\/02\/img1-maos.png\" \/><br \/>\n<h3>Lave as m\u00e3os com \u00e1gua e sab\u00e3o ou use \u00e1lcool em gel.<\/h3>\n<\/li>\n<li><img decoding=\"async\" src=\"https:\/\/portalarquivos.saude.gov.br\/images\/png\/2020\/marco\/02\/img2-tosse.png\" \/><br \/>\n<h3>Cubra o nariz e boca ao espirrar ou tossir.<\/h3>\n<\/li>\n<li><img decoding=\"async\" src=\"https:\/\/portalarquivos.saude.gov.br\/images\/png\/2020\/marco\/02\/img3-pessoas.png\" \/><br \/>\n<h3>Evite aglomera\u00e7\u00f5es se estiver doente.<\/h3>\n<\/li>\n<li><img decoding=\"async\" src=\"https:\/\/portalarquivos.saude.gov.br\/images\/png\/2020\/marco\/02\/img4-janela.png\" \/><br \/>\n<h3>Mantenha os ambientes bem ventilados.<\/h3>\n<\/li>\n<li><img decoding=\"async\" src=\"https:\/\/portalarquivos.saude.gov.br\/images\/png\/2020\/marco\/02\/img5-objetos.png\" \/><br \/>\n<h3>N\u00e3o compartilhe objetos pessoais.<\/h3>\n<p>Fonte: https:\/\/coronavirus.saude.gov.br\/. Acessado em 13\/04\/2020<\/li>\n<\/ul>\n<table>\n<tbody>\n<tr>\n<th bgcolor=\"#eeeeee\">\n<h3><strong>Per\u00edodo de incuba\u00e7\u00e3o do coronav\u00edrus<\/strong><\/h3>\n<\/th>\n<\/tr>\n<tr>\n<td>Per\u00edodo de incuba\u00e7\u00e3o \u00e9 o tempo que leva para os primeiros sintomas aparecerem desde a infec\u00e7\u00e3o por coronav\u00edrus, que pode ser de <strong>2 a 14 dias. <\/strong><\/td>\n<\/tr>\n<tr>\n<th bgcolor=\"#eeeeee\">\n<h3><a id=\"transmissao\" name=\"transmissao\"><\/a><strong>Como o coronav\u00edrus \u00e9 transmitido?<\/strong><\/h3>\n<\/th>\n<\/tr>\n<tr>\n<td>A transmiss\u00e3o acontece de uma pessoa doente para outra ou por contato pr\u00f3ximo por meio de:<\/p>\n<ul>\n<li>O toque do aperto de m\u00e3o \u00e9 a principal forma de cont\u00e1gio<\/li>\n<li>Got\u00edculas de saliva<\/li>\n<li>Espirro<\/li>\n<li>Tosse<\/li>\n<li>Catarro<\/li>\n<li>Objetos ou superf\u00edcies contaminadas como celulares, mesas, ma\u00e7anetas, brinquedos e teclados de computador etc.<\/li>\n<\/ul>\n<\/td>\n<\/tr>\n<tr>\n<th bgcolor=\"#eeeeee\">\n<h3><strong>Quais s\u00e3o os sintomas do coronav\u00edrus?<\/strong><\/h3>\n<p><a name=\"sintomas\"><\/a><\/th>\n<\/tr>\n<tr>\n<td>Os sintomas mais comuns s\u00e3o:<\/p>\n<ul>\n<li>Febre <strong>E<\/strong><\/li>\n<li>Tosse <strong>OU<\/strong><\/li>\n<li>Dificuldade para respirar<\/li>\n<li>Entre outros sintomas gripais<\/li>\n<\/ul>\n<p>Se aparecerem os sintomas ligue para 136 ou procure um posto de sa\u00fade.<\/td>\n<\/tr>\n<tr>\n<th bgcolor=\"#eeeeee\">\n<h3><strong>Como se proteger<\/strong><\/h3>\n<\/th>\n<\/tr>\n<tr>\n<td>\n<ul>\n<li>Lave com frequ\u00eancia as m\u00e3os at\u00e9 a altura dos punhos, com \u00e1gua e sab\u00e3o ou ent\u00e3o higienize com \u00e1lcool em gel 70%.<\/li>\n<li>Ao tossir ou espirrar, cubra nariz e boca com len\u00e7o ou com o bra\u00e7o, e n\u00e3o com as m\u00e3os.<\/li>\n<li>Evite tocar olhos, nariz e boca com as m\u00e3os n\u00e3o lavadas. Ao tocar, lave sempre as m\u00e3os como j\u00e1 indicado.<\/li>\n<li>Mantenha uma dist\u00e2ncia m\u00ednima cerca de 2 metros de qualquer pessoa tossindo ou espirrando.<\/li>\n<li>Evite abra\u00e7os, beijos e apertos de m\u00e3os. Adote uma onda amig\u00e1vel sem contato f\u00edsico, mas sempre com sorriso no rosto.<\/li>\n<li>Higienize com frequ\u00eancia o celular e brinquedos das crian\u00e7as.<\/li>\n<li>N\u00e3o compartilhe objetos de uso pessoal, como talheres, toalhas, pratos e copos.<\/li>\n<li>Evite aglomera\u00e7\u00f5es e mantenha os ambientes limpos e bem ventilados.<\/li>\n<li>Se estiver doente, evite contato f\u00edsico com outras pessoas, principalmente, idosos e doentes cr\u00f4nicos e fique em casa at\u00e9 melhorar.<\/li>\n<li>Durma bem, tenha uma alimenta\u00e7\u00e3o saud\u00e1vel e fa\u00e7a atividade f\u00edsica.<\/li>\n<\/ul>\n<\/td>\n<\/tr>\n<tr>\n<th bgcolor=\"#eeeeee\">\n<h3><strong>Adianta tomar vacina contra a gripe?<\/strong><\/h3>\n<\/th>\n<\/tr>\n<tr>\n<td>\n<p>N\u00e3o, mas evita que a pessoa tenha outros tipos de doen\u00e7as respirat\u00f3rias. Busque orienta\u00e7\u00e3o de como vacinar em seguran\u00e7a. Em caso de fila, mantenha uma dist\u00e2ncia de, pelo menos, 2 metros dos demais, principalmente os idosos.<\/p>\n<p>Informe-se se na sua cidade haver\u00e1 uma estrat\u00e9gia de vacina\u00e7\u00e3o diferenciada.<\/p>\n<p><strong>Ligue 136 ou entre em contato com a Secretaria de Sa\u00fade da sua cidade.<\/strong><\/td>\n<\/tr>\n<tr>\n<th bgcolor=\"#eeeeee\">\n<h3><strong>Quem corre mais risco?<\/strong><\/h3>\n<\/th>\n<\/tr>\n<tr>\n<td>\n<p>Pessoas acima dos 60 anos e aquelas com doen\u00e7as cr\u00f4nicas, como diabetes e doen\u00e7as cardiovasculares. Esse p\u00fablico n\u00e3o deve viajar nem frequentar cinemas, shopping, shows e outros locais com aglomera\u00e7\u00f5es.<\/p>\n<p>A orienta\u00e7\u00e3o \u00e9 <strong>FICAR EM CASA.<\/strong><\/p>\n<p>Caso utilize medicamento de uso cont\u00ednuo, entre em contato com seu m\u00e9dico ou pe\u00e7a para algum familiar ir at\u00e9 o posto de sa\u00fade para buscar uma receita com validade ampliada, principalmente no per\u00edodo de outono e inverno. Isso reduz o tr\u00e2nsito desnecess\u00e1rio nos postos de sa\u00fade e farm\u00e1cias.<\/td>\n<\/tr>\n<tr>\n<th bgcolor=\"#eeeeee\">\n<h3><strong><a id=\"tratamento\" name=\"tratamento\"><\/a>J\u00e1 existe tratamento contra o coronav\u00edrus (COVID-19)?<\/strong><\/h3>\n<\/th>\n<\/tr>\n<tr>\n<td>N\u00e3o. Os m\u00e9dicos tratam os sintomas para evitar o agravamento da doen\u00e7a e reduzir o desconforto.<\/td>\n<\/tr>\n<\/tbody>\n<\/table>\n<table>\n<tbody>\n<tr>\n<th bgcolor=\"#eeeeee\">\n<h3><strong>DEFINI\u00c7\u00d5ES E OBSERVA\u00c7\u00d5ES<\/strong><\/h3>\n<\/th>\n<\/tr>\n<tr>\n<td>\n<ul>\n<li><strong>FEBRE:<\/strong>\n<ul>\n<li>Considera-se febre temperatura acima de 37,8\u00b0<\/li>\n<li>Alerta-se que a febre pode n\u00e3o estar presente em alguns casos como por exemplo: em pacientes jovens, idosos, imunossuprimidos ou que em algumas situa\u00e7\u00f5es possam ter utilizado medicamento antit\u00e9rmico. Nessas situa\u00e7\u00f5es, a avalia\u00e7\u00e3o cl\u00ednica deve ser levada em considera\u00e7\u00e3o e a decis\u00e3o deve ser registrada na ficha de notifica\u00e7\u00e3o.<\/li>\n<li>Considerar a febre relatada pelo paciente, mesmo n\u00e3o mensurada.<\/li>\n<\/ul>\n<\/li>\n<\/ul>\n<ul>\n<li><strong>CONTATO PR\u00d3XIMO DE CASOS SUSPEITOS OU CONFIRMADOS DE COVID-19: <\/strong>\n<ul>\n<li>Uma pessoa que teve contato f\u00edsico direto (por exemplo, apertando as m\u00e3os);<\/li>\n<li>Uma pessoa que tenha contato direto desprotegido com secre\u00e7\u00f5es infecciosas (por exemplo, got\u00edculas de tosse, contato sem prote\u00e7\u00e3o com tecido ou len\u00e7os de papel usados e que contenham secre\u00e7\u00f5es);<\/li>\n<li>Uma pessoa que teve contato frente a frente por 15 minutos ou mais e a uma dist\u00e2ncia inferior a 2 metros;<\/li>\n<li>Uma pessoa que esteve em um ambiente fechado (por exemplo, sala de aula, sala de reuni\u00e3o, sala de espera do hospital etc.) por 15 minutos ou mais e a uma dist\u00e2ncia inferior a 2 metros;<\/li>\n<li>Um profissional de sa\u00fade ou outra pessoa que cuide diretamente de um caso de COVID-19 ou trabalhadores de laborat\u00f3rio que manipulam amostras de um caso de COVID-19 sem Equipamento de Prote\u00e7\u00e3o Individual (EPI) recomendado, ou com uma poss\u00edvel viola\u00e7\u00e3o do EPI;<\/li>\n<li>Um passageiro de uma aeronave sentado no raio de dois assentos de dist\u00e2ncia (em qualquer dire\u00e7\u00e3o) de um caso confirmado de COVID-19; seus acompanhantes ou cuidadores e os tripulantes que trabalharam na se\u00e7\u00e3o da aeronave em que o caso estava sentado.<\/li>\n<\/ul>\n<\/li>\n<\/ul>\n<ul>\n<li><strong>CONTATO DOMICILIAR DE CASO SUSPEITO OU CONFIRMADO DE COVID-19: <\/strong>\n<ul>\n<li>Uma pessoa que resida na mesma casa\/ambiente. Devem ser considerados os residentes da mesma casa, colegas de dormit\u00f3rio, creche, alojamento etc.<\/li>\n<\/ul>\n<\/li>\n<\/ul>\n<\/td>\n<\/tr>\n<\/tbody>\n<\/table>\n<h2><\/h2>\n<table>\n<tbody>\n<tr>\n<th bgcolor=\"#eeeeee\">\n<h5>PRECAU\u00c7\u00d5ES<\/h5>\n<\/th>\n<\/tr>\n<tr>\n<td>\n<p>Use m\u00e1scara se estiver tossindo ou espirrando para evitar transmitir v\u00edrus para outras pessoas.<\/p>\n<p>Para pessoas saud\u00e1veis, use m\u00e1scara somente se estiver cuidando de uma pessoa com doen\u00e7as respirat\u00f3rias.<\/p>\n<p>As m\u00e1scaras s\u00e3o eficazes somente quando usadas em combina\u00e7\u00e3o com a limpeza frequente as m\u00e3os com \u00e1gua e sab\u00e3o ou higienizadas com \u00e1lcool em gel 70%.<\/p>\n<p>Ap\u00f3s usar a m\u00e1scara, descarte-a em local adequado e lave as m\u00e3os.<\/p>\n<p>Em todas as situa\u00e7\u00f5es recomendadas, utilize a m\u00e1scara do tipo cir\u00fargico. A m\u00e1scara N95 \u00e9 de uso dos profissionais de sa\u00fade e \u00e9 fundamental para sua prote\u00e7\u00e3o. H\u00e1 risco de faltar, caso a popula\u00e7\u00e3o compre tamb\u00e9m<\/td>\n<\/tr>\n<tr>\n<th bgcolor=\"#eeeeee\">\n<h3><strong>Vou viajar para um local com casos de coronav\u00edrus (COVID-19). O que fa\u00e7o?<\/strong><\/h3>\n<\/th>\n<\/tr>\n<tr>\n<td>Avalie a necessidade real da viagem e adie, se poss\u00edvel. Se for inevit\u00e1vel, previna-se e siga as orienta\u00e7\u00f5es das autoridades de sa\u00fade locais.<\/td>\n<\/tr>\n<tr>\n<th bgcolor=\"#eeeeee\">\n<h3><strong>Voltei de viagem internacional. O que fa\u00e7o?<\/strong><\/h3>\n<\/th>\n<\/tr>\n<tr>\n<td>\n<p>Recomenda-se isolamento domiciliar volunt\u00e1rio por 7 dias ap\u00f3s o desembarque, mesmo que n\u00e3o tenha apresentado os sintomas.<\/p>\n<p>Reforce os h\u00e1bitos de higiene, como lavar as m\u00e3os com \u00e1gua e sab\u00e3o. Caso apresente sintomas de gripe, siga as orienta\u00e7\u00f5es do Minist\u00e9rio da Sa\u00fade para isolamento domiciliar.<\/td>\n<\/tr>\n<tr>\n<th bgcolor=\"#eeeeee\">\n<h3><strong>Voltei de viagem dom\u00e9stica. O que fa\u00e7o?<\/strong><\/h3>\n<\/th>\n<\/tr>\n<tr>\n<td>\n<p>Recomenda-se isolamento domiciliar volunt\u00e1rio por 7 dias ap\u00f3s o desembarque, mesmo que n\u00e3o tenha apresentado os sintomas.<\/p>\n<p>Reforce os h\u00e1bitos de higiene, como lavar as m\u00e3os com \u00e1gua e sab\u00e3o.<\/p>\n<p>Caso apresente sintomas de gripe, siga as orienta\u00e7\u00f5es do Minist\u00e9rio da Sa\u00fade para isolamento domiciliar.<\/td>\n<\/tr>\n<tr>\n<th bgcolor=\"#eeeeee\">\n<h3><strong>Estou com sintomas de gripe. O que devo fazer?<\/strong><\/h3>\n<\/th>\n<\/tr>\n<tr>\n<td>\n<p>Se voc\u00ea est\u00e1 com sintomas de gripe, fique em casa por14 dias e siga as orienta\u00e7\u00f5es do Minist\u00e9rio da Sa\u00fade para o isolamento domiciliar.<\/p>\n<p>S\u00f3 procure um hospital de refer\u00eancia se estiver com falta de ar.<\/td>\n<\/tr>\n<tr>\n<th bgcolor=\"#eeeeee\">\n<h3><strong>H\u00e1 um caso de coronav\u00edrus confirmado na minha casa. Como fazer o isolamento domiciliar?<\/strong><\/h3>\n<\/th>\n<\/tr>\n<tr>\n<td>Pessoas com diagn\u00f3stico confirmado de coronav\u00edrus precisam ficar em isolamento domiciliar. Veja como proteger sua fam\u00edlia:<\/p>\n<ul>\n<li>A dist\u00e2ncia m\u00ednima entre o paciente e os demais moradores \u00e9 de 1 metro.<\/li>\n<li>No quarto usado para o isolamento, mantenha as janelas abertas para circula\u00e7\u00e3o do ar, a porta fechada durante todo o isolamento e limpe a ma\u00e7aneta frequentemente com \u00e1lcool 70% ou \u00e1gua sanit\u00e1ria.<\/li>\n<\/ul>\n<p><strong>Aten\u00e7\u00e3o!<\/strong> Em casas com apenas um quarto, os demais moradores devem dormir na sala, longe do paciente infectado.<\/p>\n<p><strong>Itens que precisam ser separados:<\/strong><\/p>\n<ul>\n<li>O lixo produzido pelo paciente contaminado precisa ser separado e descartado.<\/li>\n<li>Toalhas de banho, garfos, facas, colheres, copos e outros objetos usados pelo paciente.<\/li>\n<li>Sof\u00e1s e cadeiras tamb\u00e9m n\u00e3o podem ser compartilhados.<\/li>\n<li>Os m\u00f3veis da casa precisam ser limpos frequentemente com \u00e1gua sanit\u00e1ria ou \u00e1lcool 70%.<\/li>\n<\/ul>\n<p><strong>Condutas para a pessoa contaminada:<\/strong><\/p>\n<ul>\n<li>Utilize m\u00e1scara o tempo todo.<\/li>\n<li>Se for preciso cozinhar, use m\u00e1scara de prote\u00e7\u00e3o, cobrindo boca e nariz todo o tempo.<\/li>\n<li>Depois de usar o banheiro, nunca deixe de lavar as m\u00e3os com \u00e1gua e sab\u00e3o e sempre limpe vaso, pia e demais superf\u00edcies com \u00e1lcool ou \u00e1gua sanit\u00e1ria para desinfec\u00e7\u00e3o do ambiente.<\/li>\n<\/ul>\n<p><strong>Condutas de todos os moradores:<\/strong><\/p>\n<ul>\n<li>Se uma pessoa da casa tiver diagn\u00f3stico positivo, todos os moradores ficam em isolamento por 14 dias tamb\u00e9m.<\/li>\n<li>Caso outro familiar da casa tamb\u00e9m inicie os sintomas leves, ele deve reiniciar o isolamento de 14 dias. Se os sintomas forem graves, como dificuldade para respirar, ele deve procurar orienta\u00e7\u00e3o m\u00e9dica.<\/li>\n<\/ul>\n<\/td>\n<\/tr>\n<tr>\n<th bgcolor=\"#eeeeee\">\n<h3><strong>H\u00e1 riscos maiores para gr\u00e1vidas?<\/strong><\/h3>\n<\/th>\n<\/tr>\n<tr>\n<td>Ainda n\u00e3o existem dados espec\u00edficos, mas elas passam por mudan\u00e7as imunol\u00f3gicas que podem deix\u00e1-las mais vulner\u00e1veis.<\/td>\n<\/tr>\n<tr bgcolor=\"#eeeeee\">\n<th>\n<h3><strong>Posso frequentar est\u00e1dios, teatros, shoppings, shows, cinemas e igrejas?<\/strong><\/h3>\n<\/th>\n<\/tr>\n<tr>\n<td>\n<p>N\u00e3o \u00e9 recomendado, principalmente para quem tem mais de 60 anos, alguma doen\u00e7a cr\u00f4nica ou sintomas de doen\u00e7as respirat\u00f3rias.<\/p>\n<p>Os organizadores ou respons\u00e1veis por eventos de grande massa devem cancelar ou adiar, se houver tempo h\u00e1bil. N\u00e3o sendo poss\u00edvel, recomenda-se que o evento ocorra sem p\u00fablico. N\u00e3o sendo poss\u00edvel, os organizadores devem cumprir os requisitos previstos na Portaria n.\u00ba 1.139, de 10 de junho de 2013.<\/td>\n<\/tr>\n<tr bgcolor=\"#eeeeee\">\n<th>\n<h3><strong>Tenho uma empresa. O que devo fazer?<\/strong><\/h3>\n<\/th>\n<\/tr>\n<tr>\n<td>\n<ul>\n<li>Disponibilize locais para lavar as m\u00e3os com frequ\u00eancia, dispenser com \u00e1lcool em gel 70% e toalhas de papel descart\u00e1veis.<\/li>\n<li>Amplie a frequ\u00eancia de limpeza de pisos, corrim\u00e3os, ma\u00e7anetas e banheiros com \u00e1lcool 70% ou solu\u00e7\u00e3o de \u00e1gua sanit\u00e1ria.<\/li>\n<li>Incentive a realiza\u00e7\u00e3o de reuni\u00f5es virtuais, cancele viagens n\u00e3o essenciais e, se poss\u00edvel, fa\u00e7a um rod\u00edzio com os funcion\u00e1rios e permita o trabalho remoto (home office).<\/li>\n<li>Adote hor\u00e1rios alternativos para entrada dos funcion\u00e1rios e fa\u00e7a escalas de forma que n\u00e3o estejam todos ao mesmo tempo no local.<\/li>\n<li>Funcion\u00e1rios doentes devem ficar em casa. Facilite a comprova\u00e7\u00e3o do atestado, evitando que eles compare\u00e7am \u00e0 empresa.<\/li>\n<li>Caso necessite de material de orienta\u00e7\u00e3o para preven\u00e7\u00e3o do v\u00edrus, acesse saude.gov.br\/coronavirus<\/li>\n<\/ul>\n<\/td>\n<\/tr>\n<tr bgcolor=\"#eeeeee\">\n<th>\n<h3><strong>Quais as orienta\u00e7\u00f5es para as institui\u00e7\u00f5es de ensino?<\/strong><\/h3>\n<\/th>\n<\/tr>\n<tr>\n<td>Planeje antecipa\u00e7\u00e3o das f\u00e9rias, visando reduzir o preju\u00edzo do calend\u00e1rio escolar, ou utilize ferramentas de ensino a dist\u00e2ncia.<\/td>\n<\/tr>\n<tr bgcolor=\"#eeeeee\">\n<th>\n<h3><strong>Tem algum risco em andar de t\u00e1xi, metr\u00f4, trem e \u00f4nibus?<\/strong><\/h3>\n<\/th>\n<\/tr>\n<tr>\n<td>Recomenda-se evitar. Se n\u00e3o puder, evite hor\u00e1rio de pico, tente manter uma dist\u00e2ncia segura de uma pessoa para outra e redobre os cuidados com a higiene.<\/td>\n<\/tr>\n<tr bgcolor=\"#eeeeee\">\n<th>\n<h3><strong>Vitaminas D e C ou \u00e1gua com lim\u00e3o previnem o coronav\u00edrus (COVID-19)? <\/strong><\/h3>\n<\/th>\n<\/tr>\n<tr>\n<td>Nenhuma delas. N\u00e3o existe vitamina, terapia alternativa ou rem\u00e9dio licenciado capaz de evitar o cont\u00e1gio ou tratar a doen\u00e7a.<\/td>\n<\/tr>\n<tr bgcolor=\"#eeeeee\">\n<th>\n<h3><strong>Animais de estima\u00e7\u00e3o transmitem coronav\u00edrus (COVID-19)?<\/strong><\/h3>\n<\/th>\n<\/tr>\n<tr>\n<td>Ainda n\u00e3o existem evid\u00eancias nesse sentido.<\/td>\n<\/tr>\n<tr bgcolor=\"#eeeeee\">\n<th>\n<h3><strong>O Brasil est\u00e1 preparado para enfrentar o coronav\u00edrus (COVID-19)?<\/strong><\/h3>\n<\/th>\n<\/tr>\n<tr>\n<td>\n<p>Antes mesmo da Organiza\u00e7\u00e3o Mundial de Sa\u00fade (OMS) confirmar a epidemia na China, o Brasil j\u00e1 havia identificado o surto.<\/p>\n<p>Diante deste cen\u00e1rio, foram realizados boletins epidemiol\u00f3gicos di\u00e1rios, materiais para a vigil\u00e2ncia, instru\u00e7\u00f5es de procedimentos da doen\u00e7a e fortalecimento da rede laboratorial.<\/p>\n<p>Al\u00e9m disso, foi criado um site (saude.gov.br\/coronavirus) para esclarecer as d\u00favidas da popula\u00e7\u00e3o e de profissionais de sa\u00fade.<\/p>\n<p>Nosso pa\u00eds possui um Plano de Conting\u00eancia em todo o territ\u00f3rio nacional que prev\u00ea a\u00e7\u00f5es para uma transmiss\u00e3o da doen\u00e7a local ou ampliada, de acordo com as medidas previstas pelo protocolo mundial.<\/td>\n<\/tr>\n<\/tbody>\n<\/table>\n<h2><strong>Tem recebido muitas not\u00edcias sobre a COVID-19?<\/strong><\/h2>\n<p>Para evitar que mentiras sobre o coronav\u00edrus (COVID-19) se espalhem, confirme se as mensagens s\u00e3o verdadeiras antes de repass\u00e1-las.<br \/>\nProcure o canal Sa\u00fade Sem Fake News, no endere\u00e7o <a href=\"http:\/\/www.saude.gov.br\/fakenews\" target=\"_blank\" rel=\"noopener noreferrer\">saude.gov.br\/fakenews<\/a>. L\u00e1, voc\u00ea encontrar\u00e1 respostas oficiais e atualizadas. Caso n\u00e3o encontre sua d\u00favida no site, envie uma mensagem para o WhatsApp: (61) 99289-4640.<\/p>\n<\/div>\n<\/div>\n","protected":false},"excerpt":{"rendered":"<p>Informa\u00e7\u00f5es Aqui divulgaremos as principais informa\u00e7\u00f5es sobre o COVID-19. O que \u00e9 coronav\u00edrus? (COVID-19) Em dezembro de 2019, um surto local de pneumonia de causa inicialmente desconhecida foi detectado em Wuhan (Hubei, China) e foi rapidamente determinado ser causado por um novo coronav\u00edrus, ou seja, coronav\u00edrus 2 da s\u00edndrome respirat\u00f3ria aguda grave (SARS-CoV-2).\u00a0 Da\u00ed sua &hellip; <a href=\"https:\/\/wp.ufpel.edu.br\/cidadeecidadania\/informacoes\/\" class=\"more-link\">Continue lendo <span class=\"screen-reader-text\">Informa\u00e7\u00f5es<\/span> <span class=\"meta-nav\">&rarr;<\/span><\/a><\/p>\n","protected":false},"author":486,"featured_media":0,"parent":0,"menu_order":0,"comment_status":"closed","ping_status":"closed","template":"","meta":{"jetpack_post_was_ever_published":false,"footnotes":""},"class_list":["post-375","page","type-page","status-publish","hentry"],"jetpack_sharing_enabled":true,"jetpack_shortlink":"https:\/\/wp.me\/P6seGU-63","_links":{"self":[{"href":"https:\/\/wp.ufpel.edu.br\/cidadeecidadania\/wp-json\/wp\/v2\/pages\/375","targetHints":{"allow":["GET"]}}],"collection":[{"href":"https:\/\/wp.ufpel.edu.br\/cidadeecidadania\/wp-json\/wp\/v2\/pages"}],"about":[{"href":"https:\/\/wp.ufpel.edu.br\/cidadeecidadania\/wp-json\/wp\/v2\/types\/page"}],"author":[{"embeddable":true,"href":"https:\/\/wp.ufpel.edu.br\/cidadeecidadania\/wp-json\/wp\/v2\/users\/486"}],"replies":[{"embeddable":true,"href":"https:\/\/wp.ufpel.edu.br\/cidadeecidadania\/wp-json\/wp\/v2\/comments?post=375"}],"version-history":[{"count":1,"href":"https:\/\/wp.ufpel.edu.br\/cidadeecidadania\/wp-json\/wp\/v2\/pages\/375\/revisions"}],"predecessor-version":[{"id":378,"href":"https:\/\/wp.ufpel.edu.br\/cidadeecidadania\/wp-json\/wp\/v2\/pages\/375\/revisions\/378"}],"wp:attachment":[{"href":"https:\/\/wp.ufpel.edu.br\/cidadeecidadania\/wp-json\/wp\/v2\/media?parent=375"}],"curies":[{"name":"wp","href":"https:\/\/api.w.org\/{rel}","templated":true}]}}