{"id":337,"date":"2020-04-08T17:50:05","date_gmt":"2020-04-08T20:50:05","guid":{"rendered":"https:\/\/wp.ufpel.edu.br\/cidadeecidadania\/?page_id=337"},"modified":"2020-04-08T17:52:09","modified_gmt":"2020-04-08T20:52:09","slug":"situacao-brasil","status":"publish","type":"page","link":"https:\/\/wp.ufpel.edu.br\/cidadeecidadania\/situacao-brasil\/","title":{"rendered":"Situa\u00e7\u00e3o Brasil"},"content":{"rendered":"<p>Aqui voc\u00ea acompanha as \u00faltimas informa\u00e7\u00f5es sobre o COVID-19 no Brasil<\/p>\n<h6 style=\"text-align: center\"><a href=\"https:\/\/saude.gov.br\/\" target=\"_blank\" rel=\"noopener noreferrer\">Brasil &#8211; Minist\u00e9rio da Sa\u00fade<\/a><a href=\"https:\/\/wp.ufpel.edu.br\/cidadeecidadania\/files\/2020\/04\/banner-coronavirus.png\"><img loading=\"lazy\" decoding=\"async\" class=\"aligncenter size-medium wp-image-343\" src=\"https:\/\/wp.ufpel.edu.br\/cidadeecidadania\/files\/2020\/04\/banner-coronavirus-424x44.png\" alt=\"\" width=\"424\" height=\"44\" srcset=\"https:\/\/wp.ufpel.edu.br\/cidadeecidadania\/files\/2020\/04\/banner-coronavirus-424x44.png 424w, https:\/\/wp.ufpel.edu.br\/cidadeecidadania\/files\/2020\/04\/banner-coronavirus-212x22.png 212w, https:\/\/wp.ufpel.edu.br\/cidadeecidadania\/files\/2020\/04\/banner-coronavirus-768x80.png 768w, https:\/\/wp.ufpel.edu.br\/cidadeecidadania\/files\/2020\/04\/banner-coronavirus.png 1347w\" sizes=\"auto, (max-width: 424px) 100vw, 424px\" \/><\/a><\/h6>\n<h6 style=\"text-align: center\"><a href=\"http:\/\/covid19.fct.unesp.br\/\" target=\"_blank\" rel=\"noopener noreferrer\">S\u00e3o Paulo &#8211; Radar COVID-19 UNESP &#8211; Presidente Prudente <\/a><a href=\"https:\/\/wp.ufpel.edu.br\/cidadeecidadania\/files\/2020\/04\/radar-icon.jpg\"><img loading=\"lazy\" decoding=\"async\" class=\"aligncenter  wp-image-341\" src=\"https:\/\/wp.ufpel.edu.br\/cidadeecidadania\/files\/2020\/04\/radar-icon-318x318.jpg\" alt=\"\" width=\"157\" height=\"157\" srcset=\"https:\/\/wp.ufpel.edu.br\/cidadeecidadania\/files\/2020\/04\/radar-icon-318x318.jpg 318w, https:\/\/wp.ufpel.edu.br\/cidadeecidadania\/files\/2020\/04\/radar-icon-159x159.jpg 159w, https:\/\/wp.ufpel.edu.br\/cidadeecidadania\/files\/2020\/04\/radar-icon-768x768.jpg 768w, https:\/\/wp.ufpel.edu.br\/cidadeecidadania\/files\/2020\/04\/radar-icon.jpg 1280w\" sizes=\"auto, (max-width: 157px) 100vw, 157px\" \/><\/a><\/h6>\n<p>&nbsp;<\/p>\n","protected":false},"excerpt":{"rendered":"<p>Aqui voc\u00ea acompanha as \u00faltimas informa\u00e7\u00f5es sobre o COVID-19 no Brasil Brasil &#8211; Minist\u00e9rio da Sa\u00fade S\u00e3o Paulo &#8211; Radar COVID-19 UNESP &#8211; Presidente Prudente &nbsp;<\/p>\n","protected":false},"author":486,"featured_media":0,"parent":0,"menu_order":0,"comment_status":"closed","ping_status":"closed","template":"","meta":{"jetpack_post_was_ever_published":false,"footnotes":""},"class_list":["post-337","page","type-page","status-publish","hentry"],"jetpack_sharing_enabled":true,"jetpack_shortlink":"https:\/\/wp.me\/P6seGU-5r","_links":{"self":[{"href":"https:\/\/wp.ufpel.edu.br\/cidadeecidadania\/wp-json\/wp\/v2\/pages\/337","targetHints":{"allow":["GET"]}}],"collection":[{"href":"https:\/\/wp.ufpel.edu.br\/cidadeecidadania\/wp-json\/wp\/v2\/pages"}],"about":[{"href":"https:\/\/wp.ufpel.edu.br\/cidadeecidadania\/wp-json\/wp\/v2\/types\/page"}],"author":[{"embeddable":true,"href":"https:\/\/wp.ufpel.edu.br\/cidadeecidadania\/wp-json\/wp\/v2\/users\/486"}],"replies":[{"embeddable":true,"href":"https:\/\/wp.ufpel.edu.br\/cidadeecidadania\/wp-json\/wp\/v2\/comments?post=337"}],"version-history":[{"count":4,"href":"https:\/\/wp.ufpel.edu.br\/cidadeecidadania\/wp-json\/wp\/v2\/pages\/337\/revisions"}],"predecessor-version":[{"id":345,"href":"https:\/\/wp.ufpel.edu.br\/cidadeecidadania\/wp-json\/wp\/v2\/pages\/337\/revisions\/345"}],"wp:attachment":[{"href":"https:\/\/wp.ufpel.edu.br\/cidadeecidadania\/wp-json\/wp\/v2\/media?parent=337"}],"curies":[{"name":"wp","href":"https:\/\/api.w.org\/{rel}","templated":true}]}}