{"id":332,"date":"2020-04-08T17:35:17","date_gmt":"2020-04-08T20:35:17","guid":{"rendered":"https:\/\/wp.ufpel.edu.br\/cidadeecidadania\/?page_id=332"},"modified":"2020-04-13T18:18:38","modified_gmt":"2020-04-13T21:18:38","slug":"estudos-de-caso","status":"publish","type":"page","link":"https:\/\/wp.ufpel.edu.br\/cidadeecidadania\/estudos-de-caso\/","title":{"rendered":"Estudos de Caso"},"content":{"rendered":"<p><span style=\"font-family: arial, helvetica, sans-serif\">Nesta se\u00e7\u00e3o voc\u00ea encontra artigos elaborados pelo Grupo de Estudos &#8220;<strong>COVID-19\/Estudos Geogr\u00e1ficos\/ LEUR<\/strong>&#8221; e outros.<\/span><\/p>\n<p><span style=\"font-family: arial, helvetica, sans-serif\">Leia importante material sobre a Estrat\u00e9gia de Enfrentamento do COVID-19 em Pelotas.<\/span><\/p>\n<h5><span style=\"font-family: arial, helvetica, sans-serif\">Baixe <a href=\"https:\/\/wp.ufpel.edu.br\/cidadeecidadania\/files\/2020\/04\/Estrategia-enfrentamento-covid-19.pdf\">Estrategia de enfrentamento Covid 19<\/a> Prefeitura Municipal de Pelotas<\/span><\/h5>\n<h5><span style=\"font-family: arial, helvetica, sans-serif\">Acesse a disserta\u00e7\u00e3o <a href=\"http:\/\/argo.furg.br\/?RG001311669\" target=\"_blank\" rel=\"noopener noreferrer\">&#8220;\u00d3bitos por doen\u00e7as respirat\u00f3rias em Pelotas\/RS: uma abordagem geogr\u00e1fica&#8221;<\/a> de Mateus Cabreira Marzullo.<\/span><\/h5>\n<p>&nbsp;<\/p>\n","protected":false},"excerpt":{"rendered":"<p>Nesta se\u00e7\u00e3o voc\u00ea encontra artigos elaborados pelo Grupo de Estudos &#8220;COVID-19\/Estudos Geogr\u00e1ficos\/ LEUR&#8221; e outros. Leia importante material sobre a Estrat\u00e9gia de Enfrentamento do COVID-19 em Pelotas. Baixe Estrategia de enfrentamento Covid 19 Prefeitura Municipal de Pelotas Acesse a disserta\u00e7\u00e3o &#8220;\u00d3bitos por doen\u00e7as respirat\u00f3rias em Pelotas\/RS: uma abordagem geogr\u00e1fica&#8221; de Mateus Cabreira Marzullo. &nbsp;<\/p>\n","protected":false},"author":486,"featured_media":0,"parent":0,"menu_order":0,"comment_status":"closed","ping_status":"closed","template":"","meta":{"jetpack_post_was_ever_published":false,"footnotes":""},"class_list":["post-332","page","type-page","status-publish","hentry"],"jetpack_sharing_enabled":true,"jetpack_shortlink":"https:\/\/wp.me\/P6seGU-5m","_links":{"self":[{"href":"https:\/\/wp.ufpel.edu.br\/cidadeecidadania\/wp-json\/wp\/v2\/pages\/332","targetHints":{"allow":["GET"]}}],"collection":[{"href":"https:\/\/wp.ufpel.edu.br\/cidadeecidadania\/wp-json\/wp\/v2\/pages"}],"about":[{"href":"https:\/\/wp.ufpel.edu.br\/cidadeecidadania\/wp-json\/wp\/v2\/types\/page"}],"author":[{"embeddable":true,"href":"https:\/\/wp.ufpel.edu.br\/cidadeecidadania\/wp-json\/wp\/v2\/users\/486"}],"replies":[{"embeddable":true,"href":"https:\/\/wp.ufpel.edu.br\/cidadeecidadania\/wp-json\/wp\/v2\/comments?post=332"}],"version-history":[{"count":5,"href":"https:\/\/wp.ufpel.edu.br\/cidadeecidadania\/wp-json\/wp\/v2\/pages\/332\/revisions"}],"predecessor-version":[{"id":383,"href":"https:\/\/wp.ufpel.edu.br\/cidadeecidadania\/wp-json\/wp\/v2\/pages\/332\/revisions\/383"}],"wp:attachment":[{"href":"https:\/\/wp.ufpel.edu.br\/cidadeecidadania\/wp-json\/wp\/v2\/media?parent=332"}],"curies":[{"name":"wp","href":"https:\/\/api.w.org\/{rel}","templated":true}]}}