{"id":322,"date":"2020-04-08T17:14:02","date_gmt":"2020-04-08T20:14:02","guid":{"rendered":"https:\/\/wp.ufpel.edu.br\/cidadeecidadania\/?page_id=322"},"modified":"2021-07-15T14:33:02","modified_gmt":"2021-07-15T17:33:02","slug":"situacao-pelotas","status":"publish","type":"page","link":"https:\/\/wp.ufpel.edu.br\/cidadeecidadania\/situacao-pelotas\/","title":{"rendered":"Situa\u00e7\u00e3o Pelotas"},"content":{"rendered":"<p>A Prefeitura Municipal de Pelotas mant\u00e9m um Boletim di\u00e1rio com atualiza\u00e7\u00f5es sobre o n\u00famero de casos testados no munic\u00edpio de Pelotas, RS.<\/p>\n<p>Os \u00faltimos Boletins podem ser visualizados na respectiva p\u00e1gina.<\/p>\n<h6><a href=\"http:\/\/www.pelotas.com.br\/coronavirus\" target=\"_blank\" rel=\"noopener noreferrer\">&#8220;Pelotas Contra o Coronavirus&#8221; pode ser acessado AQUI.<\/a><\/h6>\n<p><strong><a href=\"http:\/\/painel-covid.pelotas.com.br\/\" target=\"_blank\" rel=\"noopener\">Voc\u00ea pode acessar o &#8220;Painel Covid-19 &#8211; Pelotas&#8221; diretamente AQUI<\/a><\/strong><\/p>\n<p>Leia importante material sobre a Estrat\u00e9gia de Enfrentamento do COVID-19 em Pelotas.<\/p>\n<h6>Baixe <a href=\"https:\/\/wp.ufpel.edu.br\/cidadeecidadania\/files\/2020\/04\/Estrategia-enfrentamento-covid-19.pdf\">Estrategia de enfrentamento Covid 19<\/a> Prefeitura Municipal de Pelotas<\/h6>\n<p>&nbsp;<\/p>\n<p>&nbsp;<\/p>\n","protected":false},"excerpt":{"rendered":"<p>A Prefeitura Municipal de Pelotas mant\u00e9m um Boletim di\u00e1rio com atualiza\u00e7\u00f5es sobre o n\u00famero de casos testados no munic\u00edpio de Pelotas, RS. Os \u00faltimos Boletins podem ser visualizados na respectiva p\u00e1gina. &#8220;Pelotas Contra o Coronavirus&#8221; pode ser acessado AQUI. Voc\u00ea pode acessar o &#8220;Painel Covid-19 &#8211; Pelotas&#8221; diretamente AQUI Leia importante material sobre a Estrat\u00e9gia &hellip; <a href=\"https:\/\/wp.ufpel.edu.br\/cidadeecidadania\/situacao-pelotas\/\" class=\"more-link\">Continue lendo <span class=\"screen-reader-text\">Situa\u00e7\u00e3o Pelotas<\/span> <span class=\"meta-nav\">&rarr;<\/span><\/a><\/p>\n","protected":false},"author":486,"featured_media":0,"parent":0,"menu_order":0,"comment_status":"closed","ping_status":"closed","template":"","meta":{"jetpack_post_was_ever_published":false,"footnotes":""},"class_list":["post-322","page","type-page","status-publish","hentry"],"jetpack_sharing_enabled":true,"jetpack_shortlink":"https:\/\/wp.me\/P6seGU-5c","_links":{"self":[{"href":"https:\/\/wp.ufpel.edu.br\/cidadeecidadania\/wp-json\/wp\/v2\/pages\/322","targetHints":{"allow":["GET"]}}],"collection":[{"href":"https:\/\/wp.ufpel.edu.br\/cidadeecidadania\/wp-json\/wp\/v2\/pages"}],"about":[{"href":"https:\/\/wp.ufpel.edu.br\/cidadeecidadania\/wp-json\/wp\/v2\/types\/page"}],"author":[{"embeddable":true,"href":"https:\/\/wp.ufpel.edu.br\/cidadeecidadania\/wp-json\/wp\/v2\/users\/486"}],"replies":[{"embeddable":true,"href":"https:\/\/wp.ufpel.edu.br\/cidadeecidadania\/wp-json\/wp\/v2\/comments?post=322"}],"version-history":[{"count":8,"href":"https:\/\/wp.ufpel.edu.br\/cidadeecidadania\/wp-json\/wp\/v2\/pages\/322\/revisions"}],"predecessor-version":[{"id":450,"href":"https:\/\/wp.ufpel.edu.br\/cidadeecidadania\/wp-json\/wp\/v2\/pages\/322\/revisions\/450"}],"wp:attachment":[{"href":"https:\/\/wp.ufpel.edu.br\/cidadeecidadania\/wp-json\/wp\/v2\/media?parent=322"}],"curies":[{"name":"wp","href":"https:\/\/api.w.org\/{rel}","templated":true}]}}