{"id":316,"date":"2020-04-08T16:47:44","date_gmt":"2020-04-08T19:47:44","guid":{"rendered":"https:\/\/wp.ufpel.edu.br\/cidadeecidadania\/?page_id=316"},"modified":"2020-04-08T18:24:16","modified_gmt":"2020-04-08T21:24:16","slug":"situacao-rs","status":"publish","type":"page","link":"https:\/\/wp.ufpel.edu.br\/cidadeecidadania\/situacao-rs\/","title":{"rendered":"Situa\u00e7\u00e3o RS"},"content":{"rendered":"<p>O site da Secretaria Estadual da Sa\u00fade do Rio Grande do Sul mant\u00e9m informa\u00e7\u00f5es atualizadas sobre a ocorr\u00eancia do Novo Coronavirus (COVID-19) no estado do Rio Grande do Sul<\/p>\n<h6><a href=\"http:\/\/ti.saude.rs.gov.br\/covid19\/\" target=\"_blank\" rel=\"noopener noreferrer\"><strong>Veja AQUI\u00a0 as informa\u00e7\u00f5es atualizadas no Rio Grande do Sul<\/strong><\/a><\/h6>\n<p>Resultado da iniciativa dos professores Ricardo Dagnino, Eliseu Weber e Lucas Panitz, da UNIVERSIDADE FEDERAL DO RIO GRANDE DO SUL &#8211; Litoral, foi criado o &#8220;Painel de casos do CoronaVirus (Covid-19) nos munic\u00edpios do Rio Grande do Sul&#8221;, que pode ser acessado n link seguinte.<\/p>\n<h6><a href=\"https:\/\/www.ufrgs.br\/sig\/mapas\/covid19-rs\/\" target=\"_blank\" rel=\"noopener noreferrer\">Painel de Casos do Corona Virus RS \/ UFRGS<\/a> <a href=\"https:\/\/www.ufrgs.br\/sig\/mapas\/covid19-rs\/\" target=\"_blank\" rel=\"noopener noreferrer\">&#8211; Litoral<\/a><\/h6>\n","protected":false},"excerpt":{"rendered":"<p>O site da Secretaria Estadual da Sa\u00fade do Rio Grande do Sul mant\u00e9m informa\u00e7\u00f5es atualizadas sobre a ocorr\u00eancia do Novo Coronavirus (COVID-19) no estado do Rio Grande do Sul Veja AQUI\u00a0 as informa\u00e7\u00f5es atualizadas no Rio Grande do Sul Resultado da iniciativa dos professores Ricardo Dagnino, Eliseu Weber e Lucas Panitz, da UNIVERSIDADE FEDERAL DO &hellip; <a href=\"https:\/\/wp.ufpel.edu.br\/cidadeecidadania\/situacao-rs\/\" class=\"more-link\">Continue lendo <span class=\"screen-reader-text\">Situa\u00e7\u00e3o RS<\/span> <span class=\"meta-nav\">&rarr;<\/span><\/a><\/p>\n","protected":false},"author":486,"featured_media":0,"parent":0,"menu_order":0,"comment_status":"closed","ping_status":"closed","template":"","meta":{"jetpack_post_was_ever_published":false,"footnotes":""},"class_list":["post-316","page","type-page","status-publish","hentry"],"jetpack_sharing_enabled":true,"jetpack_shortlink":"https:\/\/wp.me\/P6seGU-56","_links":{"self":[{"href":"https:\/\/wp.ufpel.edu.br\/cidadeecidadania\/wp-json\/wp\/v2\/pages\/316","targetHints":{"allow":["GET"]}}],"collection":[{"href":"https:\/\/wp.ufpel.edu.br\/cidadeecidadania\/wp-json\/wp\/v2\/pages"}],"about":[{"href":"https:\/\/wp.ufpel.edu.br\/cidadeecidadania\/wp-json\/wp\/v2\/types\/page"}],"author":[{"embeddable":true,"href":"https:\/\/wp.ufpel.edu.br\/cidadeecidadania\/wp-json\/wp\/v2\/users\/486"}],"replies":[{"embeddable":true,"href":"https:\/\/wp.ufpel.edu.br\/cidadeecidadania\/wp-json\/wp\/v2\/comments?post=316"}],"version-history":[{"count":5,"href":"https:\/\/wp.ufpel.edu.br\/cidadeecidadania\/wp-json\/wp\/v2\/pages\/316\/revisions"}],"predecessor-version":[{"id":358,"href":"https:\/\/wp.ufpel.edu.br\/cidadeecidadania\/wp-json\/wp\/v2\/pages\/316\/revisions\/358"}],"wp:attachment":[{"href":"https:\/\/wp.ufpel.edu.br\/cidadeecidadania\/wp-json\/wp\/v2\/media?parent=316"}],"curies":[{"name":"wp","href":"https:\/\/api.w.org\/{rel}","templated":true}]}}