{"id":358,"date":"2017-11-09T11:34:14","date_gmt":"2017-11-09T13:34:14","guid":{"rendered":"https:\/\/wp.ufpel.edu.br\/cid\/?page_id=358"},"modified":"2019-12-06T16:06:09","modified_gmt":"2019-12-06T19:06:09","slug":"relatorias-ccice","status":"publish","type":"page","link":"https:\/\/wp.ufpel.edu.br\/cid\/relatorias-ccice\/","title":{"rendered":"Relat\u00f3rios CCICE"},"content":{"rendered":"<p><span style=\"font-family: arial, helvetica, sans-serif;font-size: 14pt\"><strong>Relat\u00f3rios CCICE 2018-1 SISU e PAVE<\/strong><\/span><\/p>\n<p><span style=\"font-family: arial, helvetica, sans-serif\">Chamada Regular PAVE 2018-1<\/span><\/p>\n<p><span style=\"font-family: arial, helvetica, sans-serif\"><a href=\"https:\/\/wp.ufpel.edu.br\/cid\/files\/2018\/02\/relat\u00f3rio-PAVE-_parecer_cotas_Preliminar-2018-1-08-e-09-de-fev-2018.pdf\">Relat\u00f3rio Preliminar PAVE 2018\/1_parecer_cotas_\u00c9tnico-Raciais (08 e 09 fev 2018)<\/a><\/span><\/p>\n<p>&nbsp;<\/p>\n<p><span style=\"font-family: arial, helvetica, sans-serif\"><strong><span style=\"font-family: arial, helvetica, sans-serif\">R<\/span>elat\u00f3rios CCICE 2017-2<\/strong><\/span><\/p>\n<p><strong><span style=\"font-family: arial, helvetica, sans-serif\">Primeira Convoca\u00e7\u00e3o<\/span><\/strong><\/p>\n<p><span style=\"font-family: arial, helvetica, sans-serif\"><a href=\"https:\/\/wp.ufpel.edu.br\/cid\/files\/2017\/06\/Relat\u00f3rio-Preliminar-Cotas-\u00c9TNICO-RACIAIS-Primeira-Convoca\u00e7\u00e3o-2017-2-entre-os-dias-17-18-e-19-julho.pdf\">Relat\u00f3rio Preliminar Cotas <\/a><a href=\"https:\/\/wp.ufpel.edu.br\/cid\/files\/2017\/07\/Relat\u00f3rio-Final-Cotas-Etnico-Raciais-Chamada-Regular-2017-2.pdf\"> Etnico Raciais<\/a><a href=\"https:\/\/wp.ufpel.edu.br\/cid\/files\/2017\/06\/Relat\u00f3rio-Preliminar-Cotas-\u00c9TNICO-RACIAIS-Primeira-Convoca\u00e7\u00e3o-2017-2-entre-os-dias-17-18-e-19-julho.pdf\"> Primeira Convoca\u00e7\u00e3o 2017-2 entre os dias 17 18 e 19 julho<\/a><\/span><\/p>\n<p>&nbsp;<\/p>\n<p><strong><span style=\"font-family: arial, helvetica, sans-serif\">Segunda Convoca\u00e7\u00e3o<\/span><\/strong><\/p>\n<p><span style=\"font-family: arial, helvetica, sans-serif\"><a href=\"https:\/\/wp.ufpel.edu.br\/cid\/files\/2018\/01\/Relat\u00f3rio-Preliminar-das-Cotas-\u00c9tnico-Raciais-\u2013-Segunda-Convoca\u00e7\u00e3o-\u2013-28-de-Julho-de-2017-\u2013-Edital-0132017-02-Lista-de-Espera.pdf\">Relat\u00f3rio Preliminar das Cotas \u00c9tnico-Raciais \u2013 Segunda Convoca\u00e7\u00e3o \u2013 28 de Julho de 2017 \u2013 Edital 0132017-02 Lista de Espera<\/a><\/span><\/p>\n<p>&nbsp;<\/p>\n<p><strong><span style=\"font-family: arial, helvetica, sans-serif\">Terceira Convoca\u00e7\u00e3o<\/span><\/strong><\/p>\n<p><span style=\"font-family: arial, helvetica, sans-serif\"><a href=\"https:\/\/wp.ufpel.edu.br\/cid\/files\/2017\/06\/Relat\u00f3rio-Preliminar-das-Cotas-\u00c9tnico-Raciais-\u2013-Terceira-Convoca\u00e7\u00e3o-\u2013-10-de-agosto-de-2017-\u2013-Edital-0132017-02-Lista-de-Espera.pdf\">Relat\u00f3rio Preliminar das Cotas \u00c9tnico-Raciais \u2013 Terceira Convoca\u00e7\u00e3o \u2013 10 de agosto de 2017 \u2013 Edital 0132017-02 Lista de Espera<\/a><\/span><\/p>\n<p>&nbsp;<\/p>\n<p><strong><span style=\"font-family: arial, helvetica, sans-serif\">Quarta Convoca\u00e7\u00e3o<\/span><\/strong><\/p>\n<p><span style=\"font-family: arial, helvetica, sans-serif\"><a href=\"https:\/\/wp.ufpel.edu.br\/cid\/files\/2017\/07\/Relat\u00f3rio-Preliminar-das-Cotas-\u00c9tnico-Raciais-\u2013-Quarta-Convoca\u00e7\u00e3o-\u2013-24-de-agosto-de-2017-\u2013-Edital-0132017-02-Lista-de-Espera.pdf\">Relat\u00f3rio Preliminar das Cotas \u00c9tnico-Raciais \u2013 Quarta Convoca\u00e7\u00e3o \u2013 24 de agosto de 2017 \u2013 Edital 0132017-02 Lista de Espera<\/a><\/span><\/p>\n<p>&nbsp;<\/p>\n<p><strong><span style=\"font-family: arial, helvetica, sans-serif\">Quinta Convoca\u00e7\u00e3o<\/span><\/strong><\/p>\n<p><span style=\"font-family: arial, helvetica, sans-serif\"><a href=\"https:\/\/wp.ufpel.edu.br\/cid\/files\/2017\/06\/Relat\u00f3rio-Preliminar-das-Cotas-\u00c9tnico-Raciais-\u2013-Quinta-Convoca\u00e7\u00e3o-\u2013-18-de-setembro-de-2017-\u2013-Edital-013-2017-02-Lista-de-Espera.pdf\">Relat\u00f3rio Preliminar das Cotas \u00c9tnico-Raciais \u2013 Quinta Convoca\u00e7\u00e3o \u2013 18 de setembro de 2017 \u2013 Edital 013-2017-02 Lista de Espera<\/a><\/span><\/p>\n<p>&nbsp;<\/p>\n<p><strong><span style=\"font-family: arial, helvetica, sans-serif\">Sexta Convoca\u00e7\u00e3o<\/span><\/strong><\/p>\n<p><span style=\"font-family: arial, helvetica, sans-serif\"><a href=\"https:\/\/wp.ufpel.edu.br\/cid\/files\/2017\/06\/Relat\u00f3rio-Final-das-Cotas-\u00c9tnico-Raciais-\u2013-Sexta-Convoca\u00e7\u00e3o-\u2013-4-de-outubro-de-2017-\u2013-Edital-013-2017-02-Lista-de-Espera.pdf\">Relat\u00f3rio Final das Cotas \u00c9tnico-Raciais \u2013 Sexta Convoca\u00e7\u00e3o \u2013 4 de outubro de 2017 \u2013 Edital 013-2017-02 Lista de Espera<\/a><\/span><\/p>\n<p>&nbsp;<\/p>\n<p><span style=\"font-family: arial, helvetica, sans-serif\"><strong>S\u00e9tima Convoca\u00e7\u00e3o<\/strong><\/span><\/p>\n<p><span style=\"font-family: arial, helvetica, sans-serif\"><a href=\"https:\/\/wp.ufpel.edu.br\/cid\/files\/2017\/06\/Relat\u00f3rio-Final-das-Cotas-\u00c9tnico-Raciais-\u2013-S\u00e9tima-Convoca\u00e7\u00e3o-\u2013-9-de-outubro-de-2017-\u2013-Edital-013-2017-02-Lista-de-Espera.pdf\">Relat\u00f3rio Final das Cotas \u00c9tnico-Raciais \u2013 S\u00e9tima Convoca\u00e7\u00e3o \u2013 9 de outubro de 2017 \u2013 Edital 013-2017-02 Lista de Espera<\/a><\/span><\/p>\n<p>&nbsp;<\/p>\n<p><span style=\"font-family: arial, helvetica, sans-serif\"><strong>Oitava Convoca\u00e7\u00e3o<\/strong><\/span><\/p>\n<p><span style=\"font-family: arial, helvetica, sans-serif\">Os candidatos n\u00e3o compareceram<\/span><\/p>\n<p>&nbsp;<\/p>\n","protected":false},"excerpt":{"rendered":"<p>Relat\u00f3rios CCICE 2018-1 SISU e PAVE Chamada Regular PAVE 2018-1 Relat\u00f3rio Preliminar PAVE 2018\/1_parecer_cotas_\u00c9tnico-Raciais (08 e 09 fev 2018) &nbsp; Relat\u00f3rios CCICE 2017-2 Primeira Convoca\u00e7\u00e3o Relat\u00f3rio Preliminar Cotas Etnico Raciais Primeira Convoca\u00e7\u00e3o 2017-2 entre os dias 17 18 e 19 julho &nbsp; Segunda Convoca\u00e7\u00e3o Relat\u00f3rio Preliminar das Cotas \u00c9tnico-Raciais \u2013 Segunda Convoca\u00e7\u00e3o \u2013 28 de [&hellip;]<\/p>\n","protected":false},"author":766,"featured_media":0,"parent":0,"menu_order":0,"comment_status":"closed","ping_status":"closed","template":"","meta":{"footnotes":""},"class_list":["post-358","page","type-page","status-publish","hentry"],"_links":{"self":[{"href":"https:\/\/wp.ufpel.edu.br\/cid\/wp-json\/wp\/v2\/pages\/358","targetHints":{"allow":["GET"]}}],"collection":[{"href":"https:\/\/wp.ufpel.edu.br\/cid\/wp-json\/wp\/v2\/pages"}],"about":[{"href":"https:\/\/wp.ufpel.edu.br\/cid\/wp-json\/wp\/v2\/types\/page"}],"author":[{"embeddable":true,"href":"https:\/\/wp.ufpel.edu.br\/cid\/wp-json\/wp\/v2\/users\/766"}],"replies":[{"embeddable":true,"href":"https:\/\/wp.ufpel.edu.br\/cid\/wp-json\/wp\/v2\/comments?post=358"}],"version-history":[{"count":16,"href":"https:\/\/wp.ufpel.edu.br\/cid\/wp-json\/wp\/v2\/pages\/358\/revisions"}],"predecessor-version":[{"id":728,"href":"https:\/\/wp.ufpel.edu.br\/cid\/wp-json\/wp\/v2\/pages\/358\/revisions\/728"}],"wp:attachment":[{"href":"https:\/\/wp.ufpel.edu.br\/cid\/wp-json\/wp\/v2\/media?parent=358"}],"curies":[{"name":"wp","href":"https:\/\/api.w.org\/{rel}","templated":true}]}}