{"id":277,"date":"2017-10-19T20:52:49","date_gmt":"2017-10-19T22:52:49","guid":{"rendered":"https:\/\/wp.ufpel.edu.br\/cid\/?page_id=277"},"modified":"2017-12-29T08:12:01","modified_gmt":"2017-12-29T10:12:01","slug":"eventos","status":"publish","type":"page","link":"https:\/\/wp.ufpel.edu.br\/cid\/eventos\/","title":{"rendered":"Eventos"},"content":{"rendered":"<h1 style=\"text-align: center\"><span style=\"font-family: arial, helvetica, sans-serif\">F\u00f3rum Social Mundial<\/span><img class=\"aligncenter size-medium wp-image-442\" src=\"https:\/\/wp.ufpel.edu.br\/cid\/files\/2017\/12\/FSM-BA-2018-397x400.jpg\" alt=\"\" width=\"397\" height=\"400\" srcset=\"https:\/\/wp.ufpel.edu.br\/cid\/files\/2017\/12\/FSM-BA-2018-397x400.jpg 397w, https:\/\/wp.ufpel.edu.br\/cid\/files\/2017\/12\/FSM-BA-2018.jpg 768w\" sizes=\"(max-width: 397px) 100vw, 397px\" \/><\/h1>\n<h1 class=\"corTexto\"><a href=\"https:\/\/wp.ufpel.edu.br\/nai\/2017\/11\/16\/sexto-encontro-do-ciclo-de-palestras-tils-e-educacao-de-surdos\/\">S<span style=\"font-family: arial, helvetica, sans-serif\">exto Encontro do Ciclo de Palestras \u2013 TILS e Educa\u00e7\u00e3o de Surdos<\/span><\/a><\/h1>\n<div class=\"m_351673230511150601gmail-freebirdFormviewerViewHeaderDescription\" dir=\"auto\"><span style=\"font-family: arial, helvetica, sans-serif\"><strong>\u00a0\u201cAtua\u00e7\u00e3o do Int\u00e9rprete de Confer\u00eancia: converg\u00eancias hist\u00f3ricas\u201d<\/strong>\u2013 Tiago Coimbra<\/span><\/div>\n<div class=\"m_351673230511150601gmail-freebirdFormviewerViewHeaderDescription\" dir=\"auto\"><span style=\"font-family: arial, helvetica, sans-serif\">\u00a0Data: 24\/11\/2017 \u2013 19h<\/span><\/div>\n<div class=\"m_351673230511150601gmail-freebirdFormviewerViewHeaderDescription\" dir=\"auto\"><span style=\"font-family: arial, helvetica, sans-serif\">\u00a0Local: Faculdade de Odontologia \u2013 UFPEL \u2013 sala 54<\/span><\/div>\n<div class=\"m_351673230511150601gmail-freebirdFormviewerViewHeaderDescription\" dir=\"auto\"><span style=\"font-family: arial, helvetica, sans-serif\">\u00a0Todos que realizarem as inscri\u00e7\u00f5es, se considerem efetivamente inscritos, aguardamos voc\u00eas!<\/span><\/div>\n<div class=\"m_351673230511150601gmail-freebirdFormviewerViewHeaderDescription\" dir=\"auto\"><span style=\"font-family: arial, helvetica, sans-serif\">\u00a0OBS: n\u00e3o enviaremos confirma\u00e7\u00e3o de inscri\u00e7\u00e3o!<\/span><\/div>\n<div dir=\"auto\"><span style=\"font-family: arial, helvetica, sans-serif\">\u00a0<\/span><\/div>\n<div dir=\"auto\"><span style=\"font-family: arial, helvetica, sans-serif\">\u00a0<\/span><\/div>\n<div dir=\"auto\"><span style=\"font-family: arial, helvetica, sans-serif\">&#8212;&#8212;&#8212;&#8212;&#8212;&#8212;&#8212;&#8212;&#8212;&#8212;&#8212;&#8212;&#8212;&#8212;&#8212;&#8212;&#8212;&#8212;&#8212;&#8212;&#8212;&#8212;&#8212;&#8212;&#8212;&#8212;&#8212;&#8212;&#8212;&#8212;&#8212;&#8212;&#8212;&#8212;&#8212;&#8212;&#8212;&#8212;&#8212;&#8212;-<\/span><\/div>\n<h1 class=\"corTexto\"><span style=\"font-family: arial, helvetica, sans-serif\">CID foi a Chapec\u00f3 no 4\u00ba Forum das A\u00e7\u00f5es Afirmativas<\/span><\/h1>\n<p><span style=\"font-family: arial, helvetica, sans-serif\"><img class=\"alignnone wp-image-377\" src=\"https:\/\/wp.ufpel.edu.br\/cid\/files\/2017\/11\/4-forum-400x109.png\" alt=\"\" width=\"620\" height=\"169\" srcset=\"https:\/\/wp.ufpel.edu.br\/cid\/files\/2017\/11\/4-forum-400x109.png 400w, https:\/\/wp.ufpel.edu.br\/cid\/files\/2017\/11\/4-forum.png 652w\" sizes=\"(max-width: 620px) 100vw, 620px\" \/><\/span><\/p>\n<p><span style=\"font-family: arial, helvetica, sans-serif\">A CID esteve presente no <strong>4\u00ba F\u00f3rum das A\u00e7\u00f5es Afirmativas<\/strong> na Cidade de Chapec\u00f3, promovida pela Universidade da Fronteira Sul &#8211; UFFS. Neste encontro estavam presentes 15 institui\u00e7\u00f5es de Ensino Superior dos tr\u00eas Estados do sul do Brasil. A presen\u00e7a mercante de gestores das institui\u00e7\u00f5es\u00a0 demarcou a consolida\u00e7\u00e3o na inclus\u00e3o de Deficientes, Ind\u00edgenas e Negros, nas IES. Tendo como um dos resultados importantes a indica\u00e7\u00e3o da necess\u00e1ria amplia\u00e7\u00e3o e manuten\u00e7\u00e3o da Pol\u00edtica de Cotas e perman\u00eancia nas institui\u00e7\u00f5es de ensino superior no pa\u00eds. A UFPEl participou apresentando relatos em todos os eixos do evento.<\/span><\/p>\n<p><span style=\"font-family: arial, helvetica, sans-serif\">PROGRAMA\u00c7\u00c3O Realizada<\/span><\/p>\n<p><span style=\"font-family: arial, helvetica, sans-serif\"><strong>Dia 13\/11\u00a0<\/strong><\/span><\/p>\n<p><span style=\"font-family: arial, helvetica, sans-serif\">13h30min \u2013 Abertura do Evento (com a Presen\u00e7a de Jaime Giolo &#8211; Reitor da UFFS)<\/span><\/p>\n<p><span style=\"font-family: arial, helvetica, sans-serif\">14h \u2013 Eixo 1:Gest\u00e3o das A\u00e7\u00f5es Afirmativas, pol\u00edticas de perman\u00eancia e conviviabilidade. Onde estiveram presentes estudantes ind\u00edgenas e negros al\u00e9m dos gestores das Universidades e Institutos Federais.<\/span><\/p>\n<p><span style=\"font-family: arial, helvetica, sans-serif\">19h -Mesa de debate: A participa\u00e7\u00e3o\/atua\u00e7\u00e3o dos Movimentos Sociais na din\u00e2mica e consolida\u00e7\u00e3o das A\u00e7\u00f5es Afirmativas, com a presen\u00e7a e manifesta\u00e7\u00f5es importantes do Movimento Negro, das Associa\u00e7\u00e3o dos Cegos do Brasil e de Ind\u00edgenas Kaingang.<\/span><\/p>\n<p><span style=\"font-family: arial, helvetica, sans-serif\"><strong>Dia 14\/11<\/strong><\/span><\/p>\n<p><span style=\"font-family: arial, helvetica, sans-serif\">8h &#8211; Eixo 2:Monitoramento da Autodeclara\u00e7\u00e3o e a atua\u00e7\u00e3o das Comiss\u00f5es de Verifica\u00e7\u00e3o &#8211; Onde o conhecimento de IES que j\u00e1 possuem estas comiss\u00f5es como a UFPel, serviram de instru\u00e7\u00e3o as outras IES que buscam formar as mesmas.<\/span><\/p>\n<p><span style=\"font-family: arial, helvetica, sans-serif\">10h &#8211; Eixo 3: Cotas para pessoas com defici\u00eancia; As IES demonstraram grande preocupa\u00e7\u00e3o com as fraudes relativas aos Laudos apresentados pelos estudantes para ingresso, sendo que a presen\u00e7a de comiss\u00f5es de averigua\u00e7\u00e3o foram indicadas como fundamentais.<\/span><\/p>\n<p><span style=\"font-family: arial, helvetica, sans-serif\">13h30min &#8211; Eixo\u00a0<span class=\"il\">4<\/span>: Processos seletivos espec\u00edficos realizados pelas institui\u00e7\u00f5es; Poucas Institui\u00e7\u00f5es, como a UFPel, realizam estes processos, mas todas as presentes demonstram interesse na efetiva realiza\u00e7\u00e3o destes processos.<\/span><\/p>\n<p><span style=\"font-family: arial, helvetica, sans-serif\">15h30min \u2013 Exposi\u00e7\u00e3o das delibera\u00e7\u00f5es e Plen\u00e1ria final; Foram mais de 20 pontos levantados como propositivos de press\u00e3o sobre a Administra\u00e7\u00e3o Superior (MEC-Gov. Federal) para melhoramento das A\u00e7\u00f5es Afirmativas, ficando a cargo da organiza\u00e7\u00e3o a escrita final do documento que ser\u00e1 enviada a todas as IES.<\/span><\/p>\n<p><span style=\"font-family: arial, helvetica, sans-serif\"><strong>O PR\u00d3XIMO F\u00d3RUM (5\u00ba) SER\u00c1 REALIZADO NA UFRGS &#8211; 2018.<\/strong><\/span><\/p>\n<p>&#8212;&#8212;&#8212;&#8212;&#8212;&#8212;&#8212;&#8212;&#8212;&#8212;&#8212;&#8212;&#8212;&#8212;&#8212;&#8212;&#8212;&#8212;&#8212;&#8212;&#8212;&#8212;&#8212;&#8212;&#8212;&#8212;&#8212;&#8212;&#8212;&#8212;&#8212;&#8212;&#8212;&#8212;&#8212;&#8212;&#8212;&#8212;&#8212;&#8212;&#8212;-<\/p>\n<p><span style=\"font-family: 'arial black', sans-serif\">PALESTRA<\/span><\/p>\n<p><span style=\"font-family: arial, helvetica, sans-serif\">PALESTRA Desenho Universal da Aprendizagem \u2013 DUA e Inclus\u00e3o no Ensino Superior<\/span><\/p>\n<p><img src=\"https:\/\/wp.ufpel.edu.br\/nai\/files\/2017\/11\/cartaz-DUA-ok3-363x400.jpg\" alt=\" \" \/><\/p>\n<p>&#8212;&#8212;&#8212;&#8212;&#8212;&#8212;&#8212;&#8212;&#8212;&#8212;&#8212;&#8212;&#8212;&#8212;&#8212;&#8212;&#8212;&#8212;&#8212;&#8212;&#8212;&#8212;&#8212;&#8212;&#8212;&#8212;&#8212;&#8212;&#8212;&#8212;&#8212;&#8212;&#8212;&#8212;&#8212;&#8212;&#8212;&#8212;&#8211;<\/p>\n<p><span style=\"font-family: 'arial black', sans-serif\">1\u00ba CONGEN<\/span><\/p>\n<p><img src=\"http:\/\/ccs2.ufpel.edu.br\/wp\/wp-content\/uploads\/2017\/10\/Cartaz_Uso_WEB.png\" \/><\/p>\n<p><span style=\"font-family: arial, helvetica, sans-serif\"><a href=\"https:\/\/wp.ufpel.edu.br\/cid\/files\/2017\/10\/congenprograma\u00e7\u00e3ofinal.pdf\">PROGRAMA\u00c7\u00c3O<\/a><\/span><\/p>\n<p>&#8212;&#8212;&#8212;&#8212;&#8212;&#8212;&#8212;&#8212;&#8212;&#8212;&#8212;&#8212;&#8212;&#8212;&#8212;&#8212;&#8212;&#8212;&#8212;&#8212;&#8212;&#8212;&#8212;&#8212;&#8212;&#8212;&#8212;&#8212;&#8212;&#8212;&#8212;&#8212;&#8212;&#8212;&#8212;&#8212;&#8212;&#8212;&#8212;&#8212;&#8212;&#8212;&#8211;<\/p>\n<h1 class=\"corTexto\"><span style=\"font-family: 'arial black', sans-serif\"><a href=\"https:\/\/wp.ufpel.edu.br\/nai\/2017\/10\/24\/ciclo-de-palestras-tils-e-a-educacao-de-surdos-5\/\"><span style=\"font-size: 14pt\">Ciclo de Palestras \u2013 TILS E A EDUCA\u00c7\u00c3O DE SURDOS<\/span><\/a><\/span><\/h1>\n<p><span style=\"font-family: arial, helvetica, sans-serif\">20, 21 e 22 de Outubro encontro de qualifica\u00e7\u00e3o dos Tradutores Interpretes de Libras<\/span><\/p>\n<p><img src=\"https:\/\/wp.ufpel.edu.br\/nai\/files\/2017\/10\/t3.jpg\" alt=\" \" \/><\/p>\n","protected":false},"excerpt":{"rendered":"<p>F\u00f3rum Social Mundial Sexto Encontro do Ciclo de Palestras \u2013 TILS e Educa\u00e7\u00e3o de Surdos \u00a0\u201cAtua\u00e7\u00e3o do Int\u00e9rprete de Confer\u00eancia: converg\u00eancias hist\u00f3ricas\u201d\u2013 Tiago Coimbra \u00a0Data: 24\/11\/2017 \u2013 19h \u00a0Local: Faculdade de Odontologia \u2013 UFPEL \u2013 sala 54 \u00a0Todos que realizarem as inscri\u00e7\u00f5es, se considerem efetivamente inscritos, aguardamos voc\u00eas! \u00a0OBS: n\u00e3o enviaremos confirma\u00e7\u00e3o de inscri\u00e7\u00e3o! \u00a0 [&hellip;]<\/p>\n","protected":false},"author":766,"featured_media":0,"parent":0,"menu_order":0,"comment_status":"closed","ping_status":"closed","template":"","meta":{"footnotes":""},"class_list":["post-277","page","type-page","status-publish","hentry"],"_links":{"self":[{"href":"https:\/\/wp.ufpel.edu.br\/cid\/wp-json\/wp\/v2\/pages\/277","targetHints":{"allow":["GET"]}}],"collection":[{"href":"https:\/\/wp.ufpel.edu.br\/cid\/wp-json\/wp\/v2\/pages"}],"about":[{"href":"https:\/\/wp.ufpel.edu.br\/cid\/wp-json\/wp\/v2\/types\/page"}],"author":[{"embeddable":true,"href":"https:\/\/wp.ufpel.edu.br\/cid\/wp-json\/wp\/v2\/users\/766"}],"replies":[{"embeddable":true,"href":"https:\/\/wp.ufpel.edu.br\/cid\/wp-json\/wp\/v2\/comments?post=277"}],"version-history":[{"count":14,"href":"https:\/\/wp.ufpel.edu.br\/cid\/wp-json\/wp\/v2\/pages\/277\/revisions"}],"predecessor-version":[{"id":450,"href":"https:\/\/wp.ufpel.edu.br\/cid\/wp-json\/wp\/v2\/pages\/277\/revisions\/450"}],"wp:attachment":[{"href":"https:\/\/wp.ufpel.edu.br\/cid\/wp-json\/wp\/v2\/media?parent=277"}],"curies":[{"name":"wp","href":"https:\/\/api.w.org\/{rel}","templated":true}]}}