{"id":2,"date":"2017-06-14T11:02:01","date_gmt":"2017-06-14T14:02:01","guid":{"rendered":"https:\/\/wp.ufpel.edu.br\/cid\/?page_id=2"},"modified":"2019-11-11T16:34:12","modified_gmt":"2019-11-11T19:34:12","slug":"pagina-exemplo","status":"publish","type":"page","link":"https:\/\/wp.ufpel.edu.br\/cid\/pagina-exemplo\/","title":{"rendered":"N U A A D"},"content":{"rendered":"<p><strong><a href=\"https:\/\/wp.ufpel.edu.br\/naaf\/\"><span style=\"font-family: arial, helvetica, sans-serif\">N\u00facleo de A\u00e7\u00f5es Afirmativas e Diversidade<\/span><\/a><\/strong><\/p>\n<p><img src=\"https:\/\/wp.ufpel.edu.br\/naaf\/files\/2017\/09\/capa-nuaad-2.jpg\" \/><\/p>\n<p><span style=\"font-family: arial, helvetica, sans-serif\">O N\u00facleo de A\u00e7\u00f5es Afirmativas e Diversidade desenvolve atividades relacionadas ao gerenciamento das vagas ocupadas por cotistas ou direcionadas a estes; atividades educativas e informativas nas escolas p\u00fablicas de\u00a0 Educa\u00e7\u00e3o B\u00e1sica, bem como a promo\u00e7\u00e3o de eventos que permitam a aproxima\u00e7\u00e3o da Universidade e a inclus\u00e3o dos ind\u00edgenas e quilombolas e negros,\u00a0 suas fam\u00edlias, al\u00e9m dos representantes comunit\u00e1rios de onde prov\u00eam esses estudantes, mediante a\u00e7\u00f5es conjuntas constru\u00eddas pelos envolvidos.\u00a0 Segundo o Plano de Gest\u00e3o 2017-2019: \u201cRevolu\u00e7\u00e3o acad\u00eamica \u00e9 disponibilizar um espa\u00e7o permanente para expor a produ\u00e7\u00e3o cient\u00edfica, cultural e art\u00edstica da comunidade acad\u00eamica\u201d e este espa\u00e7o ser\u00e1 buscado, definido e implementado pela CID em conjunto com outros \u00f3rg\u00e3os administrativos da UFPel. Pretende a partir da a\u00e7\u00e3o conjunta da CID e\u00a0 Pr\u00f3-reitorias de Ensino, Pesquisa e P\u00f3s-gradua\u00e7\u00e3o,\u00a0 Extens\u00e3o e Cultura, de Gest\u00e3o da Informa\u00e7\u00e3o\u00a0 e Procuradoria:\u00a0 divulgar a cultura popular e auxiliar na gera\u00e7\u00e3o de renda dessas comunidades atrav\u00e9s do compartilhamento de saberes e t\u00e9cnicas de produ\u00e7\u00e3o que facilita\u00e7\u00e3o a comercializa\u00e7\u00e3o\u00a0 de produtos origin\u00e1rios dessas comunidades; Dialogar com as Unidades Acad\u00eamicas: informando-as sobre como ocorre a promo\u00e7\u00e3o de pol\u00edticas afirmativas na UFPel;\u00a0 de que forma \u00e9 desenvolvida a fiscaliza\u00e7\u00e3o da implementa\u00e7\u00e3o das mesmas no que tange o acesso e\u00a0 penaliza\u00e7\u00e3o, no caso de fraude; incentivar a amplia\u00e7\u00e3o do rol de disciplinas e conte\u00fados program\u00e1ticos que abordem as tem\u00e1ticas da sexualidade e identidade de g\u00eanero, quest\u00f5es \u00e9tnico-raciais e direitos humanos, ampliando o que se prev\u00ea nas leis de diretrizes nacionais em favor da transversalidade de tais tem\u00e1ticas nos curr\u00edculos, independentemente do perfil e do n\u00edvel do curso; promover o\u00a0 cumprimento das a\u00e7\u00f5es afirmativas buscando estabelecer parcerias e conv\u00eanios que permitam o acesso a p\u00f3s-gradua\u00e7\u00e3o, o interc\u00e2mbio universit\u00e1rio, maior n\u00famero de bolsas acad\u00eamicas, entre outras.<\/span><\/p>\n<p><img class=\"size-full wp-image-690 alignleft\" src=\"https:\/\/wp.ufpel.edu.br\/cid\/files\/2019\/10\/72879424_405062473503457_1111290519750705152_n.png\" alt=\"\" width=\"30\" height=\"30\" \/><\/p>\n<p><span style=\"font-family: arial, helvetica, sans-serif\"><a href=\"https:\/\/drive.google.com\/file\/d\/12GVv0b-zpyMQjSrMSP66Lk_S69i1d2pS\/view?usp=sharing\">Texto em Libras \u2013 Clique Aqui<\/a><\/span><\/p>\n<p>&nbsp;<\/p>\n<p><span style=\"font-family: arial, helvetica, sans-serif;font-size: 14pt\">Localiza\u00e7\u00e3o:\u00a0<\/span><span style=\"font-family: arial, helvetica, sans-serif;font-size: 14pt\">Rua Almirante Barroso, 1734, T\u00e9rreo.<\/span><\/p>\n","protected":false},"excerpt":{"rendered":"<p>N\u00facleo de A\u00e7\u00f5es Afirmativas e Diversidade O N\u00facleo de A\u00e7\u00f5es Afirmativas e Diversidade desenvolve atividades relacionadas ao gerenciamento das vagas ocupadas por cotistas ou direcionadas a estes; atividades educativas e informativas nas escolas p\u00fablicas de\u00a0 Educa\u00e7\u00e3o B\u00e1sica, bem como a promo\u00e7\u00e3o de eventos que permitam a aproxima\u00e7\u00e3o da Universidade e a inclus\u00e3o dos ind\u00edgenas e [&hellip;]<\/p>\n","protected":false},"author":766,"featured_media":0,"parent":0,"menu_order":0,"comment_status":"closed","ping_status":"closed","template":"","meta":{"footnotes":""},"class_list":["post-2","page","type-page","status-publish","hentry"],"_links":{"self":[{"href":"https:\/\/wp.ufpel.edu.br\/cid\/wp-json\/wp\/v2\/pages\/2","targetHints":{"allow":["GET"]}}],"collection":[{"href":"https:\/\/wp.ufpel.edu.br\/cid\/wp-json\/wp\/v2\/pages"}],"about":[{"href":"https:\/\/wp.ufpel.edu.br\/cid\/wp-json\/wp\/v2\/types\/page"}],"author":[{"embeddable":true,"href":"https:\/\/wp.ufpel.edu.br\/cid\/wp-json\/wp\/v2\/users\/766"}],"replies":[{"embeddable":true,"href":"https:\/\/wp.ufpel.edu.br\/cid\/wp-json\/wp\/v2\/comments?post=2"}],"version-history":[{"count":21,"href":"https:\/\/wp.ufpel.edu.br\/cid\/wp-json\/wp\/v2\/pages\/2\/revisions"}],"predecessor-version":[{"id":707,"href":"https:\/\/wp.ufpel.edu.br\/cid\/wp-json\/wp\/v2\/pages\/2\/revisions\/707"}],"wp:attachment":[{"href":"https:\/\/wp.ufpel.edu.br\/cid\/wp-json\/wp\/v2\/media?parent=2"}],"curies":[{"name":"wp","href":"https:\/\/api.w.org\/{rel}","templated":true}]}}