{"id":16,"date":"2017-06-19T07:24:04","date_gmt":"2017-06-19T10:24:04","guid":{"rendered":"https:\/\/wp.ufpel.edu.br\/cid\/?page_id=16"},"modified":"2019-11-11T16:34:36","modified_gmt":"2019-11-11T19:34:36","slug":"nugen","status":"publish","type":"page","link":"https:\/\/wp.ufpel.edu.br\/cid\/nugen\/","title":{"rendered":"N U G E N"},"content":{"rendered":"<p><strong><span style=\"font-family: arial, helvetica, sans-serif\"><a href=\"https:\/\/wp.ufpel.edu.br\/nugen\/\">N\u00facleo de G\u00eanero e Diversidade<\/a><\/span><\/strong><\/p>\n<p><span style=\"font-family: arial, helvetica, sans-serif;font-size: 12pt\">O N\u00facleo desenvolve atividades relacionadas ao gerenciamento das quest\u00f5es relacionadas aos conflitos e integra\u00e7\u00e3o entre multigeneros na universidade.\u00a0 Pretende desenvolver a\u00e7\u00f5es junto a escolas p\u00fablicas da educa\u00e7\u00e3o b\u00e1sica, bem como a promo\u00e7\u00e3o de eventos que permitam a aproxima\u00e7\u00e3o da Universidade e a inclus\u00e3o dos diversos grupos ligados a\u00e7\u00f5es de g\u00eanero tanto internas quanto externas a IES. O Plano de Gest\u00e3o 2017-2019 prev\u00ea uma \u201crevolu\u00e7\u00e3o acad\u00eamica\u201d na apresenta\u00e7\u00e3o da produ\u00e7\u00e3o cient\u00edfica, cultural e art\u00edstica da comunidade acad\u00eamica e de intera\u00e7\u00e3o onde a CID e\u00a0 Pr\u00f3-reitorias de Ensino, Pesquisa e P\u00f3s-gradua\u00e7\u00e3o,\u00a0 Extens\u00e3o e Cultura, de Gest\u00e3o da Informa\u00e7\u00e3o\u00a0 e Procuradoria,\u00a0 divulgar\u00e3o a cultura destes grupos multi g\u00eaneros compartilhando saberes e incentivando a discuss\u00e3o sobre as tem\u00e1ticas da sexualidade e identidade de g\u00eanero.<\/span><\/p>\n<p><img class=\"size-full wp-image-690 alignleft\" src=\"https:\/\/wp.ufpel.edu.br\/cid\/files\/2019\/10\/72879424_405062473503457_1111290519750705152_n.png\" alt=\"\" width=\"30\" height=\"30\" \/><\/p>\n<p><span style=\"font-family: arial, helvetica, sans-serif\"><a href=\"https:\/\/drive.google.com\/file\/d\/10E6QZu-lecyC4hLHHAe4PYw4MClTAGmw\/view?usp=sharing\">Texto em Libras \u2013 Clique Aqui<\/a><\/span><\/p>\n<p>&nbsp;<\/p>\n<p><span style=\"font-family: arial, helvetica, sans-serif;font-size: 14pt\">Localiza\u00e7\u00e3o:<\/span><span style=\"font-family: arial, helvetica, sans-serif;font-size: 14pt\">Rua Almirante Barroso, 1202, Sala 112.<\/span><\/p>\n","protected":false},"excerpt":{"rendered":"<p>N\u00facleo de G\u00eanero e Diversidade O N\u00facleo desenvolve atividades relacionadas ao gerenciamento das quest\u00f5es relacionadas aos conflitos e integra\u00e7\u00e3o entre multigeneros na universidade.\u00a0 Pretende desenvolver a\u00e7\u00f5es junto a escolas p\u00fablicas da educa\u00e7\u00e3o b\u00e1sica, bem como a promo\u00e7\u00e3o de eventos que permitam a aproxima\u00e7\u00e3o da Universidade e a inclus\u00e3o dos diversos grupos ligados a\u00e7\u00f5es de g\u00eanero [&hellip;]<\/p>\n","protected":false},"author":766,"featured_media":0,"parent":0,"menu_order":0,"comment_status":"closed","ping_status":"closed","template":"","meta":{"footnotes":""},"class_list":["post-16","page","type-page","status-publish","hentry"],"_links":{"self":[{"href":"https:\/\/wp.ufpel.edu.br\/cid\/wp-json\/wp\/v2\/pages\/16","targetHints":{"allow":["GET"]}}],"collection":[{"href":"https:\/\/wp.ufpel.edu.br\/cid\/wp-json\/wp\/v2\/pages"}],"about":[{"href":"https:\/\/wp.ufpel.edu.br\/cid\/wp-json\/wp\/v2\/types\/page"}],"author":[{"embeddable":true,"href":"https:\/\/wp.ufpel.edu.br\/cid\/wp-json\/wp\/v2\/users\/766"}],"replies":[{"embeddable":true,"href":"https:\/\/wp.ufpel.edu.br\/cid\/wp-json\/wp\/v2\/comments?post=16"}],"version-history":[{"count":10,"href":"https:\/\/wp.ufpel.edu.br\/cid\/wp-json\/wp\/v2\/pages\/16\/revisions"}],"predecessor-version":[{"id":708,"href":"https:\/\/wp.ufpel.edu.br\/cid\/wp-json\/wp\/v2\/pages\/16\/revisions\/708"}],"wp:attachment":[{"href":"https:\/\/wp.ufpel.edu.br\/cid\/wp-json\/wp\/v2\/media?parent=16"}],"curies":[{"name":"wp","href":"https:\/\/api.w.org\/{rel}","templated":true}]}}