{"id":101,"date":"2017-07-31T14:18:24","date_gmt":"2017-07-31T17:18:24","guid":{"rendered":"https:\/\/wp.ufpel.edu.br\/cid\/?page_id=101"},"modified":"2019-09-10T09:29:01","modified_gmt":"2019-09-10T12:29:01","slug":"organograma","status":"publish","type":"page","link":"https:\/\/wp.ufpel.edu.br\/cid\/organograma\/","title":{"rendered":"Organograma"},"content":{"rendered":"<p><img class=\"aligncenter  wp-image-140\" src=\"https:\/\/wp.ufpel.edu.br\/cid\/files\/2017\/07\/organogramaS-ok3-400x268.png\" alt=\"\" width=\"459\" height=\"307\" srcset=\"https:\/\/wp.ufpel.edu.br\/cid\/files\/2017\/07\/organogramaS-ok3-400x268.png 400w, https:\/\/wp.ufpel.edu.br\/cid\/files\/2017\/07\/organogramaS-ok3.png 616w\" sizes=\"(max-width: 459px) 100vw, 459px\" \/><\/p>\n<p>&nbsp;<\/p>\n<h2><span style=\"font-family: arial, helvetica, sans-serif;color: #000000;font-size: 14pt\"><strong>1. GABINETE DO REITOR<\/strong><\/span><\/h2>\n<h4><span style=\"font-family: arial, helvetica, sans-serif;font-size: 12pt;color: #000000\"><strong>1.1. CID\u00a0<\/strong><strong>\u2013\u00a0<\/strong><strong>COORDENA\u00c7\u00c3O DE INCLUS\u00c3O E DIVERSIDADE\u00a0<\/strong><\/span><\/h4>\n<h5><span style=\"font-family: arial, helvetica, sans-serif;font-size: 10pt;color: #000000\">1.1.1. NAI\u00a0<strong>\u2013\u00a0<\/strong>N\u00daCLEO DE ACESSIBILIDADE E INCLUS\u00c3O<\/span><\/h5>\n<h5><span style=\"font-family: arial, helvetica, sans-serif;font-size: 10pt;color: #000000\">1.1.2. NUAAD\u00a0<strong>\u2013\u00a0<\/strong>N\u00daCLEO DE A\u00c7\u00d5ES AFIRMATIVAS E DIVERSIDADE<\/span><\/h5>\n<h5><span style=\"font-family: arial, helvetica, sans-serif;font-size: 10pt;color: #000000\">1.1.3. NUGEN\u00a0<strong>\u2013\u00a0<\/strong>N\u00daCLEO DE\u00a0G\u00caNERO E DIVERSIDADE<\/span><\/h5>\n<p>&nbsp;<\/p>\n<p><span style=\"color: #000000\">(Em constru\u00e7\u00e3o)<\/span><\/p>\n","protected":false},"excerpt":{"rendered":"<p>&nbsp; 1. GABINETE DO REITOR 1.1. CID\u00a0\u2013\u00a0COORDENA\u00c7\u00c3O DE INCLUS\u00c3O E DIVERSIDADE\u00a0 1.1.1. NAI\u00a0\u2013\u00a0N\u00daCLEO DE ACESSIBILIDADE E INCLUS\u00c3O 1.1.2. NUAAD\u00a0\u2013\u00a0N\u00daCLEO DE A\u00c7\u00d5ES AFIRMATIVAS E DIVERSIDADE 1.1.3. NUGEN\u00a0\u2013\u00a0N\u00daCLEO DE\u00a0G\u00caNERO E DIVERSIDADE &nbsp; (Em constru\u00e7\u00e3o)<\/p>\n","protected":false},"author":766,"featured_media":0,"parent":0,"menu_order":0,"comment_status":"closed","ping_status":"closed","template":"","meta":{"footnotes":""},"class_list":["post-101","page","type-page","status-publish","hentry"],"_links":{"self":[{"href":"https:\/\/wp.ufpel.edu.br\/cid\/wp-json\/wp\/v2\/pages\/101","targetHints":{"allow":["GET"]}}],"collection":[{"href":"https:\/\/wp.ufpel.edu.br\/cid\/wp-json\/wp\/v2\/pages"}],"about":[{"href":"https:\/\/wp.ufpel.edu.br\/cid\/wp-json\/wp\/v2\/types\/page"}],"author":[{"embeddable":true,"href":"https:\/\/wp.ufpel.edu.br\/cid\/wp-json\/wp\/v2\/users\/766"}],"replies":[{"embeddable":true,"href":"https:\/\/wp.ufpel.edu.br\/cid\/wp-json\/wp\/v2\/comments?post=101"}],"version-history":[{"count":13,"href":"https:\/\/wp.ufpel.edu.br\/cid\/wp-json\/wp\/v2\/pages\/101\/revisions"}],"predecessor-version":[{"id":141,"href":"https:\/\/wp.ufpel.edu.br\/cid\/wp-json\/wp\/v2\/pages\/101\/revisions\/141"}],"wp:attachment":[{"href":"https:\/\/wp.ufpel.edu.br\/cid\/wp-json\/wp\/v2\/media?parent=101"}],"curies":[{"name":"wp","href":"https:\/\/api.w.org\/{rel}","templated":true}]}}