{"id":2,"date":"2025-03-26T10:37:43","date_gmt":"2025-03-26T13:37:43","guid":{"rendered":"https:\/\/wp.ufpel.edu.br\/ciclo\/?page_id=2"},"modified":"2025-05-21T15:43:25","modified_gmt":"2025-05-21T18:43:25","slug":"pagina-exemplo","status":"publish","type":"page","link":"https:\/\/wp.ufpel.edu.br\/ciclo\/","title":{"rendered":"Juntos, podemos transformar a universidade e a sociedade."},"content":{"rendered":"\r\n<p class=\"first:mt-1.5\"><strong class=\"\">Ciclo Permanente de Atividades de Educa\u00e7\u00e3o Antirracista<\/strong> \u00e9 uma iniciativa da Universidade Federal de Pelotas (UFPel) dedicada \u00e0 promo\u00e7\u00e3o de uma cultura de respeito, equidade e justi\u00e7a racial em nossa comunidade acad\u00eamica e na sociedade.<\/p>\r\n<p class=\"first:mt-1.5\">Nosso objetivo \u00e9 criar espa\u00e7os de di\u00e1logo, forma\u00e7\u00e3o e reflex\u00e3o sobre o enfrentamento ao racismo, valorizando a diversidade e reconhecendo a import\u00e2ncia das lutas hist\u00f3ricas dos povos negros, ind\u00edgenas e de todas as popula\u00e7\u00f5es minorizadas. Por meio de palestras, oficinas, rodas de conversa, cursos, campanhas e outras a\u00e7\u00f5es, buscamos fortalecer pr\u00e1ticas pedag\u00f3gicas e institucionais comprometidas com a transforma\u00e7\u00e3o social.<\/p>\r\n<p class=\"first:mt-1.5\">O Ciclo \u00e9 aberto \u00e0 participa\u00e7\u00e3o de estudantes, docentes, t\u00e9cnicos, escolas, movimentos sociais e toda a comunidade interessada em construir uma universidade mais inclusiva e antirracista. Acreditamos que a educa\u00e7\u00e3o \u00e9 um caminho fundamental para a supera\u00e7\u00e3o das desigualdades e para a constru\u00e7\u00e3o de um futuro mais justo.<\/p>\r\n<p class=\"first:mt-1.5\">Acompanhe nossa programa\u00e7\u00e3o, participe das atividades e junte-se a n\u00f3s nessa caminhada coletiva por uma educa\u00e7\u00e3o antirracista!<\/p>\r\n<p class=\"first:mt-1.5\">\u00a0<\/p>\r\n","protected":false},"excerpt":{"rendered":"<p>Ciclo Permanente de Atividades de Educa\u00e7\u00e3o Antirracista \u00e9 uma iniciativa da Universidade Federal de Pelotas (UFPel) dedicada \u00e0 promo\u00e7\u00e3o de uma cultura de respeito, equidade e justi\u00e7a racial em nossa comunidade acad\u00eamica e na sociedade. Nosso objetivo \u00e9 criar espa\u00e7os de di\u00e1logo, forma\u00e7\u00e3o e reflex\u00e3o sobre o enfrentamento ao racismo, valorizando a diversidade e reconhecendo &hellip; <\/p>\n<p><a class=\"more-link btn\" href=\"https:\/\/wp.ufpel.edu.br\/ciclo\/\">Continue lendo<\/a><\/p>\n","protected":false},"author":1435,"featured_media":0,"parent":0,"menu_order":0,"comment_status":"closed","ping_status":"closed","template":"","meta":{"footnotes":""},"class_list":["post-2","page","type-page","status-publish","hentry","nodate","item-wrap"],"publishpress_future_action":{"enabled":false,"date":"2026-04-20 00:50:24","action":"change-status","newStatus":"draft","terms":[],"taxonomy":"","extraData":[]},"publishpress_future_workflow_manual_trigger":{"enabledWorkflows":[]},"_links":{"self":[{"href":"https:\/\/wp.ufpel.edu.br\/ciclo\/wp-json\/wp\/v2\/pages\/2","targetHints":{"allow":["GET"]}}],"collection":[{"href":"https:\/\/wp.ufpel.edu.br\/ciclo\/wp-json\/wp\/v2\/pages"}],"about":[{"href":"https:\/\/wp.ufpel.edu.br\/ciclo\/wp-json\/wp\/v2\/types\/page"}],"author":[{"embeddable":true,"href":"https:\/\/wp.ufpel.edu.br\/ciclo\/wp-json\/wp\/v2\/users\/1435"}],"replies":[{"embeddable":true,"href":"https:\/\/wp.ufpel.edu.br\/ciclo\/wp-json\/wp\/v2\/comments?post=2"}],"version-history":[{"count":5,"href":"https:\/\/wp.ufpel.edu.br\/ciclo\/wp-json\/wp\/v2\/pages\/2\/revisions"}],"predecessor-version":[{"id":77,"href":"https:\/\/wp.ufpel.edu.br\/ciclo\/wp-json\/wp\/v2\/pages\/2\/revisions\/77"}],"wp:attachment":[{"href":"https:\/\/wp.ufpel.edu.br\/ciclo\/wp-json\/wp\/v2\/media?parent=2"}],"curies":[{"name":"wp","href":"https:\/\/api.w.org\/{rel}","templated":true}]}}