{"id":46,"date":"2015-03-03T13:31:05","date_gmt":"2015-03-03T16:31:05","guid":{"rendered":"https:\/\/wp.ufpel.edu.br\/ciceronachtigall\/?page_id=46"},"modified":"2015-03-09T16:46:23","modified_gmt":"2015-03-09T19:46:23","slug":"analise-real-i","status":"publish","type":"page","link":"https:\/\/wp.ufpel.edu.br\/ciceronachtigall\/disciplinas\/20151-2\/analise-real-i\/","title":{"rendered":"An\u00e1lise Real I"},"content":{"rendered":"<p>Nesta p\u00e1gina voc\u00ea encontra informa\u00e7\u00f5es importantes sobre a disciplina de An\u00e1lise Real I (0100166), turma M2, oferecida pelo Departamento de Matem\u00e1tica e Estat\u00edstica ao Curso de Licenciatura em Matem\u00e1tica \u2013 Noturno em 2015\/1.<\/p>\n<p><span style=\"color: #0000ff\"><a style=\"color: #0000ff\" href=\"https:\/\/wp.ufpel.edu.br\/ciceronachtigall\/files\/2015\/03\/Plano_de_Analise_2015_1.pdf\"><strong>Plano de Ensino.<\/strong><\/a><\/span><\/p>\n<p><a href=\"https:\/\/wp.ufpel.edu.br\/ciceronachtigall\/files\/2015\/03\/Analise_M2_Frequencia.pdf\"><span style=\"color: #0000ff\"><strong>Frequ\u00eancias e conte\u00fados trabalhados.<\/strong><\/span><\/a><\/p>\n<p><strong>Hor\u00e1rios das aulas:<\/strong> Ter\u00e7a-feira (das 20:30 as 22:20) e quinta-feira (das 19:00 as 22:20).<\/p>\n<p><strong>Local das aulas:<\/strong> Campus Porto, sala 317 (Ter) e 305 (Qui).<\/p>\n<p><strong>Professor Respons\u00e1vel:<\/strong> C\u00edcero Nachtigall.<\/p>\n<p><strong>Ementa:\u00a0<\/strong>N\u00fameros e conjuntos reais, principais propriedades topol\u00f3gicas de conjuntos na reta. Teoria de limites: limites de fun\u00e7\u00f5es e seq\u00fc\u00eancias e suas propriedades, fun\u00e7\u00f5es infinitesimais, lema de Bolzano-Weirstrass. Continuidade: conceito e propriedades b\u00e1sicas, continuidade de fun\u00e7\u00f5es elementares e mon\u00f3tonas, classifica\u00e7\u00e3o de descontinuidades, propriedades globais de fun\u00e7\u00f5es continuas, continuidade uniforme.<\/p>\n<p>&nbsp;<\/p>\n<p><strong>Previs\u00e3o de datas das provas:\u00a0\u00a0\u00a0\u00a0 <\/strong><\/p>\n<p>Prova 01: 09\/04\/15<\/p>\n<p>Prova 02: 21\/05\/15<\/p>\n<p>Prova 03: 02\/07\/15<\/p>\n<p>Exame<strong>: <\/strong>09\/07\/15<\/p>\n<p>&nbsp;<\/p>\n","protected":false},"excerpt":{"rendered":"<p>Nesta p\u00e1gina voc\u00ea encontra informa\u00e7\u00f5es importantes sobre a disciplina de An\u00e1lise Real I (0100166), turma M2, oferecida pelo Departamento de Matem\u00e1tica e Estat\u00edstica ao Curso de Licenciatura em Matem\u00e1tica \u2013 Noturno em 2015\/1. Plano de Ensino. Frequ\u00eancias e conte\u00fados trabalhados. Hor\u00e1rios das aulas: Ter\u00e7a-feira (das 20:30 as 22:20) e quinta-feira (das 19:00 as 22:20). Local [&hellip;]<\/p>\n","protected":false},"author":483,"featured_media":0,"parent":13,"menu_order":0,"comment_status":"closed","ping_status":"closed","template":"","meta":{"footnotes":""},"class_list":["post-46","page","type-page","status-publish","hentry"],"_links":{"self":[{"href":"https:\/\/wp.ufpel.edu.br\/ciceronachtigall\/wp-json\/wp\/v2\/pages\/46","targetHints":{"allow":["GET"]}}],"collection":[{"href":"https:\/\/wp.ufpel.edu.br\/ciceronachtigall\/wp-json\/wp\/v2\/pages"}],"about":[{"href":"https:\/\/wp.ufpel.edu.br\/ciceronachtigall\/wp-json\/wp\/v2\/types\/page"}],"author":[{"embeddable":true,"href":"https:\/\/wp.ufpel.edu.br\/ciceronachtigall\/wp-json\/wp\/v2\/users\/483"}],"replies":[{"embeddable":true,"href":"https:\/\/wp.ufpel.edu.br\/ciceronachtigall\/wp-json\/wp\/v2\/comments?post=46"}],"version-history":[{"count":17,"href":"https:\/\/wp.ufpel.edu.br\/ciceronachtigall\/wp-json\/wp\/v2\/pages\/46\/revisions"}],"predecessor-version":[{"id":120,"href":"https:\/\/wp.ufpel.edu.br\/ciceronachtigall\/wp-json\/wp\/v2\/pages\/46\/revisions\/120"}],"up":[{"embeddable":true,"href":"https:\/\/wp.ufpel.edu.br\/ciceronachtigall\/wp-json\/wp\/v2\/pages\/13"}],"wp:attachment":[{"href":"https:\/\/wp.ufpel.edu.br\/ciceronachtigall\/wp-json\/wp\/v2\/media?parent=46"}],"curies":[{"name":"wp","href":"https:\/\/api.w.org\/{rel}","templated":true}]}}