{"id":27,"date":"2015-02-25T10:28:32","date_gmt":"2015-02-25T13:28:32","guid":{"rendered":"https:\/\/wp.ufpel.edu.br\/ciceronachtigall\/?page_id=27"},"modified":"2025-10-06T10:23:01","modified_gmt":"2025-10-06T13:23:01","slug":"apresentacao","status":"publish","type":"page","link":"https:\/\/wp.ufpel.edu.br\/ciceronachtigall\/","title":{"rendered":"Apresenta\u00e7\u00e3o"},"content":{"rendered":"<h3>Resumo<\/h3>\n<p>Possui Gradua\u00e7\u00e3o em Licenciatura Plena em Matem\u00e1tica pela Universidade Federal de Pelotas (2003), Mestrado em Matem\u00e1tica pela Universidade Federal do Rio Grande do Sul (2006) e mestrado em Educa\u00e7\u00e3o Matem\u00e1tica pela Universidade Federal de Pelotas (2020), Doutorado em Matem\u00e1tica pela Universidade Estadual de Campinas (2011) e doutorado em Educa\u00e7\u00e3o pela Universidade Federal de Pelotas (2024). Atualmente \u00e9 professor associado do Instituto de F\u00edsica e Matem\u00e1tica da Universidade Federal de Pelotas e participa do Programa de P\u00f3s-Gradua\u00e7\u00e3o em Educa\u00e7\u00e3o Matem\u00e1tica da institui\u00e7\u00e3o. Coordenou o projeto T\u00f3picos de Matem\u00e1tica Elementar: Matem\u00e1tica B\u00e1sica &#8211; Inicia\u00e7\u00e3o ao C\u00e1lculo no per\u00edodo de 2012 a 2015 e o projeto GAMA: Grupo de Apoio em Matem\u00e1tica no per\u00edodo de 2015 a 2021. Desde 2021 coordena o projeto LEIAA: Laborat\u00f3rio de Estudos e Investiga\u00e7\u00f5es em Aprendizagem Autorregulada. Coordenou o curso de Licenciatura em Matem\u00e1tica &#8211; Noturno no bi\u00eanio 2014-2016 e atualmente e coordena o curso de Licenciatura em Matem\u00e1tica &#8211; Integral.<\/p>\n<h3>Forma\u00e7\u00e3o acad\u00eamica<\/h3>\n<p>Doutorado em Matem\u00e1tica (Universidade Estadual de Campinas, 2011)<br \/>\nDoutorado em Educa\u00e7\u00e3o (Universidade Federal de Pelotas, 2024)<br \/>\nMestrado em Matem\u00e1tica (Universidade Federal do Rio Grande do Sul, 2006)<br \/>\nMestrado em Educa\u00e7\u00e3o Matem\u00e1tica (Universidade Federal de Pelotas, 2020)<br \/>\nGradua\u00e7\u00e3o em Curso de Licenciatura Plena Em Matem\u00e1tica (Universidade Federal de Pelotas, 2003)<\/p>\n<p>&nbsp;<\/p>\n<p>Para mais informa\u00e7\u00f5es, acesse <a href=\"https:\/\/institucional.ufpel.edu.br\/servidores\/id\/36444\">aqui<\/a>.<\/p>\n<p>&nbsp;<\/p>\n","protected":false},"excerpt":{"rendered":"<p>Resumo Possui Gradua\u00e7\u00e3o em Licenciatura Plena em Matem\u00e1tica pela Universidade Federal de Pelotas (2003), Mestrado em Matem\u00e1tica pela Universidade Federal do Rio Grande do Sul (2006) e mestrado em Educa\u00e7\u00e3o Matem\u00e1tica pela Universidade Federal de Pelotas (2020), Doutorado em Matem\u00e1tica pela Universidade Estadual de Campinas (2011) e doutorado em Educa\u00e7\u00e3o pela Universidade Federal de Pelotas [&hellip;]<\/p>\n","protected":false},"author":483,"featured_media":0,"parent":0,"menu_order":0,"comment_status":"closed","ping_status":"closed","template":"","meta":{"footnotes":""},"class_list":["post-27","page","type-page","status-publish","hentry"],"_links":{"self":[{"href":"https:\/\/wp.ufpel.edu.br\/ciceronachtigall\/wp-json\/wp\/v2\/pages\/27","targetHints":{"allow":["GET"]}}],"collection":[{"href":"https:\/\/wp.ufpel.edu.br\/ciceronachtigall\/wp-json\/wp\/v2\/pages"}],"about":[{"href":"https:\/\/wp.ufpel.edu.br\/ciceronachtigall\/wp-json\/wp\/v2\/types\/page"}],"author":[{"embeddable":true,"href":"https:\/\/wp.ufpel.edu.br\/ciceronachtigall\/wp-json\/wp\/v2\/users\/483"}],"replies":[{"embeddable":true,"href":"https:\/\/wp.ufpel.edu.br\/ciceronachtigall\/wp-json\/wp\/v2\/comments?post=27"}],"version-history":[{"count":3,"href":"https:\/\/wp.ufpel.edu.br\/ciceronachtigall\/wp-json\/wp\/v2\/pages\/27\/revisions"}],"predecessor-version":[{"id":198,"href":"https:\/\/wp.ufpel.edu.br\/ciceronachtigall\/wp-json\/wp\/v2\/pages\/27\/revisions\/198"}],"wp:attachment":[{"href":"https:\/\/wp.ufpel.edu.br\/ciceronachtigall\/wp-json\/wp\/v2\/media?parent=27"}],"curies":[{"name":"wp","href":"https:\/\/api.w.org\/{rel}","templated":true}]}}