{"id":185,"date":"2016-08-08T11:16:12","date_gmt":"2016-08-08T14:16:12","guid":{"rendered":"https:\/\/wp.ufpel.edu.br\/ciceronachtigall\/?page_id=185"},"modified":"2016-08-08T12:12:17","modified_gmt":"2016-08-08T15:12:17","slug":"185-2","status":"publish","type":"page","link":"https:\/\/wp.ufpel.edu.br\/ciceronachtigall\/disciplinas\/20162-2\/185-2\/","title":{"rendered":"C\u00e1lculo I &#8211; M1"},"content":{"rendered":"<p>Nesta p\u00e1gina voc\u00ea encontra informa\u00e7\u00f5es importantes sobre a disciplina de C\u00e1lculo I (010016), turma M1, oferecida pelo Departamento de Matem\u00e1tica e Estat\u00edstica em 2016\/2.<\/p>\n<p><a href=\"https:\/\/wp.ufpel.edu.br\/ciceronachtigall\/files\/2016\/08\/Plano_de_Calculo_I_M1_2016_2.pdf\"><strong>Plano de Ensino.<\/strong><\/a><\/p>\n<p><strong>Hor\u00e1rios das aulas:<\/strong> Segunda-feira (das 08:30 as 10:10), quarta-feira (das 10:30 as 12:10) e sexta-feira (das 08:30 as 10:10).<\/p>\n<p><strong>Local das aulas:<\/strong> Campus Cap\u00e3o do Le\u00e3o, sala MM3, pr\u00e9dio 05.<\/p>\n<p><strong>Professor Respons\u00e1vel:<\/strong> C\u00edcero Nachtigall.<\/p>\n<p><strong>Ementa:\u00a0<\/strong>Conjuntos num\u00e9ricos. Limite de fun\u00e7\u00f5es. C\u00e1lculo de indetermina\u00e7\u00f5es. Continuidade: propriedades locais e globais, continuidade de fun\u00e7\u00f5es elementares. Diferenciabilidade: conceitos e regras b\u00e1sicas, derivadas de fun\u00e7\u00f5es elementares, aplica\u00e7\u00f5es. An\u00e1lise de comportamento de fun\u00e7\u00f5es. F\u00f3rmula de Taylor.<\/p>\n<p><strong>Datas das Provas:<\/strong><\/p>\n<p>Prova 01: 14\/09\/16<\/p>\n<p>Prova 02: 26\/10\/16<\/p>\n<p>Prova 03: 07\/12\/16<\/p>\n<p>Exame<strong>: <\/strong>12\/12\/16<\/p>\n","protected":false},"excerpt":{"rendered":"<p>Nesta p\u00e1gina voc\u00ea encontra informa\u00e7\u00f5es importantes sobre a disciplina de C\u00e1lculo I (010016), turma M1, oferecida pelo Departamento de Matem\u00e1tica e Estat\u00edstica em 2016\/2. Plano de Ensino. Hor\u00e1rios das aulas: Segunda-feira (das 08:30 as 10:10), quarta-feira (das 10:30 as 12:10) e sexta-feira (das 08:30 as 10:10). Local das aulas: Campus Cap\u00e3o do Le\u00e3o, sala MM3, [&hellip;]<\/p>\n","protected":false},"author":483,"featured_media":0,"parent":182,"menu_order":0,"comment_status":"closed","ping_status":"closed","template":"","meta":{"footnotes":""},"class_list":["post-185","page","type-page","status-publish","hentry"],"_links":{"self":[{"href":"https:\/\/wp.ufpel.edu.br\/ciceronachtigall\/wp-json\/wp\/v2\/pages\/185","targetHints":{"allow":["GET"]}}],"collection":[{"href":"https:\/\/wp.ufpel.edu.br\/ciceronachtigall\/wp-json\/wp\/v2\/pages"}],"about":[{"href":"https:\/\/wp.ufpel.edu.br\/ciceronachtigall\/wp-json\/wp\/v2\/types\/page"}],"author":[{"embeddable":true,"href":"https:\/\/wp.ufpel.edu.br\/ciceronachtigall\/wp-json\/wp\/v2\/users\/483"}],"replies":[{"embeddable":true,"href":"https:\/\/wp.ufpel.edu.br\/ciceronachtigall\/wp-json\/wp\/v2\/comments?post=185"}],"version-history":[{"count":3,"href":"https:\/\/wp.ufpel.edu.br\/ciceronachtigall\/wp-json\/wp\/v2\/pages\/185\/revisions"}],"predecessor-version":[{"id":195,"href":"https:\/\/wp.ufpel.edu.br\/ciceronachtigall\/wp-json\/wp\/v2\/pages\/185\/revisions\/195"}],"up":[{"embeddable":true,"href":"https:\/\/wp.ufpel.edu.br\/ciceronachtigall\/wp-json\/wp\/v2\/pages\/182"}],"wp:attachment":[{"href":"https:\/\/wp.ufpel.edu.br\/ciceronachtigall\/wp-json\/wp\/v2\/media?parent=185"}],"curies":[{"name":"wp","href":"https:\/\/api.w.org\/{rel}","templated":true}]}}