{"id":163,"date":"2016-02-17T13:09:28","date_gmt":"2016-02-17T15:09:28","guid":{"rendered":"https:\/\/wp.ufpel.edu.br\/ciceronachtigall\/?page_id=163"},"modified":"2016-02-17T13:22:06","modified_gmt":"2016-02-17T15:22:06","slug":"pre-calculo-m2","status":"publish","type":"page","link":"https:\/\/wp.ufpel.edu.br\/ciceronachtigall\/disciplinas\/2016_1\/pre-calculo-m2\/","title":{"rendered":"Pr\u00e9-C\u00e1lculo"},"content":{"rendered":"<p>Nesta p\u00e1gina voc\u00ea encontra informa\u00e7\u00f5es importantes sobre a disciplina de Pr\u00e9-C\u00e1lculo (0100229), turma M2, oferecida pelo Departamento de Matem\u00e1tica e Estat\u00edstica ao Curso de Licenciatura em Matem\u00e1tica \u2013 Noturno em 2016\/1.<\/p>\n<p><strong><a href=\"https:\/\/wp.ufpel.edu.br\/ciceronachtigall\/files\/2016\/02\/Plano_de_Pre-Calculo_M2_2016_1.pdf\">Plano de Ensino.<\/a><\/strong><\/p>\n<p><strong>Hor\u00e1rios das aulas:<\/strong> Segunda-feira (das 19:00 as 20:30), quarta-feira (das 20:30 as 22:20) e sexta-feira (das 19:00 as 20:30).<\/p>\n<p><strong>Local das aulas:<\/strong> Campus Porto, sala 220 (Segunda-feira e sexta-feira) e sala 214 (Quarta-feira).<\/p>\n<p><strong>Professor Respons\u00e1vel:<\/strong> C\u00edcero Nachtigall.<\/p>\n<p><strong>Ementa: <\/strong>N\u00fameros reais. Sistema de coordenadas cartesianas. Fun\u00e7\u00f5es reais de uma vari\u00e1vel real: conceitos b\u00e1sicos; fun\u00e7\u00f5es par, \u00edmpar, peri\u00f3dica e mon\u00f3tona; extremos; fun\u00e7\u00e3o bijetora, fun\u00e7\u00f5es composta e inversa; gr\u00e1ficos. Fun\u00e7\u00f5es linear e afim. Fun\u00e7\u00f5es potenciais e fun\u00e7\u00f5es ra\u00edzes. Fun\u00e7\u00f5es racionais. Fun\u00e7\u00f5es exponenciais e logar\u00edtmicas. Fun\u00e7\u00f5es trigonom\u00e9tricas e inversas. N\u00fameros complexos: opera\u00e7\u00f5es, propriedades, ra\u00edzes.<\/p>\n<p><strong>Datas das Provas:<\/strong><\/p>\n<p>Prova 01: 20\/04\/16<\/p>\n<p>Prova 02: 30\/05\/16<\/p>\n<p>Prova 03: 08\/07\/16<\/p>\n<p>Exame<strong>: <\/strong>13\/07\/16<\/p>\n","protected":false},"excerpt":{"rendered":"<p>Nesta p\u00e1gina voc\u00ea encontra informa\u00e7\u00f5es importantes sobre a disciplina de Pr\u00e9-C\u00e1lculo (0100229), turma M2, oferecida pelo Departamento de Matem\u00e1tica e Estat\u00edstica ao Curso de Licenciatura em Matem\u00e1tica \u2013 Noturno em 2016\/1. Plano de Ensino. Hor\u00e1rios das aulas: Segunda-feira (das 19:00 as 20:30), quarta-feira (das 20:30 as 22:20) e sexta-feira (das 19:00 as 20:30). Local das [&hellip;]<\/p>\n","protected":false},"author":483,"featured_media":0,"parent":160,"menu_order":0,"comment_status":"closed","ping_status":"closed","template":"","meta":{"footnotes":""},"class_list":["post-163","page","type-page","status-publish","hentry"],"_links":{"self":[{"href":"https:\/\/wp.ufpel.edu.br\/ciceronachtigall\/wp-json\/wp\/v2\/pages\/163","targetHints":{"allow":["GET"]}}],"collection":[{"href":"https:\/\/wp.ufpel.edu.br\/ciceronachtigall\/wp-json\/wp\/v2\/pages"}],"about":[{"href":"https:\/\/wp.ufpel.edu.br\/ciceronachtigall\/wp-json\/wp\/v2\/types\/page"}],"author":[{"embeddable":true,"href":"https:\/\/wp.ufpel.edu.br\/ciceronachtigall\/wp-json\/wp\/v2\/users\/483"}],"replies":[{"embeddable":true,"href":"https:\/\/wp.ufpel.edu.br\/ciceronachtigall\/wp-json\/wp\/v2\/comments?post=163"}],"version-history":[{"count":6,"href":"https:\/\/wp.ufpel.edu.br\/ciceronachtigall\/wp-json\/wp\/v2\/pages\/163\/revisions"}],"predecessor-version":[{"id":171,"href":"https:\/\/wp.ufpel.edu.br\/ciceronachtigall\/wp-json\/wp\/v2\/pages\/163\/revisions\/171"}],"up":[{"embeddable":true,"href":"https:\/\/wp.ufpel.edu.br\/ciceronachtigall\/wp-json\/wp\/v2\/pages\/160"}],"wp:attachment":[{"href":"https:\/\/wp.ufpel.edu.br\/ciceronachtigall\/wp-json\/wp\/v2\/media?parent=163"}],"curies":[{"name":"wp","href":"https:\/\/api.w.org\/{rel}","templated":true}]}}