{"id":16,"date":"2015-02-25T10:17:16","date_gmt":"2015-02-25T13:17:16","guid":{"rendered":"https:\/\/wp.ufpel.edu.br\/ciceronachtigall\/?page_id=16"},"modified":"2015-03-09T16:48:03","modified_gmt":"2015-03-09T19:48:03","slug":"pre-calculo-m2","status":"publish","type":"page","link":"https:\/\/wp.ufpel.edu.br\/ciceronachtigall\/disciplinas\/20151-2\/pre-calculo-m2\/","title":{"rendered":"Pr\u00e9-C\u00e1lculo M2"},"content":{"rendered":"<p style=\"text-align: center\">\u00a0\u00a0\u00a0\u00a0\u00a0\u00a0\u00a0\u00a0\u00a0\u00a0\u00a0\u00a0\u00a0\u00a0\u00a0\u00a0\u00a0\u00a0\u00a0<span style=\"font-size: 14pt\"> <strong>Disciplina de Pr\u00e9-C\u00e1lculo<\/strong><\/span><\/p>\n<p>\u00a0\u00a0\u00a0\u00a0\u00a0\u00a0\u00a0\u00a0\u00a0\u00a0\u00a0\u00a0\u00a0\u00a0\u00a0\u00a0\u00a0\u00a0\u00a0\u00a0 Nesta p\u00e1gina voc\u00ea encontra informa\u00e7\u00f5es importantes sobre a disciplina de Pr\u00e9-C\u00e1lculo (0100229), turma M2, oferecida pelo Departamento de Matem\u00e1tica e Estat\u00edstica ao Curso de Licenciatura em Matem\u00e1tica &#8211; Noturno em 2015\/1.<\/p>\n<p><a href=\"https:\/\/wp.ufpel.edu.br\/ciceronachtigall\/files\/2015\/03\/Plano_de_Pre-Calculo_M2_2015_1.pdf\"><strong><span style=\"color: #0000ff\">Plano de Ensino.<\/span><\/strong><\/a><\/p>\n<p><a href=\"https:\/\/wp.ufpel.edu.br\/ciceronachtigall\/files\/2015\/03\/Pre_Calculo_M2_Frequencia.pdf\"><strong><span style=\"color: #0000ff\">Frequ\u00eancias e conte\u00fados trabalhados.<\/span><\/strong><\/a><\/p>\n<p><strong>Hor\u00e1rios das aulas:<\/strong> Segunda-feira (das 19:00 as 20:30), quarta-feira (das 20:30 as 22:20) e sexta-feira (das 19:00 as 20:30).<\/p>\n<p><strong>Local das aulas:<\/strong> Campus Porto, sala 220.<\/p>\n<p><strong>Professor Respons\u00e1vel:<\/strong> C\u00edcero Nachtigall.<\/p>\n<p><strong>Ementa: <\/strong>N\u00fameros reais. Sistema de coordenadas cartesianas. Fun\u00e7\u00f5es reais de uma vari\u00e1vel real: conceitos b\u00e1sicos; fun\u00e7\u00f5es par, \u00edmpar, peri\u00f3dica e mon\u00f3tona; extremos; fun\u00e7\u00e3o bijetora, fun\u00e7\u00f5es composta e inversa; gr\u00e1ficos. Fun\u00e7\u00f5es linear e afim. Fun\u00e7\u00f5es potenciais e fun\u00e7\u00f5es ra\u00edzes. Fun\u00e7\u00f5es racionais. Fun\u00e7\u00f5es exponenciais e logar\u00edtmicas. Fun\u00e7\u00f5es trigonom\u00e9tricas e inversas. N\u00fameros complexos: opera\u00e7\u00f5es, propriedades, ra\u00edzes.<\/p>\n<p><strong>Datas das Provas:<\/strong><\/p>\n<p>Prova 01: 10\/04\/15<\/p>\n<p>Prova 02: 20\/05\/15<\/p>\n<p>Prova 03: 29\/06\/15<\/p>\n<p>Prova Optativa: 03\/07\/15<\/p>\n<p>Exame<strong>: <\/strong>08\/07\/15<\/p>\n","protected":false},"excerpt":{"rendered":"<p>\u00a0\u00a0\u00a0\u00a0\u00a0\u00a0\u00a0\u00a0\u00a0\u00a0\u00a0\u00a0\u00a0\u00a0\u00a0\u00a0\u00a0\u00a0\u00a0 Disciplina de Pr\u00e9-C\u00e1lculo \u00a0\u00a0\u00a0\u00a0\u00a0\u00a0\u00a0\u00a0\u00a0\u00a0\u00a0\u00a0\u00a0\u00a0\u00a0\u00a0\u00a0\u00a0\u00a0\u00a0 Nesta p\u00e1gina voc\u00ea encontra informa\u00e7\u00f5es importantes sobre a disciplina de Pr\u00e9-C\u00e1lculo (0100229), turma M2, oferecida pelo Departamento de Matem\u00e1tica e Estat\u00edstica ao Curso de Licenciatura em Matem\u00e1tica &#8211; Noturno em 2015\/1. Plano de Ensino. Frequ\u00eancias e conte\u00fados trabalhados. Hor\u00e1rios das aulas: Segunda-feira (das 19:00 as 20:30), quarta-feira (das 20:30 as [&hellip;]<\/p>\n","protected":false},"author":483,"featured_media":0,"parent":13,"menu_order":0,"comment_status":"closed","ping_status":"closed","template":"","meta":{"footnotes":""},"class_list":["post-16","page","type-page","status-publish","hentry"],"_links":{"self":[{"href":"https:\/\/wp.ufpel.edu.br\/ciceronachtigall\/wp-json\/wp\/v2\/pages\/16","targetHints":{"allow":["GET"]}}],"collection":[{"href":"https:\/\/wp.ufpel.edu.br\/ciceronachtigall\/wp-json\/wp\/v2\/pages"}],"about":[{"href":"https:\/\/wp.ufpel.edu.br\/ciceronachtigall\/wp-json\/wp\/v2\/types\/page"}],"author":[{"embeddable":true,"href":"https:\/\/wp.ufpel.edu.br\/ciceronachtigall\/wp-json\/wp\/v2\/users\/483"}],"replies":[{"embeddable":true,"href":"https:\/\/wp.ufpel.edu.br\/ciceronachtigall\/wp-json\/wp\/v2\/comments?post=16"}],"version-history":[{"count":15,"href":"https:\/\/wp.ufpel.edu.br\/ciceronachtigall\/wp-json\/wp\/v2\/pages\/16\/revisions"}],"predecessor-version":[{"id":123,"href":"https:\/\/wp.ufpel.edu.br\/ciceronachtigall\/wp-json\/wp\/v2\/pages\/16\/revisions\/123"}],"up":[{"embeddable":true,"href":"https:\/\/wp.ufpel.edu.br\/ciceronachtigall\/wp-json\/wp\/v2\/pages\/13"}],"wp:attachment":[{"href":"https:\/\/wp.ufpel.edu.br\/ciceronachtigall\/wp-json\/wp\/v2\/media?parent=16"}],"curies":[{"name":"wp","href":"https:\/\/api.w.org\/{rel}","templated":true}]}}