{"id":143,"date":"2015-08-06T13:53:15","date_gmt":"2015-08-06T16:53:15","guid":{"rendered":"https:\/\/wp.ufpel.edu.br\/ciceronachtigall\/?page_id=143"},"modified":"2015-08-06T14:05:50","modified_gmt":"2015-08-06T17:05:50","slug":"analise-real-i","status":"publish","type":"page","link":"https:\/\/wp.ufpel.edu.br\/ciceronachtigall\/disciplinas\/20152-2\/analise-real-i\/","title":{"rendered":"An\u00e1lise Real I"},"content":{"rendered":"<p>Nesta p\u00e1gina voc\u00ea encontra informa\u00e7\u00f5es importantes sobre a disciplina de An\u00e1lise Real I (0100166), turma M1, oferecida pelo Departamento de Matem\u00e1tica e Estat\u00edstica ao Curso de Licenciatura em Matem\u00e1tica \u2013 Noturno em 2015\/2.<\/p>\n<p><span style=\"color: #0000ff\"><a style=\"color: #0000ff\" href=\"https:\/\/wp.ufpel.edu.br\/ciceronachtigall\/files\/2015\/08\/Plano_de_Analise_2015_2.pdf\"><strong>Plano de Ensino.<\/strong><\/a><\/span><\/p>\n<p><strong>Hor\u00e1rios das aulas:<\/strong> Segunda-feira (das 20:30 as 22:20), quarta-feira\u00a0(das 19:00 as 20:30) e sexta-feira (das 20:30 as 22:20).<\/p>\n<p><strong>Local das aulas:<\/strong> Campus Porto, sala 316.<\/p>\n<p><strong>Professor Respons\u00e1vel:<\/strong> C\u00edcero Nachtigall.<\/p>\n<p><strong>Ementa:\u00a0<\/strong>N\u00fameros e conjuntos reais, principais propriedades topol\u00f3gicas de conjuntos na reta. Teoria de limites: limites de fun\u00e7\u00f5es e seq\u00fc\u00eancias e suas propriedades, fun\u00e7\u00f5es infinitesimais, lema de Bolzano-Weirstrass. Continuidade: conceito e propriedades b\u00e1sicas, continuidade de fun\u00e7\u00f5es elementares e mon\u00f3tonas, classifica\u00e7\u00e3o de descontinuidades, propriedades globais de fun\u00e7\u00f5es continuas, continuidade uniforme.<\/p>\n<p>&nbsp;<\/p>\n<p><strong>Previs\u00e3o de datas das provas:\u00a0\u00a0\u00a0\u00a0 <\/strong><\/p>\n<p>Prova 01: 14\/09\/15<\/p>\n<p>Prova 02: 21\/10\/15<\/p>\n<p>Prova 03: 04\/12\/15<\/p>\n<p>Exame<strong>: <\/strong>11\/12\/15<\/p>\n<p>&nbsp;<\/p>\n","protected":false},"excerpt":{"rendered":"<p>Nesta p\u00e1gina voc\u00ea encontra informa\u00e7\u00f5es importantes sobre a disciplina de An\u00e1lise Real I (0100166), turma M1, oferecida pelo Departamento de Matem\u00e1tica e Estat\u00edstica ao Curso de Licenciatura em Matem\u00e1tica \u2013 Noturno em 2015\/2. Plano de Ensino. Hor\u00e1rios das aulas: Segunda-feira (das 20:30 as 22:20), quarta-feira\u00a0(das 19:00 as 20:30) e sexta-feira (das 20:30 as 22:20). Local [&hellip;]<\/p>\n","protected":false},"author":483,"featured_media":0,"parent":141,"menu_order":0,"comment_status":"closed","ping_status":"closed","template":"","meta":{"footnotes":""},"class_list":["post-143","page","type-page","status-publish","hentry"],"_links":{"self":[{"href":"https:\/\/wp.ufpel.edu.br\/ciceronachtigall\/wp-json\/wp\/v2\/pages\/143","targetHints":{"allow":["GET"]}}],"collection":[{"href":"https:\/\/wp.ufpel.edu.br\/ciceronachtigall\/wp-json\/wp\/v2\/pages"}],"about":[{"href":"https:\/\/wp.ufpel.edu.br\/ciceronachtigall\/wp-json\/wp\/v2\/types\/page"}],"author":[{"embeddable":true,"href":"https:\/\/wp.ufpel.edu.br\/ciceronachtigall\/wp-json\/wp\/v2\/users\/483"}],"replies":[{"embeddable":true,"href":"https:\/\/wp.ufpel.edu.br\/ciceronachtigall\/wp-json\/wp\/v2\/comments?post=143"}],"version-history":[{"count":5,"href":"https:\/\/wp.ufpel.edu.br\/ciceronachtigall\/wp-json\/wp\/v2\/pages\/143\/revisions"}],"predecessor-version":[{"id":150,"href":"https:\/\/wp.ufpel.edu.br\/ciceronachtigall\/wp-json\/wp\/v2\/pages\/143\/revisions\/150"}],"up":[{"embeddable":true,"href":"https:\/\/wp.ufpel.edu.br\/ciceronachtigall\/wp-json\/wp\/v2\/pages\/141"}],"wp:attachment":[{"href":"https:\/\/wp.ufpel.edu.br\/ciceronachtigall\/wp-json\/wp\/v2\/media?parent=143"}],"curies":[{"name":"wp","href":"https:\/\/api.w.org\/{rel}","templated":true}]}}