{"id":59,"date":"2022-02-14T15:51:16","date_gmt":"2022-02-14T18:51:16","guid":{"rendered":"https:\/\/wp.ufpel.edu.br\/ciceroescobar\/?page_id=59"},"modified":"2023-04-18T20:05:14","modified_gmt":"2023-04-18T23:05:14","slug":"quimica-ambiental","status":"publish","type":"page","link":"https:\/\/wp.ufpel.edu.br\/ciceroescobar\/quimica-ambiental\/","title":{"rendered":"Qu\u00edmica Ambiental (gradua\u00e7\u00e3o)"},"content":{"rendered":"","protected":false},"excerpt":{"rendered":"","protected":false},"author":1197,"featured_media":0,"parent":0,"menu_order":0,"comment_status":"closed","ping_status":"closed","template":"","meta":{"footnotes":""},"class_list":["post-59","page","type-page","status-publish","hentry"],"_links":{"self":[{"href":"https:\/\/wp.ufpel.edu.br\/ciceroescobar\/wp-json\/wp\/v2\/pages\/59","targetHints":{"allow":["GET"]}}],"collection":[{"href":"https:\/\/wp.ufpel.edu.br\/ciceroescobar\/wp-json\/wp\/v2\/pages"}],"about":[{"href":"https:\/\/wp.ufpel.edu.br\/ciceroescobar\/wp-json\/wp\/v2\/types\/page"}],"author":[{"embeddable":true,"href":"https:\/\/wp.ufpel.edu.br\/ciceroescobar\/wp-json\/wp\/v2\/users\/1197"}],"replies":[{"embeddable":true,"href":"https:\/\/wp.ufpel.edu.br\/ciceroescobar\/wp-json\/wp\/v2\/comments?post=59"}],"version-history":[{"count":2,"href":"https:\/\/wp.ufpel.edu.br\/ciceroescobar\/wp-json\/wp\/v2\/pages\/59\/revisions"}],"predecessor-version":[{"id":507,"href":"https:\/\/wp.ufpel.edu.br\/ciceroescobar\/wp-json\/wp\/v2\/pages\/59\/revisions\/507"}],"wp:attachment":[{"href":"https:\/\/wp.ufpel.edu.br\/ciceroescobar\/wp-json\/wp\/v2\/media?parent=59"}],"curies":[{"name":"wp","href":"https:\/\/api.w.org\/{rel}","templated":true}]}}