{"id":205,"date":"2022-08-01T08:48:53","date_gmt":"2022-08-01T11:48:53","guid":{"rendered":"https:\/\/wp.ufpel.edu.br\/ciceroescobar\/?page_id=205"},"modified":"2025-10-29T14:55:48","modified_gmt":"2025-10-29T17:55:48","slug":"resolucao-dos-exercicios","status":"publish","type":"page","link":"https:\/\/wp.ufpel.edu.br\/ciceroescobar\/termodinamica-e-transferencia-de-calor\/resolucao-dos-exercicios\/","title":{"rendered":"Resolu\u00e7\u00e3o dos Exerc\u00edcios"},"content":{"rendered":"","protected":true},"excerpt":{"rendered":"","protected":true},"author":1197,"featured_media":0,"parent":193,"menu_order":0,"comment_status":"closed","ping_status":"closed","template":"","meta":{"footnotes":""},"class_list":["post-205","page","type-page","status-publish","post-password-required","hentry"],"_links":{"self":[{"href":"https:\/\/wp.ufpel.edu.br\/ciceroescobar\/wp-json\/wp\/v2\/pages\/205","targetHints":{"allow":["GET"]}}],"collection":[{"href":"https:\/\/wp.ufpel.edu.br\/ciceroescobar\/wp-json\/wp\/v2\/pages"}],"about":[{"href":"https:\/\/wp.ufpel.edu.br\/ciceroescobar\/wp-json\/wp\/v2\/types\/page"}],"author":[{"embeddable":true,"href":"https:\/\/wp.ufpel.edu.br\/ciceroescobar\/wp-json\/wp\/v2\/users\/1197"}],"replies":[{"embeddable":true,"href":"https:\/\/wp.ufpel.edu.br\/ciceroescobar\/wp-json\/wp\/v2\/comments?post=205"}],"version-history":[{"count":4,"href":"https:\/\/wp.ufpel.edu.br\/ciceroescobar\/wp-json\/wp\/v2\/pages\/205\/revisions"}],"predecessor-version":[{"id":1095,"href":"https:\/\/wp.ufpel.edu.br\/ciceroescobar\/wp-json\/wp\/v2\/pages\/205\/revisions\/1095"}],"up":[{"embeddable":true,"href":"https:\/\/wp.ufpel.edu.br\/ciceroescobar\/wp-json\/wp\/v2\/pages\/193"}],"wp:attachment":[{"href":"https:\/\/wp.ufpel.edu.br\/ciceroescobar\/wp-json\/wp\/v2\/media?parent=205"}],"curies":[{"name":"wp","href":"https:\/\/api.w.org\/{rel}","templated":true}]}}