{"id":172,"date":"2022-05-05T12:18:42","date_gmt":"2022-05-05T15:18:42","guid":{"rendered":"https:\/\/wp.ufpel.edu.br\/ciceroescobar\/?page_id=172"},"modified":"2023-05-02T22:54:44","modified_gmt":"2023-05-03T01:54:44","slug":"resolucao-dos-exercicios","status":"publish","type":"page","link":"https:\/\/wp.ufpel.edu.br\/ciceroescobar\/termodinamica-eas\/resolucao-dos-exercicios\/","title":{"rendered":"Resolu\u00e7\u00e3o dos Exerc\u00edcios"},"content":{"rendered":"","protected":true},"excerpt":{"rendered":"","protected":true},"author":1197,"featured_media":0,"parent":161,"menu_order":0,"comment_status":"closed","ping_status":"closed","template":"","meta":{"footnotes":""},"class_list":["post-172","page","type-page","status-publish","post-password-required","hentry"],"_links":{"self":[{"href":"https:\/\/wp.ufpel.edu.br\/ciceroescobar\/wp-json\/wp\/v2\/pages\/172","targetHints":{"allow":["GET"]}}],"collection":[{"href":"https:\/\/wp.ufpel.edu.br\/ciceroescobar\/wp-json\/wp\/v2\/pages"}],"about":[{"href":"https:\/\/wp.ufpel.edu.br\/ciceroescobar\/wp-json\/wp\/v2\/types\/page"}],"author":[{"embeddable":true,"href":"https:\/\/wp.ufpel.edu.br\/ciceroescobar\/wp-json\/wp\/v2\/users\/1197"}],"replies":[{"embeddable":true,"href":"https:\/\/wp.ufpel.edu.br\/ciceroescobar\/wp-json\/wp\/v2\/comments?post=172"}],"version-history":[{"count":10,"href":"https:\/\/wp.ufpel.edu.br\/ciceroescobar\/wp-json\/wp\/v2\/pages\/172\/revisions"}],"predecessor-version":[{"id":542,"href":"https:\/\/wp.ufpel.edu.br\/ciceroescobar\/wp-json\/wp\/v2\/pages\/172\/revisions\/542"}],"up":[{"embeddable":true,"href":"https:\/\/wp.ufpel.edu.br\/ciceroescobar\/wp-json\/wp\/v2\/pages\/161"}],"wp:attachment":[{"href":"https:\/\/wp.ufpel.edu.br\/ciceroescobar\/wp-json\/wp\/v2\/media?parent=172"}],"curies":[{"name":"wp","href":"https:\/\/api.w.org\/{rel}","templated":true}]}}