{"id":123,"date":"2022-04-04T11:34:11","date_gmt":"2022-04-04T14:34:11","guid":{"rendered":"https:\/\/wp.ufpel.edu.br\/ciceroescobar\/?page_id=123"},"modified":"2026-02-16T09:02:57","modified_gmt":"2026-02-16T12:02:57","slug":"arquivos-extras-tabelas-conversoes-propriedades-etc","status":"publish","type":"page","link":"https:\/\/wp.ufpel.edu.br\/ciceroescobar\/mecanica-dos-fluidos\/arquivos-extras-tabelas-conversoes-propriedades-etc\/","title":{"rendered":"Arquivos extras OBRIGAT\u00d3RIOS (Tabelas, convers\u00f5es, propriedades, Anota\u00e7\u00f5es de aula, etc.)"},"content":{"rendered":"","protected":true},"excerpt":{"rendered":"","protected":true},"author":1197,"featured_media":0,"parent":80,"menu_order":0,"comment_status":"closed","ping_status":"closed","template":"","meta":{"footnotes":""},"class_list":["post-123","page","type-page","status-publish","post-password-required","hentry"],"_links":{"self":[{"href":"https:\/\/wp.ufpel.edu.br\/ciceroescobar\/wp-json\/wp\/v2\/pages\/123","targetHints":{"allow":["GET"]}}],"collection":[{"href":"https:\/\/wp.ufpel.edu.br\/ciceroescobar\/wp-json\/wp\/v2\/pages"}],"about":[{"href":"https:\/\/wp.ufpel.edu.br\/ciceroescobar\/wp-json\/wp\/v2\/types\/page"}],"author":[{"embeddable":true,"href":"https:\/\/wp.ufpel.edu.br\/ciceroescobar\/wp-json\/wp\/v2\/users\/1197"}],"replies":[{"embeddable":true,"href":"https:\/\/wp.ufpel.edu.br\/ciceroescobar\/wp-json\/wp\/v2\/comments?post=123"}],"version-history":[{"count":4,"href":"https:\/\/wp.ufpel.edu.br\/ciceroescobar\/wp-json\/wp\/v2\/pages\/123\/revisions"}],"predecessor-version":[{"id":1128,"href":"https:\/\/wp.ufpel.edu.br\/ciceroescobar\/wp-json\/wp\/v2\/pages\/123\/revisions\/1128"}],"up":[{"embeddable":true,"href":"https:\/\/wp.ufpel.edu.br\/ciceroescobar\/wp-json\/wp\/v2\/pages\/80"}],"wp:attachment":[{"href":"https:\/\/wp.ufpel.edu.br\/ciceroescobar\/wp-json\/wp\/v2\/media?parent=123"}],"curies":[{"name":"wp","href":"https:\/\/api.w.org\/{rel}","templated":true}]}}