{"id":987,"date":"2023-03-29T09:13:54","date_gmt":"2023-03-29T12:13:54","guid":{"rendered":"https:\/\/wp.ufpel.edu.br\/cic\/?page_id=987"},"modified":"2024-11-28T21:23:42","modified_gmt":"2024-11-29T00:23:42","slug":"xxxi-cic-2022","status":"publish","type":"page","link":"https:\/\/wp.ufpel.edu.br\/cic\/edicoes-anteriores\/xxxi-cic-2022\/","title":{"rendered":"XXXI CIC (2022)"},"content":{"rendered":"<p style=\"text-align: center;\"><a href=\"https:\/\/wp.ufpel.edu.br\/cic\/files\/2022\/05\/CIC_2022.png\"><img loading=\"lazy\" decoding=\"async\" class=\"alignnone size-large wp-image-927\" src=\"https:\/\/wp.ufpel.edu.br\/cic\/files\/2022\/05\/CIC_2022-984x220.png\" alt=\"\" width=\"604\" height=\"135\" \/><\/a><strong>DE 17 A 21 DE OUTUBRO DE 2022<\/strong><\/p>\n<ul>\n<li><a href=\"https:\/\/wp.ufpel.edu.br\/cic\/anais\/anais-2022\/\">Anais 2022<\/a><\/li>\n<li><a href=\"https:\/\/wp.ufpel.edu.br\/cic\/category\/noticias\/2022\/\">Not\u00edcias<\/a><\/li>\n<\/ul>\n<h3>Comit\u00ea Executivo XXXI CIC<\/h3>\n<ul>\n<li>Marcos Britto Corr\u00eaa<\/li>\n<li>Cristina Rotta Assis<\/li>\n<li>J\u00falia de Oliveira Islab\u00e3o<\/li>\n<li>Rafael Pachon Elias<\/li>\n<\/ul>\n","protected":false},"excerpt":{"rendered":"<p>DE 17 A 21 DE OUTUBRO DE 2022 Anais 2022 Not\u00edcias Comit\u00ea Executivo XXXI CIC Marcos Britto Corr\u00eaa Cristina Rotta Assis J\u00falia de Oliveira Islab\u00e3o Rafael Pachon Elias<\/p>\n","protected":false},"author":20,"featured_media":0,"parent":446,"menu_order":0,"comment_status":"closed","ping_status":"closed","template":"","meta":{"jetpack_post_was_ever_published":false,"footnotes":"","_links_to":"","_links_to_target":""},"class_list":["post-987","page","type-page","status-publish","hentry"],"jetpack_sharing_enabled":true,"_links":{"self":[{"href":"https:\/\/wp.ufpel.edu.br\/cic\/wp-json\/wp\/v2\/pages\/987","targetHints":{"allow":["GET"]}}],"collection":[{"href":"https:\/\/wp.ufpel.edu.br\/cic\/wp-json\/wp\/v2\/pages"}],"about":[{"href":"https:\/\/wp.ufpel.edu.br\/cic\/wp-json\/wp\/v2\/types\/page"}],"author":[{"embeddable":true,"href":"https:\/\/wp.ufpel.edu.br\/cic\/wp-json\/wp\/v2\/users\/20"}],"replies":[{"embeddable":true,"href":"https:\/\/wp.ufpel.edu.br\/cic\/wp-json\/wp\/v2\/comments?post=987"}],"version-history":[{"count":2,"href":"https:\/\/wp.ufpel.edu.br\/cic\/wp-json\/wp\/v2\/pages\/987\/revisions"}],"predecessor-version":[{"id":1137,"href":"https:\/\/wp.ufpel.edu.br\/cic\/wp-json\/wp\/v2\/pages\/987\/revisions\/1137"}],"up":[{"embeddable":true,"href":"https:\/\/wp.ufpel.edu.br\/cic\/wp-json\/wp\/v2\/pages\/446"}],"wp:attachment":[{"href":"https:\/\/wp.ufpel.edu.br\/cic\/wp-json\/wp\/v2\/media?parent=987"}],"curies":[{"name":"wp","href":"https:\/\/api.w.org\/{rel}","templated":true}]}}