{"id":919,"date":"2022-05-10T10:20:00","date_gmt":"2022-05-10T13:20:00","guid":{"rendered":"https:\/\/wp.ufpel.edu.br\/cic\/?page_id=919"},"modified":"2022-05-10T10:46:18","modified_gmt":"2022-05-10T13:46:18","slug":"xxx-cic-2021","status":"publish","type":"page","link":"https:\/\/wp.ufpel.edu.br\/cic\/edicoes-anteriores\/xxx-cic-2021\/","title":{"rendered":"XXX CIC (2021)"},"content":{"rendered":"<p style=\"text-align: center;\"><a href=\"https:\/\/wp.ufpel.edu.br\/cic\/files\/2021\/06\/cropped-CIC_2021.png\"><img loading=\"lazy\" decoding=\"async\" class=\"aligncenter wp-image-875 size-large\" src=\"https:\/\/wp.ufpel.edu.br\/cic\/files\/2021\/06\/cropped-CIC_2021-984x220.png\" alt=\"\" width=\"604\" height=\"135\" \/><\/a><strong>DE 18 A 22 DE OUTUBRO DE 2021, EM FORMATO REMOTO.<\/strong><\/p>\n<ul>\n<li><a href=\"https:\/\/wp.ufpel.edu.br\/cic\/anais\/anais-2021\/\">Anais 2021<\/a><\/li>\n<li><a href=\"https:\/\/wp.ufpel.edu.br\/cic\/category\/noticias\/2021\/\">Not\u00edcias<\/a><\/li>\n<\/ul>\n<h3>Trabalhos apresentados (v\u00eddeos):<\/h3>\n<ul>\n<li><a href=\"https:\/\/cti.ufpel.edu.br\/siiepe\/apresentacoes\/2021\/ca\/cic\">Ci\u00eancias Agr\u00e1rias<\/a><\/li>\n<li><a href=\"https:\/\/cti.ufpel.edu.br\/siiepe\/apresentacoes\/2021\/cb\/cic\">Ci\u00eancias Biol\u00f3gicas<\/a><\/li>\n<li><a href=\"https:\/\/cti.ufpel.edu.br\/siiepe\/apresentacoes\/2021\/ce\/cic\">Ci\u00eancias Exatas e da Terra<\/a><\/li>\n<li><a href=\"https:\/\/cti.ufpel.edu.br\/siiepe\/apresentacoes\/2021\/ch\/cic\">Ci\u00eancias Humanas<\/a><\/li>\n<li><a href=\"https:\/\/cti.ufpel.edu.br\/siiepe\/apresentacoes\/2021\/cs\/cic\">Ci\u00eancias da Sa\u00fade<\/a><\/li>\n<li><a href=\"https:\/\/cti.ufpel.edu.br\/siiepe\/apresentacoes\/2021\/sa\/cic\">Ci\u00eancias Sociais Aplicadas<\/a><\/li>\n<li><a href=\"https:\/\/cti.ufpel.edu.br\/siiepe\/apresentacoes\/2021\/en\/cic\">Engenharias<\/a><\/li>\n<li><a href=\"https:\/\/cti.ufpel.edu.br\/siiepe\/apresentacoes\/2021\/la\/cic\">Ling\u00fc\u00edstica, Letras e Artes<\/a><\/li>\n<li><a href=\"https:\/\/cti.ufpel.edu.br\/siiepe\/apresentacoes\/2021\/md\/cic\">Multidisciplinar<\/a><\/li>\n<\/ul>\n<hr \/>\n<h3>Comit\u00ea Executivo XXIX CIC<\/h3>\n<ul>\n<li>Marcos Britto Corr\u00eaa<\/li>\n<li>Cristina Rotta Assis<\/li>\n<li>J\u00falia de Oliveira Islab\u00e3o<\/li>\n<li>Rafael Pachon Elias<\/li>\n<\/ul>\n<p>&nbsp;<\/p>\n","protected":false},"excerpt":{"rendered":"<p>DE 18 A 22 DE OUTUBRO DE 2021, EM FORMATO REMOTO. Anais 2021 Not\u00edcias Trabalhos apresentados (v\u00eddeos): Ci\u00eancias Agr\u00e1rias Ci\u00eancias Biol\u00f3gicas Ci\u00eancias Exatas e da Terra Ci\u00eancias Humanas Ci\u00eancias da Sa\u00fade Ci\u00eancias Sociais Aplicadas Engenharias Ling\u00fc\u00edstica, Letras e Artes Multidisciplinar Comit\u00ea Executivo XXIX CIC Marcos Britto Corr\u00eaa Cristina Rotta Assis J\u00falia de Oliveira Islab\u00e3o Rafael &hellip; <a href=\"https:\/\/wp.ufpel.edu.br\/cic\/edicoes-anteriores\/xxx-cic-2021\/\" class=\"more-link\">Continue lendo <span class=\"screen-reader-text\">XXX CIC (2021)<\/span> <span class=\"meta-nav\">&rarr;<\/span><\/a><\/p>\n","protected":false},"author":20,"featured_media":0,"parent":446,"menu_order":0,"comment_status":"closed","ping_status":"closed","template":"","meta":{"jetpack_post_was_ever_published":false,"footnotes":"","_links_to":"","_links_to_target":""},"class_list":["post-919","page","type-page","status-publish","hentry"],"jetpack_sharing_enabled":true,"_links":{"self":[{"href":"https:\/\/wp.ufpel.edu.br\/cic\/wp-json\/wp\/v2\/pages\/919","targetHints":{"allow":["GET"]}}],"collection":[{"href":"https:\/\/wp.ufpel.edu.br\/cic\/wp-json\/wp\/v2\/pages"}],"about":[{"href":"https:\/\/wp.ufpel.edu.br\/cic\/wp-json\/wp\/v2\/types\/page"}],"author":[{"embeddable":true,"href":"https:\/\/wp.ufpel.edu.br\/cic\/wp-json\/wp\/v2\/users\/20"}],"replies":[{"embeddable":true,"href":"https:\/\/wp.ufpel.edu.br\/cic\/wp-json\/wp\/v2\/comments?post=919"}],"version-history":[{"count":2,"href":"https:\/\/wp.ufpel.edu.br\/cic\/wp-json\/wp\/v2\/pages\/919\/revisions"}],"predecessor-version":[{"id":926,"href":"https:\/\/wp.ufpel.edu.br\/cic\/wp-json\/wp\/v2\/pages\/919\/revisions\/926"}],"up":[{"embeddable":true,"href":"https:\/\/wp.ufpel.edu.br\/cic\/wp-json\/wp\/v2\/pages\/446"}],"wp:attachment":[{"href":"https:\/\/wp.ufpel.edu.br\/cic\/wp-json\/wp\/v2\/media?parent=919"}],"curies":[{"name":"wp","href":"https:\/\/api.w.org\/{rel}","templated":true}]}}