{"id":9,"date":"2015-04-02T13:33:52","date_gmt":"2015-04-02T16:33:52","guid":{"rendered":"https:\/\/wp.ufpel.edu.br\/cic\/?page_id=9"},"modified":"2020-09-01T15:39:22","modified_gmt":"2020-09-01T18:39:22","slug":"sobre","status":"publish","type":"page","link":"https:\/\/wp.ufpel.edu.br\/cic\/sobre\/","title":{"rendered":"Sobre"},"content":{"rendered":"<p>CONGRESSO DE INICIA\u00c7\u00c3O CIENT\u00cdFICA<\/p>\n<p style=\"text-align: justify\">A Semana Integrada de Inova\u00e7\u00e3o, Ensino, Pesquisa e Extens\u00e3o (SIIEPE) surgiu da concomit\u00e2ncia dos eventos: Congresso de Inova\u00e7\u00e3o Tecnol\u00f3gica (CIT), Congresso de Inicia\u00e7\u00e3o Cient\u00edfica (CIC), Congresso de Ensino de Gradua\u00e7\u00e3o (CEG), Congresso de Extens\u00e3o e Cultura (CEC) e Encontro da P\u00f3s-Gradua\u00e7\u00e3o (ENPOS) realizados pelas Pr\u00f3-Reitorias Acad\u00eamicas da UFPel.<\/p>\n<p>O <strong>Congresso de Inicia\u00e7\u00e3o Cient\u00edfica<\/strong> tem por objetivos:<\/p>\n<ul>\n<li>Valorizar o corpo docente da institui\u00e7\u00e3o dedicado ao desenvolvimento de atividades de pesquisa;<\/li>\n<li>Incentivar alunos de gradua\u00e7\u00e3o visando \u00e0 forma\u00e7\u00e3o de novos pesquisadores e qualificando-os para os programas de p\u00f3s-gradua\u00e7\u00e3o;<\/li>\n<li>Fomentar a atividade de pesquisa na UFPEL;<\/li>\n<li>Integrar a comunidade cient\u00edfica e acad\u00eamica;<\/li>\n<li>Promover a intera\u00e7\u00e3o entre a UFPEL e institui\u00e7\u00f5es com interesse nas atividades de pesquisa desenvolvidas nesta universidade;<\/li>\n<li>Divulgar o desenvolvimento da pesquisa desenvolvida na institui\u00e7\u00e3o e aproximar a pesquisa universit\u00e1ria e a sociedade.<\/li>\n<\/ul>\n<p>O CIC \u00e9 o maior evento cient\u00edfico da UFPEL, congregando alunos e professores das mais diferentes \u00e1reas do conhecimento e de in\u00fameras institui\u00e7\u00f5es de ensino e pesquisa do Brasil e do exterior.<\/p>\n<p>&nbsp;<\/p>\n","protected":false},"excerpt":{"rendered":"<p>CONGRESSO DE INICIA\u00c7\u00c3O CIENT\u00cdFICA A Semana Integrada de Inova\u00e7\u00e3o, Ensino, Pesquisa e Extens\u00e3o (SIIEPE) surgiu da concomit\u00e2ncia dos eventos: Congresso de Inova\u00e7\u00e3o Tecnol\u00f3gica (CIT), Congresso de Inicia\u00e7\u00e3o Cient\u00edfica (CIC), Congresso de Ensino de Gradua\u00e7\u00e3o (CEG), Congresso de Extens\u00e3o e Cultura (CEC) e Encontro da P\u00f3s-Gradua\u00e7\u00e3o (ENPOS) realizados pelas Pr\u00f3-Reitorias Acad\u00eamicas da UFPel. O Congresso de &hellip; <a href=\"https:\/\/wp.ufpel.edu.br\/cic\/sobre\/\" class=\"more-link\">Continue lendo <span class=\"screen-reader-text\">Sobre<\/span> <span class=\"meta-nav\">&rarr;<\/span><\/a><\/p>\n","protected":false},"author":296,"featured_media":0,"parent":0,"menu_order":0,"comment_status":"closed","ping_status":"closed","template":"","meta":{"jetpack_post_was_ever_published":false,"footnotes":"","_links_to":"","_links_to_target":""},"class_list":["post-9","page","type-page","status-publish","hentry"],"jetpack_sharing_enabled":true,"_links":{"self":[{"href":"https:\/\/wp.ufpel.edu.br\/cic\/wp-json\/wp\/v2\/pages\/9","targetHints":{"allow":["GET"]}}],"collection":[{"href":"https:\/\/wp.ufpel.edu.br\/cic\/wp-json\/wp\/v2\/pages"}],"about":[{"href":"https:\/\/wp.ufpel.edu.br\/cic\/wp-json\/wp\/v2\/types\/page"}],"author":[{"embeddable":true,"href":"https:\/\/wp.ufpel.edu.br\/cic\/wp-json\/wp\/v2\/users\/296"}],"replies":[{"embeddable":true,"href":"https:\/\/wp.ufpel.edu.br\/cic\/wp-json\/wp\/v2\/comments?post=9"}],"version-history":[{"count":6,"href":"https:\/\/wp.ufpel.edu.br\/cic\/wp-json\/wp\/v2\/pages\/9\/revisions"}],"predecessor-version":[{"id":816,"href":"https:\/\/wp.ufpel.edu.br\/cic\/wp-json\/wp\/v2\/pages\/9\/revisions\/816"}],"wp:attachment":[{"href":"https:\/\/wp.ufpel.edu.br\/cic\/wp-json\/wp\/v2\/media?parent=9"}],"curies":[{"name":"wp","href":"https:\/\/api.w.org\/{rel}","templated":true}]}}