{"id":796,"date":"2020-03-12T12:35:36","date_gmt":"2020-03-12T15:35:36","guid":{"rendered":"https:\/\/wp.ufpel.edu.br\/cic\/?page_id=796"},"modified":"2020-03-12T12:35:36","modified_gmt":"2020-03-12T15:35:36","slug":"xxviii-cic-2019","status":"publish","type":"page","link":"https:\/\/wp.ufpel.edu.br\/cic\/edicoes-anteriores\/xxviii-cic-2019\/","title":{"rendered":"XXVIII CIC (2019)"},"content":{"rendered":"<p style=\"text-align: center;\"><a href=\"https:\/\/wp.ufpel.edu.br\/cic\/files\/2019\/08\/CIC.png\"><img loading=\"lazy\" decoding=\"async\" class=\"alignnone size-large wp-image-693\" src=\"https:\/\/wp.ufpel.edu.br\/cic\/files\/2019\/08\/CIC-984x220.png\" alt=\"\" width=\"604\" height=\"135\" \/><\/a><br \/>\nDe 21 a 25\/10\/2019 no Campus Cap\u00e3o do Le\u00e3o.<\/p>\n<ul>\n<li><a href=\"https:\/\/wp.ufpel.edu.br\/cic\/anais\/anais-2019\/\">Anais 2019<\/a><\/li>\n<li><a href=\"https:\/\/wp.ufpel.edu.br\/cic\/category\/noticias\/2019\/\">Not\u00edcias<\/a><\/li>\n<\/ul>\n<hr \/>\n<h3>Comit\u00ea Executivo XXVIII CIC<\/h3>\n<ul>\n<li>Marcos Britto Corr\u00eaa<\/li>\n<li>Cristina Rotta Assis<\/li>\n<li>J\u00falia de Oliveira Islab\u00e3o<\/li>\n<li>Rafael Pachon Elias<\/li>\n<\/ul>\n<p>&nbsp;<\/p>\n","protected":false},"excerpt":{"rendered":"<p>De 21 a 25\/10\/2019 no Campus Cap\u00e3o do Le\u00e3o. Anais 2019 Not\u00edcias Comit\u00ea Executivo XXVIII CIC Marcos Britto Corr\u00eaa Cristina Rotta Assis J\u00falia de Oliveira Islab\u00e3o Rafael Pachon Elias &nbsp;<\/p>\n","protected":false},"author":20,"featured_media":0,"parent":446,"menu_order":0,"comment_status":"closed","ping_status":"closed","template":"","meta":{"jetpack_post_was_ever_published":false,"footnotes":"","_links_to":"","_links_to_target":""},"class_list":["post-796","page","type-page","status-publish","hentry"],"jetpack_sharing_enabled":true,"_links":{"self":[{"href":"https:\/\/wp.ufpel.edu.br\/cic\/wp-json\/wp\/v2\/pages\/796","targetHints":{"allow":["GET"]}}],"collection":[{"href":"https:\/\/wp.ufpel.edu.br\/cic\/wp-json\/wp\/v2\/pages"}],"about":[{"href":"https:\/\/wp.ufpel.edu.br\/cic\/wp-json\/wp\/v2\/types\/page"}],"author":[{"embeddable":true,"href":"https:\/\/wp.ufpel.edu.br\/cic\/wp-json\/wp\/v2\/users\/20"}],"replies":[{"embeddable":true,"href":"https:\/\/wp.ufpel.edu.br\/cic\/wp-json\/wp\/v2\/comments?post=796"}],"version-history":[{"count":1,"href":"https:\/\/wp.ufpel.edu.br\/cic\/wp-json\/wp\/v2\/pages\/796\/revisions"}],"predecessor-version":[{"id":798,"href":"https:\/\/wp.ufpel.edu.br\/cic\/wp-json\/wp\/v2\/pages\/796\/revisions\/798"}],"up":[{"embeddable":true,"href":"https:\/\/wp.ufpel.edu.br\/cic\/wp-json\/wp\/v2\/pages\/446"}],"wp:attachment":[{"href":"https:\/\/wp.ufpel.edu.br\/cic\/wp-json\/wp\/v2\/media?parent=796"}],"curies":[{"name":"wp","href":"https:\/\/api.w.org\/{rel}","templated":true}]}}