{"id":680,"date":"2019-07-04T11:39:41","date_gmt":"2019-07-04T14:39:41","guid":{"rendered":"https:\/\/wp.ufpel.edu.br\/cic\/?page_id=680"},"modified":"2019-07-04T11:39:41","modified_gmt":"2019-07-04T14:39:41","slug":"xxvii-cic-2018","status":"publish","type":"page","link":"https:\/\/wp.ufpel.edu.br\/cic\/edicoes-anteriores\/xxvii-cic-2018\/","title":{"rendered":"XXVII CIC (2018)"},"content":{"rendered":"<p style=\"text-align: center;\"><a href=\"https:\/\/wp.ufpel.edu.br\/cic\/files\/2018\/06\/CIC2018.png\"><img loading=\"lazy\" decoding=\"async\" class=\"alignnone size-large wp-image-566\" src=\"https:\/\/wp.ufpel.edu.br\/cic\/files\/2018\/06\/CIC2018-984x220.png\" alt=\"\" width=\"604\" height=\"135\" \/><\/a><br \/>\nDe 22 a 26\/10\/2018 no Campus Anglo.<\/p>\n<ul>\n<li><a href=\"https:\/\/wp.ufpel.edu.br\/cic\/anais\/anais-2018\/\">Anais 2018<\/a><\/li>\n<li><a href=\"https:\/\/wp.ufpel.edu.br\/cic\/category\/noticias\/2018\/\">Not\u00edcias<\/a><\/li>\n<\/ul>\n<hr \/>\n<h3>Comit\u00ea Executivo XXVII CIC<\/h3>\n<ul>\n<li>Marcos Britto Corr\u00eaa<\/li>\n<li>Cristina Rotta Assis<\/li>\n<li>J\u00falia de Oliveira Islab\u00e3o<\/li>\n<li>Veridiana Sander Magalh\u00e3es<\/li>\n<\/ul>\n<p>&nbsp;<\/p>\n","protected":false},"excerpt":{"rendered":"<p>De 22 a 26\/10\/2018 no Campus Anglo. Anais 2018 Not\u00edcias Comit\u00ea Executivo XXVII CIC Marcos Britto Corr\u00eaa Cristina Rotta Assis J\u00falia de Oliveira Islab\u00e3o Veridiana Sander Magalh\u00e3es &nbsp;<\/p>\n","protected":false},"author":20,"featured_media":0,"parent":446,"menu_order":0,"comment_status":"closed","ping_status":"closed","template":"","meta":{"jetpack_post_was_ever_published":false,"footnotes":"","_links_to":"","_links_to_target":""},"class_list":["post-680","page","type-page","status-publish","hentry"],"jetpack_sharing_enabled":true,"_links":{"self":[{"href":"https:\/\/wp.ufpel.edu.br\/cic\/wp-json\/wp\/v2\/pages\/680","targetHints":{"allow":["GET"]}}],"collection":[{"href":"https:\/\/wp.ufpel.edu.br\/cic\/wp-json\/wp\/v2\/pages"}],"about":[{"href":"https:\/\/wp.ufpel.edu.br\/cic\/wp-json\/wp\/v2\/types\/page"}],"author":[{"embeddable":true,"href":"https:\/\/wp.ufpel.edu.br\/cic\/wp-json\/wp\/v2\/users\/20"}],"replies":[{"embeddable":true,"href":"https:\/\/wp.ufpel.edu.br\/cic\/wp-json\/wp\/v2\/comments?post=680"}],"version-history":[{"count":1,"href":"https:\/\/wp.ufpel.edu.br\/cic\/wp-json\/wp\/v2\/pages\/680\/revisions"}],"predecessor-version":[{"id":682,"href":"https:\/\/wp.ufpel.edu.br\/cic\/wp-json\/wp\/v2\/pages\/680\/revisions\/682"}],"up":[{"embeddable":true,"href":"https:\/\/wp.ufpel.edu.br\/cic\/wp-json\/wp\/v2\/pages\/446"}],"wp:attachment":[{"href":"https:\/\/wp.ufpel.edu.br\/cic\/wp-json\/wp\/v2\/media?parent=680"}],"curies":[{"name":"wp","href":"https:\/\/api.w.org\/{rel}","templated":true}]}}