{"id":557,"date":"2018-06-11T10:22:16","date_gmt":"2018-06-11T13:22:16","guid":{"rendered":"https:\/\/wp.ufpel.edu.br\/cic\/?page_id=557"},"modified":"2018-06-11T10:22:16","modified_gmt":"2018-06-11T13:22:16","slug":"xxvi-cic-2017","status":"publish","type":"page","link":"https:\/\/wp.ufpel.edu.br\/cic\/edicoes-anteriores\/xxvi-cic-2017\/","title":{"rendered":"XXVI CIC (2017)"},"content":{"rendered":"<p style=\"text-align: center;\"><img loading=\"lazy\" decoding=\"async\" class=\"alignnone size-large wp-image-434\" src=\"https:\/\/wp.ufpel.edu.br\/cic\/files\/2017\/08\/CIC-984x220.png\" alt=\"\" width=\"604\" height=\"135\" \/><br \/>\nDe 20 a 24\/11\/2017 no Campus Anglo e no Campus II<\/p>\n<ul>\n<li><a href=\"https:\/\/wp.ufpel.edu.br\/cic\/anais\/anais-2017\/\">Anais 2017<\/a><\/li>\n<li><a href=\"http:\/\/wp.ufpel.edu.br\/cic\/files\/2017\/09\/Regulamento-III-SIIEPE-2017-final.pdf\">Regulamento 3\u00aa Semana Integrada<\/a><\/li>\n<li><a href=\"https:\/\/wp.ufpel.edu.br\/cic\/category\/noticias\/2017\/\">Not\u00edcias<\/a><\/li>\n<\/ul>\n<hr \/>\n<h3>Comit\u00ea Executivo XXVI CIC<\/h3>\n<p>Cristina Rotta Assis<br \/>\nJ\u00falia de Oliveira Islab\u00e3o<br \/>\nVeridiana Sander Magalh\u00e3es<\/p>\n","protected":false},"excerpt":{"rendered":"<p>De 20 a 24\/11\/2017 no Campus Anglo e no Campus II Anais 2017 Regulamento 3\u00aa Semana Integrada Not\u00edcias Comit\u00ea Executivo XXVI CIC Cristina Rotta Assis J\u00falia de Oliveira Islab\u00e3o Veridiana Sander Magalh\u00e3es<\/p>\n","protected":false},"author":20,"featured_media":0,"parent":446,"menu_order":0,"comment_status":"closed","ping_status":"closed","template":"","meta":{"jetpack_post_was_ever_published":false,"footnotes":"","_links_to":"","_links_to_target":""},"class_list":["post-557","page","type-page","status-publish","hentry"],"jetpack_sharing_enabled":true,"_links":{"self":[{"href":"https:\/\/wp.ufpel.edu.br\/cic\/wp-json\/wp\/v2\/pages\/557","targetHints":{"allow":["GET"]}}],"collection":[{"href":"https:\/\/wp.ufpel.edu.br\/cic\/wp-json\/wp\/v2\/pages"}],"about":[{"href":"https:\/\/wp.ufpel.edu.br\/cic\/wp-json\/wp\/v2\/types\/page"}],"author":[{"embeddable":true,"href":"https:\/\/wp.ufpel.edu.br\/cic\/wp-json\/wp\/v2\/users\/20"}],"replies":[{"embeddable":true,"href":"https:\/\/wp.ufpel.edu.br\/cic\/wp-json\/wp\/v2\/comments?post=557"}],"version-history":[{"count":1,"href":"https:\/\/wp.ufpel.edu.br\/cic\/wp-json\/wp\/v2\/pages\/557\/revisions"}],"predecessor-version":[{"id":560,"href":"https:\/\/wp.ufpel.edu.br\/cic\/wp-json\/wp\/v2\/pages\/557\/revisions\/560"}],"up":[{"embeddable":true,"href":"https:\/\/wp.ufpel.edu.br\/cic\/wp-json\/wp\/v2\/pages\/446"}],"wp:attachment":[{"href":"https:\/\/wp.ufpel.edu.br\/cic\/wp-json\/wp\/v2\/media?parent=557"}],"curies":[{"name":"wp","href":"https:\/\/api.w.org\/{rel}","templated":true}]}}