{"id":424,"date":"2017-08-21T08:48:18","date_gmt":"2017-08-21T11:48:18","guid":{"rendered":"https:\/\/wp.ufpel.edu.br\/cic\/?page_id=424"},"modified":"2017-08-28T09:10:20","modified_gmt":"2017-08-28T12:10:20","slug":"xxv-cic-2016","status":"publish","type":"page","link":"https:\/\/wp.ufpel.edu.br\/cic\/edicoes-anteriores\/xxv-cic-2016\/","title":{"rendered":"XXV CIC (2016)"},"content":{"rendered":"<p style=\"text-align: center;\"><img loading=\"lazy\" decoding=\"async\" class=\"alignnone size-large wp-image-232\" src=\"https:\/\/wp.ufpel.edu.br\/cic\/files\/2016\/06\/header_cic-984x220.jpg\" alt=\"\" width=\"604\" height=\"135\" \/><br \/>\nDe 26 a 30\/09\/2016 no Campus Anglo<\/p>\n<ul>\n<li><a href=\"https:\/\/wp.ufpel.edu.br\/cic\/anais\/anais2016\/\">Anais (2016)<\/a><\/li>\n<li><a href=\"https:\/\/wp.ufpel.edu.br\/cic\/files\/2015\/04\/Regulamento-II-SIEPE.pdf\">Regulamento II SIEPE (2016)<\/a><\/li>\n<li><a href=\"https:\/\/wp.ufpel.edu.br\/cic\/category\/noticias\/2016\/\">Not\u00edcias (2016)<\/a><\/li>\n<\/ul>\n<hr \/>\n<h3>Programa\u00e7\u00e3o<\/h3>\n<p>Palestra 1: Como Construir uma Carreira Acad\u00eamica de Sucesso desde a Gradua\u00e7\u00e3o;<br \/>\nPalestra 2: Inova\u00e7\u00e3o Tecnol\u00f3gica na Academia (Empreendedorismo e Incubadoras Tecnol\u00f3gicas);<br \/>\nPalestra 3: Alimentos funcionais e nutrac\u00eauticos;<br \/>\nPalestra 4: Estrat\u00e9gias de preenchimento do Curr\u00edculo Lattes;<br \/>\nPalestra 5: Portal de Peri\u00f3dicos da CAPES;<br \/>\nPalestra 6: Reda\u00e7\u00e3o de Artigos Cient\u00edficos;<br \/>\nPalestra 7: A Import\u00e2ncia da Ci\u00eancia para o Desenvolvimento Social;<br \/>\nPalestra 8: Oportunidades de Interc\u00e2mbio;<br \/>\nPalestra 9: Mecanismos de Avalia\u00e7\u00e3o da Qualidade dos Meios de Publica\u00e7\u00e3o Cient\u00edfica;<br \/>\nPalestra 10: Pl\u00e1gio na produ\u00e7\u00e3o acad\u00eamica;<br \/>\nPalestra 11: Dic\u00e7\u00e3o e Orat\u00f3ria para apresenta\u00e7\u00e3o de trabalhos;<br \/>\nPalestra 12: Valoriza\u00e7\u00e3o da biodiversidade do Bioma Pampa.<\/p>\n<hr \/>\n<h3>Comit\u00ea Executivo XXV CIC<\/h3>\n<ul>\n<li>Luciano Volcan Agostini<\/li>\n<li>Airton Jos\u00e9 Rombaldi<\/li>\n<li>Bruno M\u00fcller Vieira<\/li>\n<li>Cristina Rotta Assis<\/li>\n<li>Julia de Oliveira \u00a0Islab\u00e3o<\/li>\n<li>Kamila Martins Porto<\/li>\n<\/ul>\n<p>&nbsp;<\/p>\n","protected":false},"excerpt":{"rendered":"<p>De 26 a 30\/09\/2016 no Campus Anglo Anais (2016) Regulamento II SIEPE (2016) Not\u00edcias (2016) Programa\u00e7\u00e3o Palestra 1: Como Construir uma Carreira Acad\u00eamica de Sucesso desde a Gradua\u00e7\u00e3o; Palestra 2: Inova\u00e7\u00e3o Tecnol\u00f3gica na Academia (Empreendedorismo e Incubadoras Tecnol\u00f3gicas); Palestra 3: Alimentos funcionais e nutrac\u00eauticos; Palestra 4: Estrat\u00e9gias de preenchimento do Curr\u00edculo Lattes; Palestra 5: Portal &hellip; <a href=\"https:\/\/wp.ufpel.edu.br\/cic\/edicoes-anteriores\/xxv-cic-2016\/\" class=\"more-link\">Continue lendo <span class=\"screen-reader-text\">XXV CIC (2016)<\/span> <span class=\"meta-nav\">&rarr;<\/span><\/a><\/p>\n","protected":false},"author":20,"featured_media":0,"parent":446,"menu_order":0,"comment_status":"closed","ping_status":"closed","template":"","meta":{"jetpack_post_was_ever_published":false,"footnotes":"","_links_to":"","_links_to_target":""},"class_list":["post-424","page","type-page","status-publish","hentry"],"jetpack_sharing_enabled":true,"_links":{"self":[{"href":"https:\/\/wp.ufpel.edu.br\/cic\/wp-json\/wp\/v2\/pages\/424","targetHints":{"allow":["GET"]}}],"collection":[{"href":"https:\/\/wp.ufpel.edu.br\/cic\/wp-json\/wp\/v2\/pages"}],"about":[{"href":"https:\/\/wp.ufpel.edu.br\/cic\/wp-json\/wp\/v2\/types\/page"}],"author":[{"embeddable":true,"href":"https:\/\/wp.ufpel.edu.br\/cic\/wp-json\/wp\/v2\/users\/20"}],"replies":[{"embeddable":true,"href":"https:\/\/wp.ufpel.edu.br\/cic\/wp-json\/wp\/v2\/comments?post=424"}],"version-history":[{"count":3,"href":"https:\/\/wp.ufpel.edu.br\/cic\/wp-json\/wp\/v2\/pages\/424\/revisions"}],"predecessor-version":[{"id":433,"href":"https:\/\/wp.ufpel.edu.br\/cic\/wp-json\/wp\/v2\/pages\/424\/revisions\/433"}],"up":[{"embeddable":true,"href":"https:\/\/wp.ufpel.edu.br\/cic\/wp-json\/wp\/v2\/pages\/446"}],"wp:attachment":[{"href":"https:\/\/wp.ufpel.edu.br\/cic\/wp-json\/wp\/v2\/media?parent=424"}],"curies":[{"name":"wp","href":"https:\/\/api.w.org\/{rel}","templated":true}]}}