{"id":262,"date":"2016-07-04T10:31:06","date_gmt":"2016-07-04T13:31:06","guid":{"rendered":"https:\/\/wp.ufpel.edu.br\/cic\/?page_id=262"},"modified":"2017-08-28T09:10:11","modified_gmt":"2017-08-28T12:10:11","slug":"xxiv-cic-2015","status":"publish","type":"page","link":"https:\/\/wp.ufpel.edu.br\/cic\/edicoes-anteriores\/xxiv-cic-2015\/","title":{"rendered":"XXIV CIC (2015)"},"content":{"rendered":"<p><img loading=\"lazy\" decoding=\"async\" class=\"alignnone size-large wp-image-5\" src=\"https:\/\/wp.ufpel.edu.br\/cic\/files\/2015\/04\/site-cic-984x220.jpg\" alt=\"\" width=\"604\" height=\"135\" \/><\/p>\n<ul>\n<li><a href=\"https:\/\/wp.ufpel.edu.br\/cic\/anais\/anais2015\/\">Anais (2015)<\/a><\/li>\n<li><a href=\"https:\/\/wp.ufpel.edu.br\/cic\/files\/2015\/06\/Regulamento-I-Semana-Integrada.pdf\">Regulamento I Semana Integrada (2015)<\/a><\/li>\n<li><a href=\"https:\/\/wp.ufpel.edu.br\/cic\/category\/noticias\/2015\/\">Not\u00edcias (2015)<\/a><\/li>\n<\/ul>\n<hr \/>\n<h3>Comit\u00ea Executivo XXIV CIC<\/h3>\n<ul>\n<li>Luciano Volcan Agostini<\/li>\n<li>Airton Jos\u00e9 Rombaldi<\/li>\n<li>Bruno M\u00fcller Vieira<\/li>\n<li>Cristina Rotta Assis<\/li>\n<li>Kamila Martins Porto<\/li>\n<li>Julia Islab\u00e3o<\/li>\n<li>Carlos Henrique Martins da Matta<\/li>\n<\/ul>\n<p>&nbsp;<\/p>\n","protected":false},"excerpt":{"rendered":"<p>Anais (2015) Regulamento I Semana Integrada (2015) Not\u00edcias (2015) Comit\u00ea Executivo XXIV CIC Luciano Volcan Agostini Airton Jos\u00e9 Rombaldi Bruno M\u00fcller Vieira Cristina Rotta Assis Kamila Martins Porto Julia Islab\u00e3o Carlos Henrique Martins da Matta &nbsp;<\/p>\n","protected":false},"author":296,"featured_media":0,"parent":446,"menu_order":0,"comment_status":"closed","ping_status":"closed","template":"","meta":{"jetpack_post_was_ever_published":false,"footnotes":"","_links_to":"","_links_to_target":""},"class_list":["post-262","page","type-page","status-publish","hentry"],"jetpack_sharing_enabled":true,"_links":{"self":[{"href":"https:\/\/wp.ufpel.edu.br\/cic\/wp-json\/wp\/v2\/pages\/262","targetHints":{"allow":["GET"]}}],"collection":[{"href":"https:\/\/wp.ufpel.edu.br\/cic\/wp-json\/wp\/v2\/pages"}],"about":[{"href":"https:\/\/wp.ufpel.edu.br\/cic\/wp-json\/wp\/v2\/types\/page"}],"author":[{"embeddable":true,"href":"https:\/\/wp.ufpel.edu.br\/cic\/wp-json\/wp\/v2\/users\/296"}],"replies":[{"embeddable":true,"href":"https:\/\/wp.ufpel.edu.br\/cic\/wp-json\/wp\/v2\/comments?post=262"}],"version-history":[{"count":9,"href":"https:\/\/wp.ufpel.edu.br\/cic\/wp-json\/wp\/v2\/pages\/262\/revisions"}],"predecessor-version":[{"id":432,"href":"https:\/\/wp.ufpel.edu.br\/cic\/wp-json\/wp\/v2\/pages\/262\/revisions\/432"}],"up":[{"embeddable":true,"href":"https:\/\/wp.ufpel.edu.br\/cic\/wp-json\/wp\/v2\/pages\/446"}],"wp:attachment":[{"href":"https:\/\/wp.ufpel.edu.br\/cic\/wp-json\/wp\/v2\/media?parent=262"}],"curies":[{"name":"wp","href":"https:\/\/api.w.org\/{rel}","templated":true}]}}