{"id":17,"date":"2015-04-02T13:35:06","date_gmt":"2015-04-02T16:35:06","guid":{"rendered":"https:\/\/wp.ufpel.edu.br\/cic\/?page_id=17"},"modified":"2020-09-01T15:38:42","modified_gmt":"2020-09-01T18:38:42","slug":"organizacao","status":"publish","type":"page","link":"https:\/\/wp.ufpel.edu.br\/cic\/organizacao\/","title":{"rendered":"Organiza\u00e7\u00e3o"},"content":{"rendered":"<h3>Comit\u00ea Executivo XXIX CIC<\/h3>\n<p>Marcos Britto Corr\u00eaa<\/p>\n<p>Cristina Rotta Assis<\/p>\n<p>J\u00falia de Oliveira Islab\u00e3o<\/p>\n<p>Rafael Pachon Elias<\/p>\n","protected":false},"excerpt":{"rendered":"<p>Comit\u00ea Executivo XXIX CIC Marcos Britto Corr\u00eaa Cristina Rotta Assis J\u00falia de Oliveira Islab\u00e3o Rafael Pachon Elias<\/p>\n","protected":false},"author":296,"featured_media":0,"parent":0,"menu_order":0,"comment_status":"closed","ping_status":"closed","template":"","meta":{"jetpack_post_was_ever_published":false,"footnotes":"","_links_to":"","_links_to_target":""},"class_list":["post-17","page","type-page","status-publish","hentry"],"jetpack_sharing_enabled":true,"_links":{"self":[{"href":"https:\/\/wp.ufpel.edu.br\/cic\/wp-json\/wp\/v2\/pages\/17","targetHints":{"allow":["GET"]}}],"collection":[{"href":"https:\/\/wp.ufpel.edu.br\/cic\/wp-json\/wp\/v2\/pages"}],"about":[{"href":"https:\/\/wp.ufpel.edu.br\/cic\/wp-json\/wp\/v2\/types\/page"}],"author":[{"embeddable":true,"href":"https:\/\/wp.ufpel.edu.br\/cic\/wp-json\/wp\/v2\/users\/296"}],"replies":[{"embeddable":true,"href":"https:\/\/wp.ufpel.edu.br\/cic\/wp-json\/wp\/v2\/comments?post=17"}],"version-history":[{"count":14,"href":"https:\/\/wp.ufpel.edu.br\/cic\/wp-json\/wp\/v2\/pages\/17\/revisions"}],"predecessor-version":[{"id":815,"href":"https:\/\/wp.ufpel.edu.br\/cic\/wp-json\/wp\/v2\/pages\/17\/revisions\/815"}],"wp:attachment":[{"href":"https:\/\/wp.ufpel.edu.br\/cic\/wp-json\/wp\/v2\/media?parent=17"}],"curies":[{"name":"wp","href":"https:\/\/api.w.org\/{rel}","templated":true}]}}