{"id":13,"date":"2015-04-02T13:34:13","date_gmt":"2015-04-02T16:34:13","guid":{"rendered":"https:\/\/wp.ufpel.edu.br\/cic\/?page_id=13"},"modified":"2025-10-01T18:23:46","modified_gmt":"2025-10-01T21:23:46","slug":"programacao","status":"publish","type":"page","link":"https:\/\/wp.ufpel.edu.br\/cic\/programacao\/","title":{"rendered":"Programa\u00e7\u00e3o"},"content":{"rendered":"<p>A Comiss\u00e3o Organizadora do <strong>XXXIII Congresso de Inicia\u00e7\u00e3o Cient\u00edfica (CIC)<\/strong> informa que est\u00e1 dispon\u00edvel o cronograma de apresenta\u00e7\u00e3o dos trabalhos, incluindo data, sala e hor\u00e1rio das sess\u00f5es.<\/p>\n<p>O evento ser\u00e1 realizado no Campus Anglo, na rua Gomes Carneiro, n\u00ba 01.<\/p>\n<p><a href=\"https:\/\/wp.ufpel.edu.br\/cic\/2025\/10\/01\/programacao-preliminar-do-xxxiv-cic\/\">CLIQUE AQUI PARA VER A PROGRAMA\u00c7\u00c3O<\/a><\/p>\n<p><strong>Informa\u00e7\u00f5es importantes:<\/strong><\/p>\n<p><em>\u2013 As apresenta\u00e7\u00f5es ocorrer\u00e3o\u00a0<strong>de forma presencial<\/strong>,\u00a0<span id=\"page11R_mcid4\" class=\"markedContent\"><span dir=\"ltr\" role=\"presentation\">onde participar\u00e3o os apresentadores, os<\/span>\u00a0<span dir=\"ltr\" role=\"presentation\">respectivos orientadores, os debatedores e os ouvintes.<\/span><\/span><br \/>\n<\/em><\/p>\n<p><em>\u2013\u00a0<span id=\"page12R_mcid4\" class=\"markedContent\"><span dir=\"ltr\" role=\"presentation\">Cada sess\u00e3o ter\u00e1 a<\/span>\u00a0<span dir=\"ltr\" role=\"presentation\">apresenta\u00e7\u00e3o oral de at\u00e9 sete trabalhos. No in\u00edcio da sess\u00e3o, ser\u00e3o concedidos 10 (dez)<\/span>\u00a0<span dir=\"ltr\" role=\"presentation\">minutos para a apresenta\u00e7\u00e3o de cada trabalho, as quais ser\u00e3o feitas em sequ\u00eancia, sem<\/span>\u00a0<span dir=\"ltr\" role=\"presentation\">interven\u00e7\u00f5es dos debatedores.<\/span>\u00a0<span dir=\"ltr\" role=\"presentation\">Ap\u00f3s o t\u00e9rmino das apresenta\u00e7\u00f5es, os<\/span>\u00a0<span dir=\"ltr\" role=\"presentation\">debatedores ter\u00e3o 20 (vinte) minutos para discutir em conjunto com os apresentadores os<\/span>\u00a0<span dir=\"ltr\" role=\"presentation\">trabalhos apresentados na sess\u00e3o. \u00c9 permitido e estimulado que os apresentadores\u00a0<\/span><span dir=\"ltr\" role=\"presentation\">participem ativamente deste m<\/span><span dir=\"ltr\" role=\"presentation\">omento, inclusive com questionamentos aos pares.<\/span><\/span><\/em><\/p>\n<p><em>\u2013 O(a) apresentador(a) dever\u00e1 comparecer na sala no in\u00edcio do subturno de sua apresenta\u00e7\u00e3o.<br \/>\n<\/em><\/p>\n<p><em><span id=\"page12R_mcid0\" class=\"markedContent\"><span dir=\"ltr\" role=\"presentation\">\u2013\u00a0<\/span><\/span>Para apresenta\u00e7\u00e3o na forma oral ser\u00e3o disponibilizados projetor e computador com entradas USB (\u00e9 recomendado que as apresenta\u00e7\u00f5es estejam gravadas em pendrives, em formato PDF, e que tenham sido previamente testadas).<\/em><\/p>\n<p><em>\u00a0\u2013 Cada sess\u00e3o ter\u00e1 um \u201cdestaque\u201d indicado pelos debatedores presentes.<\/em><\/p>\n<p><em>\u2013 \u00c9 obrigat\u00f3ria a presen\u00e7a do(a) orientador(a) no momento da apresenta\u00e7\u00e3o do trabalho. Em caso de impedimento, dever\u00e1 comparecer um substituto, devidamente identificado, ou ainda, justificativa de aus\u00eancia por escrito, entregue pelo apresentador aos debatedores no momento da apresenta\u00e7\u00e3o. O n\u00e3o comparecimento do(a) orientador(a) n\u00e3o impede a apresenta\u00e7\u00e3o do trabalho, mas o elimina da disputa por destaque da sess\u00e3o.<br \/>\n<\/em><\/p>\n<p><em>\u00a0\u2013 Altera\u00e7\u00f5es de dia e hor\u00e1rio das apresenta\u00e7\u00f5es ser\u00e3o avaliadas somente em casos de colis\u00f5es com os demais eventos da SIIEPE.<\/em><\/p>\n<p><em>\u2013 Aten\u00e7\u00e3o: o cronograma de apresenta\u00e7\u00f5es poder\u00e1 sofrer mudan\u00e7as devido \u00e0s altera\u00e7\u00f5es realizadas por colis\u00e3o. Por isso recomendamos que verifique novamente o dia e hor\u00e1rio de sua apresenta\u00e7\u00e3o em data mais pr\u00f3xima ao evento.<\/em><\/p>\n","protected":false},"excerpt":{"rendered":"<p>A Comiss\u00e3o Organizadora do XXXIII Congresso de Inicia\u00e7\u00e3o Cient\u00edfica (CIC) informa que est\u00e1 dispon\u00edvel o cronograma de apresenta\u00e7\u00e3o dos trabalhos, incluindo data, sala e hor\u00e1rio das sess\u00f5es. O evento ser\u00e1 realizado no Campus Anglo, na rua Gomes Carneiro, n\u00ba 01. CLIQUE AQUI PARA VER A PROGRAMA\u00c7\u00c3O Informa\u00e7\u00f5es importantes: \u2013 As apresenta\u00e7\u00f5es ocorrer\u00e3o\u00a0de forma presencial,\u00a0onde participar\u00e3o &hellip; <a href=\"https:\/\/wp.ufpel.edu.br\/cic\/programacao\/\" class=\"more-link\">Continue lendo <span class=\"screen-reader-text\">Programa\u00e7\u00e3o<\/span> <span class=\"meta-nav\">&rarr;<\/span><\/a><\/p>\n","protected":false},"author":296,"featured_media":0,"parent":0,"menu_order":0,"comment_status":"closed","ping_status":"closed","template":"","meta":{"jetpack_post_was_ever_published":false,"footnotes":"","_links_to":"","_links_to_target":""},"class_list":["post-13","page","type-page","status-publish","hentry"],"jetpack_sharing_enabled":true,"_links":{"self":[{"href":"https:\/\/wp.ufpel.edu.br\/cic\/wp-json\/wp\/v2\/pages\/13","targetHints":{"allow":["GET"]}}],"collection":[{"href":"https:\/\/wp.ufpel.edu.br\/cic\/wp-json\/wp\/v2\/pages"}],"about":[{"href":"https:\/\/wp.ufpel.edu.br\/cic\/wp-json\/wp\/v2\/types\/page"}],"author":[{"embeddable":true,"href":"https:\/\/wp.ufpel.edu.br\/cic\/wp-json\/wp\/v2\/users\/296"}],"replies":[{"embeddable":true,"href":"https:\/\/wp.ufpel.edu.br\/cic\/wp-json\/wp\/v2\/comments?post=13"}],"version-history":[{"count":4,"href":"https:\/\/wp.ufpel.edu.br\/cic\/wp-json\/wp\/v2\/pages\/13\/revisions"}],"predecessor-version":[{"id":1202,"href":"https:\/\/wp.ufpel.edu.br\/cic\/wp-json\/wp\/v2\/pages\/13\/revisions\/1202"}],"wp:attachment":[{"href":"https:\/\/wp.ufpel.edu.br\/cic\/wp-json\/wp\/v2\/media?parent=13"}],"curies":[{"name":"wp","href":"https:\/\/api.w.org\/{rel}","templated":true}]}}