{"id":173,"date":"2020-09-23T11:50:03","date_gmt":"2020-09-23T14:50:03","guid":{"rendered":"https:\/\/wp.ufpel.edu.br\/cibio\/?page_id=173"},"modified":"2020-10-05T16:58:49","modified_gmt":"2020-10-05T19:58:49","slug":"pops","status":"publish","type":"page","link":"https:\/\/wp.ufpel.edu.br\/cibio\/pops\/","title":{"rendered":"POP&#8217;s"},"content":{"rendered":"<p style=\"text-align: justify\"><span style=\"color: #000000\">POP 1- <a style=\"color: #000000\" href=\"https:\/\/wp.ufpel.edu.br\/cibio\/files\/2020\/10\/POP-CDTec-UFPel-Transporte-de-OGMs.pdf\" target=\"_blank\" rel=\"noopener noreferrer\">Transporte de material biol\u00f3gico contendo Organismos Geneticamente Modificados (OGMs) nas depend\u00eancias do CDTec-UFPel e extens\u00f5es.<\/a><\/span><\/p>\n<p style=\"text-align: justify\"><span style=\"color: #000000\">POP 2- <a style=\"color: #000000\" href=\"https:\/\/wp.ufpel.edu.br\/cibio\/files\/2020\/10\/POP-CDTec-UFPel-Descarte-de-OGMs.pdf\" target=\"_blank\" rel=\"noopener noreferrer\">Descarte de material biol\u00f3gico contendo Organismos Geneticamente Modificados (OGMs).<\/a><\/span><\/p>\n<p style=\"text-align: justify\"><span style=\"color: #000000\">POP 3- <a style=\"color: #000000\" href=\"https:\/\/wp.ufpel.edu.br\/cibio\/files\/2020\/10\/POP-CDTec-UFPel-Derramamento-de-OGMs.pdf\" target=\"_blank\" rel=\"noopener noreferrer\">Acidente com derramamento de material biol\u00f3gico contendo Organismos Geneticamente Modificados (OGMs) e seus derivados.<\/a><\/span><\/p>\n<p>&nbsp;<\/p>\n","protected":false},"excerpt":{"rendered":"<p>POP 1- Transporte de material biol\u00f3gico contendo Organismos Geneticamente Modificados (OGMs) nas depend\u00eancias do CDTec-UFPel e extens\u00f5es. POP 2- Descarte de material biol\u00f3gico contendo Organismos Geneticamente Modificados (OGMs). POP 3- Acidente com derramamento de material biol\u00f3gico contendo Organismos Geneticamente Modificados (OGMs) e seus derivados. &nbsp;<\/p>\n","protected":false},"author":1082,"featured_media":0,"parent":0,"menu_order":0,"comment_status":"closed","ping_status":"closed","template":"","meta":{"footnotes":""},"class_list":["post-173","page","type-page","status-publish","hentry"],"_links":{"self":[{"href":"https:\/\/wp.ufpel.edu.br\/cibio\/wp-json\/wp\/v2\/pages\/173","targetHints":{"allow":["GET"]}}],"collection":[{"href":"https:\/\/wp.ufpel.edu.br\/cibio\/wp-json\/wp\/v2\/pages"}],"about":[{"href":"https:\/\/wp.ufpel.edu.br\/cibio\/wp-json\/wp\/v2\/types\/page"}],"author":[{"embeddable":true,"href":"https:\/\/wp.ufpel.edu.br\/cibio\/wp-json\/wp\/v2\/users\/1082"}],"replies":[{"embeddable":true,"href":"https:\/\/wp.ufpel.edu.br\/cibio\/wp-json\/wp\/v2\/comments?post=173"}],"version-history":[{"count":6,"href":"https:\/\/wp.ufpel.edu.br\/cibio\/wp-json\/wp\/v2\/pages\/173\/revisions"}],"predecessor-version":[{"id":242,"href":"https:\/\/wp.ufpel.edu.br\/cibio\/wp-json\/wp\/v2\/pages\/173\/revisions\/242"}],"wp:attachment":[{"href":"https:\/\/wp.ufpel.edu.br\/cibio\/wp-json\/wp\/v2\/media?parent=173"}],"curies":[{"name":"wp","href":"https:\/\/api.w.org\/{rel}","templated":true}]}}