{"id":168,"date":"2020-09-23T11:47:02","date_gmt":"2020-09-23T14:47:02","guid":{"rendered":"https:\/\/wp.ufpel.edu.br\/cibio\/?page_id=168"},"modified":"2021-07-01T10:58:06","modified_gmt":"2021-07-01T13:58:06","slug":"manual-de-biosseguranca","status":"publish","type":"page","link":"https:\/\/wp.ufpel.edu.br\/cibio\/manual-de-biosseguranca\/","title":{"rendered":"Manual de Biosseguran\u00e7a"},"content":{"rendered":"<p style=\"text-align: justify\"><span style=\"color: #000000\"><a style=\"color: #000000\" href=\"https:\/\/wp.ufpel.edu.br\/cibio\/files\/2021\/07\/MANUAL-DE-BIOSSEGURANCA_CIBIO-UFPEL_01_07_21.pdf\">Manual de Biosseguran\u00e7a<\/a> -Procedimentos para manipula\u00e7\u00e3o de Organismos Geneticamente Modificados (OGMs). <\/span><em><span style=\"font-size: 10pt\">Atualizado em 01\/07\/2021<\/span><\/em><\/p>\n<p>&nbsp;<\/p>\n<p>&nbsp;<\/p>\n<p>&nbsp;<\/p>\n","protected":false},"excerpt":{"rendered":"<p>Manual de Biosseguran\u00e7a -Procedimentos para manipula\u00e7\u00e3o de Organismos Geneticamente Modificados (OGMs). Atualizado em 01\/07\/2021 &nbsp; &nbsp; &nbsp;<\/p>\n","protected":false},"author":1082,"featured_media":0,"parent":0,"menu_order":0,"comment_status":"closed","ping_status":"closed","template":"","meta":{"footnotes":""},"class_list":["post-168","page","type-page","status-publish","hentry"],"_links":{"self":[{"href":"https:\/\/wp.ufpel.edu.br\/cibio\/wp-json\/wp\/v2\/pages\/168","targetHints":{"allow":["GET"]}}],"collection":[{"href":"https:\/\/wp.ufpel.edu.br\/cibio\/wp-json\/wp\/v2\/pages"}],"about":[{"href":"https:\/\/wp.ufpel.edu.br\/cibio\/wp-json\/wp\/v2\/types\/page"}],"author":[{"embeddable":true,"href":"https:\/\/wp.ufpel.edu.br\/cibio\/wp-json\/wp\/v2\/users\/1082"}],"replies":[{"embeddable":true,"href":"https:\/\/wp.ufpel.edu.br\/cibio\/wp-json\/wp\/v2\/comments?post=168"}],"version-history":[{"count":7,"href":"https:\/\/wp.ufpel.edu.br\/cibio\/wp-json\/wp\/v2\/pages\/168\/revisions"}],"predecessor-version":[{"id":254,"href":"https:\/\/wp.ufpel.edu.br\/cibio\/wp-json\/wp\/v2\/pages\/168\/revisions\/254"}],"wp:attachment":[{"href":"https:\/\/wp.ufpel.edu.br\/cibio\/wp-json\/wp\/v2\/media?parent=168"}],"curies":[{"name":"wp","href":"https:\/\/api.w.org\/{rel}","templated":true}]}}