{"id":165,"date":"2020-09-23T11:44:04","date_gmt":"2020-09-23T14:44:04","guid":{"rendered":"https:\/\/wp.ufpel.edu.br\/cibio\/?page_id=165"},"modified":"2021-07-01T10:59:04","modified_gmt":"2021-07-01T13:59:04","slug":"formularios","status":"publish","type":"page","link":"https:\/\/wp.ufpel.edu.br\/cibio\/formularios\/","title":{"rendered":"Formul\u00e1rios"},"content":{"rendered":"<p style=\"text-align: justify\"><span style=\"color: #000000\">1- <a style=\"color: #000000\" href=\"https:\/\/wp.ufpel.edu.br\/cibio\/files\/2020\/09\/Formulario-Padrao-Extensao-de-CQB-CIBio-UFPEL-2020.pdf\" target=\"_blank\" rel=\"noopener noreferrer\">Formul\u00e1rio de solicita\u00e7\u00e3o de extens\u00e3o do Certificado de Qualidade em Biosseguran\u00e7a (CQB).<\/a><\/span><\/p>\n<p style=\"text-align: justify\"><span style=\"color: #000000\">2- <a style=\"color: #000000\" href=\"https:\/\/wp.ufpel.edu.br\/cibio\/files\/2020\/09\/Formulario-_cadastramento_de_-projeto_de_pesquisa-na-Cibio.pdf\" target=\"_blank\" rel=\"noopener noreferrer\">Formul\u00e1rio para cadastramento de Projeto de Pesquisa de usu\u00e1rio de \u00e1rea credenciada.<\/a><\/span><\/p>\n<p><span style=\"color: #000000\"><span style=\"color: #000000\">3-<\/span> <a style=\"color: #000000\" href=\"https:\/\/wp.ufpel.edu.br\/cibio\/files\/2021\/05\/Formulario-_para-transporte-de-OGMs-entre-instuicoes.pdf\">Formul\u00e1rio para Transporte de Material Biol\u00f3gico contendo organismos geneticamente modificados (OGMS) nas depend\u00eancias do CDTec-UFPel e extens\u00f5es.<\/a><\/span><\/p>\n<p>&nbsp;<\/p>\n<p>&nbsp;<\/p>\n","protected":false},"excerpt":{"rendered":"<p>1- Formul\u00e1rio de solicita\u00e7\u00e3o de extens\u00e3o do Certificado de Qualidade em Biosseguran\u00e7a (CQB). 2- Formul\u00e1rio para cadastramento de Projeto de Pesquisa de usu\u00e1rio de \u00e1rea credenciada. 3- Formul\u00e1rio para Transporte de Material Biol\u00f3gico contendo organismos geneticamente modificados (OGMS) nas depend\u00eancias do CDTec-UFPel e extens\u00f5es. &nbsp; &nbsp;<\/p>\n","protected":false},"author":1082,"featured_media":0,"parent":0,"menu_order":0,"comment_status":"closed","ping_status":"closed","template":"","meta":{"footnotes":""},"class_list":["post-165","page","type-page","status-publish","hentry"],"_links":{"self":[{"href":"https:\/\/wp.ufpel.edu.br\/cibio\/wp-json\/wp\/v2\/pages\/165","targetHints":{"allow":["GET"]}}],"collection":[{"href":"https:\/\/wp.ufpel.edu.br\/cibio\/wp-json\/wp\/v2\/pages"}],"about":[{"href":"https:\/\/wp.ufpel.edu.br\/cibio\/wp-json\/wp\/v2\/types\/page"}],"author":[{"embeddable":true,"href":"https:\/\/wp.ufpel.edu.br\/cibio\/wp-json\/wp\/v2\/users\/1082"}],"replies":[{"embeddable":true,"href":"https:\/\/wp.ufpel.edu.br\/cibio\/wp-json\/wp\/v2\/comments?post=165"}],"version-history":[{"count":5,"href":"https:\/\/wp.ufpel.edu.br\/cibio\/wp-json\/wp\/v2\/pages\/165\/revisions"}],"predecessor-version":[{"id":255,"href":"https:\/\/wp.ufpel.edu.br\/cibio\/wp-json\/wp\/v2\/pages\/165\/revisions\/255"}],"wp:attachment":[{"href":"https:\/\/wp.ufpel.edu.br\/cibio\/wp-json\/wp\/v2\/media?parent=165"}],"curies":[{"name":"wp","href":"https:\/\/api.w.org\/{rel}","templated":true}]}}