{"id":161,"date":"2020-09-23T11:38:03","date_gmt":"2020-09-23T14:38:03","guid":{"rendered":"https:\/\/wp.ufpel.edu.br\/cibio\/?page_id=161"},"modified":"2021-05-12T09:48:27","modified_gmt":"2021-05-12T12:48:27","slug":"resolucoes-normativas","status":"publish","type":"page","link":"https:\/\/wp.ufpel.edu.br\/cibio\/legislacao\/resolucoes-normativas\/","title":{"rendered":"Resolu\u00e7\u00f5es Normativas"},"content":{"rendered":"<div class=\"asset-abstract \">\n<h3 class=\"asset-title\" style=\"text-align: justify\"><span style=\"color: #000000\"><a style=\"color: #000000\" href=\"http:\/\/ctnbio.mctic.gov.br\/en\/resolucoes-normativas\/-\/asset_publisher\/OgW431Rs9dQ6\/content\/resolucao-normativa-n%C2%BA-26-de-25-de-maio-de-2020?redirect=http%3A%2F%2Fctnbio.mctic.gov.br%2Fen%2Fresolucoes-normativas%3Fp_p_id%3D101_INSTANCE_OgW431Rs9dQ6%26p_p_lifecycle%3D0%26p_p_state%3Dnormal%26p_p_mode%3Dview%26p_p_col_id%3Dcolumn-2%26p_p_col_count%3D3\"><span style=\"font-size: 12pt\">Resolu\u00e7\u00e3o Normativa N\u00ba 26, de 25 de Maio de 2020<\/span><\/a><\/span><\/h3>\n<div class=\"asset-content\">\n<div class=\"asset-summary\" style=\"text-align: justify\"><span style=\"font-size: 12pt;color: #000000\">Disp\u00f5e sobre as normas de transporte de Organismos Geneticamente Modificados \u2013 OGM e seus derivados. A COMISS\u00c3O T\u00c9CNICA NACIONAL DE BIOSSEGURAN\u00c7A \u2013 CTNBio, no uso de suas atribui\u00e7\u00f5es legais&#8230;<\/span><\/div>\n<div class=\"asset-more\" style=\"text-align: justify\"><span style=\"font-size: 12pt;color: #000000\"><a style=\"color: #000000\" href=\"http:\/\/ctnbio.mctic.gov.br\/en\/resolucoes-normativas\/-\/asset_publisher\/OgW431Rs9dQ6\/content\/resolucao-normativa-n%C2%BA-26-de-25-de-maio-de-2020?redirect=http%3A%2F%2Fctnbio.mctic.gov.br%2Fen%2Fresolucoes-normativas%3Fp_p_id%3D101_INSTANCE_OgW431Rs9dQ6%26p_p_lifecycle%3D0%26p_p_state%3Dnormal%26p_p_mode%3Dview%26p_p_col_id%3Dcolumn-2%26p_p_col_count%3D3\">Ler mais \u00bb<\/a><\/span><\/div>\n<\/div>\n<h3><span style=\"color: #000000\"><a style=\"color: #000000\" href=\"http:\/\/ctnbio.mctic.gov.br\/resolucoes-normativas\/-\/asset_publisher\/OgW431Rs9dQ6\/content\/resolucao-n%C2%BA-21-de-15-de-junho-de-2018?redirect=http%3A%2F%2Fctnbio.mctic.gov.br%2Fresolucoes-normativas%3Fp_p_id%3D101_INSTANCE_OgW431Rs9dQ6%26p_p_lifecycle%3D0%26p_p_state%3Dnormal%26p_p_mode%3Dview%26p_p_col_id%3Dcolumn-2%26p_p_col_count%3D3\"><span style=\"font-size: 12pt\">Resolu\u00e7\u00e3o N\u00ba 21, de 15 de junho de 2018<\/span><\/a><\/span><\/h3>\n<div class=\"asset-content\" style=\"text-align: justify\">\n<div class=\"asset-summary\"><span style=\"color: #000000;font-size: 12pt\">Disp\u00f5e sobre normas para atividades de uso comercial de Microrganismos Geneticamente Modificados e seus derivados. \u00a0 A Comiss\u00e3o T\u00e9cnica Nacional de Biosseguran\u00e7a &#8211; CTNBio, no&#8230;<\/span><\/div>\n<div class=\"asset-more\"><span style=\"color: #000000;font-size: 12pt\"><a style=\"color: #000000\" href=\"http:\/\/ctnbio.mctic.gov.br\/resolucoes-normativas\/-\/asset_publisher\/OgW431Rs9dQ6\/content\/resolucao-n%C2%BA-21-de-15-de-junho-de-2018?redirect=http%3A%2F%2Fctnbio.mctic.gov.br%2Fresolucoes-normativas%3Fp_p_id%3D101_INSTANCE_OgW431Rs9dQ6%26p_p_lifecycle%3D0%26p_p_state%3Dnormal%26p_p_mode%3Dview%26p_p_col_id%3Dcolumn-2%26p_p_col_count%3D3\">Ler mais \u00bb<\/a><\/span><\/div>\n<\/div>\n<div class=\"asset-metadata\" style=\"text-align: justify\"><\/div>\n<\/div>\n<div class=\"asset-abstract \" style=\"text-align: justify\">\n<h3 class=\"asset-title\"><span style=\"color: #000000;font-size: 12pt\"><a style=\"color: #000000\" href=\"http:\/\/ctnbio.mctic.gov.br\/resolucoes-normativas\/-\/asset_publisher\/OgW431Rs9dQ6\/content\/resolucao-n%C2%BA-20-de-23-de-marco-de-2018-revogada-pela-rn-24?redirect=http%3A%2F%2Fctnbio.mctic.gov.br%2Fresolucoes-normativas%3Fp_p_id%3D101_INSTANCE_OgW431Rs9dQ6%26p_p_lifecycle%3D0%26p_p_state%3Dnormal%26p_p_mode%3Dview%26p_p_col_id%3Dcolumn-2%26p_p_col_count%3D3\">Resolu\u00e7\u00e3o N\u00ba 20, de 23 de mar\u00e7o de 2018 &#8211; REVOGADA PELA RN 24<\/a><\/span><\/h3>\n<div class=\"asset-content\">\n<div class=\"asset-summary\"><span style=\"color: #000000;font-size: 12pt\">Altera a reda\u00e7\u00e3o do art. 4\u00ba-A e do par\u00e1grafo \u00fanico do art. 10 da Resolu\u00e7\u00e3o Normativa n\u00ba 5, de 12 de mar\u00e7o de 2008. A COMISS\u00c3O T\u00c9CNICA NACIONAL DE BIOSSEGURAN\u00c7A &#8211; CTNBio, no uso de suas&#8230;<\/span><\/div>\n<div class=\"asset-more\"><span style=\"color: #000000;font-size: 12pt\"><a style=\"color: #000000\" href=\"http:\/\/ctnbio.mctic.gov.br\/resolucoes-normativas\/-\/asset_publisher\/OgW431Rs9dQ6\/content\/resolucao-n%C2%BA-20-de-23-de-marco-de-2018-revogada-pela-rn-24?redirect=http%3A%2F%2Fctnbio.mctic.gov.br%2Fresolucoes-normativas%3Fp_p_id%3D101_INSTANCE_OgW431Rs9dQ6%26p_p_lifecycle%3D0%26p_p_state%3Dnormal%26p_p_mode%3Dview%26p_p_col_id%3Dcolumn-2%26p_p_col_count%3D3\">Ler mais \u00bb<\/a><\/span><\/div>\n<\/div>\n<div class=\"asset-metadata\"><\/div>\n<\/div>\n<div class=\"asset-abstract \" style=\"text-align: justify\">\n<h3 class=\"asset-title\"><span style=\"color: #000000;font-size: 12pt\"><a style=\"color: #000000\" href=\"http:\/\/ctnbio.mctic.gov.br\/resolucoes-normativas\/-\/asset_publisher\/OgW431Rs9dQ6\/content\/resolucao-n%C2%BA-18-de-23-de-marco-de-2018?redirect=http%3A%2F%2Fctnbio.mctic.gov.br%2Fresolucoes-normativas%3Fp_p_id%3D101_INSTANCE_OgW431Rs9dQ6%26p_p_lifecycle%3D0%26p_p_state%3Dnormal%26p_p_mode%3Dview%26p_p_col_id%3Dcolumn-2%26p_p_col_count%3D3\">Resolu\u00e7\u00e3o N\u00ba 18, de 23 de mar\u00e7o de 2018<\/a><\/span><\/h3>\n<div class=\"asset-content\">\n<div class=\"asset-summary\"><span style=\"color: #000000;font-size: 12pt\">Republica a Resolu\u00e7\u00e3o Normativa n\u00ba 2, de 27 de novembro de 2006, que &#8220;Disp\u00f5e sobre a classifica\u00e7\u00e3o de riscos de Organismos Geneticamente Modificados (OGM) e os n\u00edveis de biosseguran\u00e7a a serem&#8230;<\/span><\/div>\n<div class=\"asset-more\"><span style=\"color: #000000;font-size: 12pt\"><a style=\"color: #000000\" href=\"http:\/\/ctnbio.mctic.gov.br\/resolucoes-normativas\/-\/asset_publisher\/OgW431Rs9dQ6\/content\/resolucao-n%C2%BA-18-de-23-de-marco-de-2018?redirect=http%3A%2F%2Fctnbio.mctic.gov.br%2Fresolucoes-normativas%3Fp_p_id%3D101_INSTANCE_OgW431Rs9dQ6%26p_p_lifecycle%3D0%26p_p_state%3Dnormal%26p_p_mode%3Dview%26p_p_col_id%3Dcolumn-2%26p_p_col_count%3D3\">Ler mais\u00bb<\/a><\/span><\/div>\n<\/div>\n<div class=\"asset-metadata\"><\/div>\n<\/div>\n<div class=\"asset-abstract \" style=\"text-align: justify\">\n<h3 class=\"asset-title\"><span style=\"color: #000000;font-size: 12pt\"><a style=\"color: #000000\" href=\"http:\/\/ctnbio.mctic.gov.br\/resolucoes-normativas\/-\/asset_publisher\/OgW431Rs9dQ6\/content\/resolucao-normativa-n%C2%BA-16-de-15-de-janeiro-de-2018?redirect=http%3A%2F%2Fctnbio.mctic.gov.br%2Fresolucoes-normativas%3Fp_p_id%3D101_INSTANCE_OgW431Rs9dQ6%26p_p_lifecycle%3D0%26p_p_state%3Dnormal%26p_p_mode%3Dview%26p_p_col_id%3Dcolumn-2%26p_p_col_count%3D3\">Resolu\u00e7\u00e3o Normativa N\u00ba 16, de 15 de janeiro de 2018<\/a><\/span><\/h3>\n<div class=\"asset-content\">\n<div class=\"asset-summary\"><span style=\"color: #000000;font-size: 12pt\">\u00a0 Estabelece os requisitos t\u00e9cnicos para apresenta\u00e7\u00e3o de consulta \u00e0 CTNBio sobre as T\u00e9cnicas Inovadoras de Melhoramento de Precis\u00e3o \u00a0 A COMISS\u00c3O T\u00c9CNICA NACIONAL DE&#8230;<\/span><\/div>\n<div class=\"asset-more\"><span style=\"color: #000000;font-size: 12pt\"><a style=\"color: #000000\" href=\"http:\/\/ctnbio.mctic.gov.br\/resolucoes-normativas\/-\/asset_publisher\/OgW431Rs9dQ6\/content\/resolucao-normativa-n%C2%BA-16-de-15-de-janeiro-de-2018?redirect=http%3A%2F%2Fctnbio.mctic.gov.br%2Fresolucoes-normativas%3Fp_p_id%3D101_INSTANCE_OgW431Rs9dQ6%26p_p_lifecycle%3D0%26p_p_state%3Dnormal%26p_p_mode%3Dview%26p_p_col_id%3Dcolumn-2%26p_p_col_count%3D3\">Ler mais \u00bb<\/a><\/span><\/div>\n<\/div>\n<div class=\"asset-metadata\"><\/div>\n<\/div>\n<div class=\"asset-abstract \" style=\"text-align: justify\">\n<h3 class=\"asset-title\"><span style=\"color: #000000;font-size: 12pt\"><a style=\"color: #000000\" href=\"http:\/\/ctnbio.mctic.gov.br\/resolucoes-normativas\/-\/asset_publisher\/OgW431Rs9dQ6\/content\/resolucao-normativa-n%C2%BA-15-de-13-de-fevereiro-de-2015-revogada-pela-rn-24?redirect=http%3A%2F%2Fctnbio.mctic.gov.br%2Fresolucoes-normativas%3Fp_p_id%3D101_INSTANCE_OgW431Rs9dQ6%26p_p_lifecycle%3D0%26p_p_state%3Dnormal%26p_p_mode%3Dview%26p_p_col_id%3Dcolumn-2%26p_p_col_count%3D3\">Resolu\u00e7\u00e3o Normativa N\u00ba 15, de 13 de fevereiro de 2015 &#8211; REVOGADA PELA RN 24<\/a><\/span><\/h3>\n<div class=\"asset-content\">\n<div class=\"asset-summary\"><span style=\"color: #000000;font-size: 12pt\">A COMISS\u00c3O T\u00c9CNICA NACIONAL DE BIOSSEGURAN\u00c7A &#8211; CTNBIO, no uso de suas atribui\u00e7\u00f5es legais e regulamentares, em observ\u00e2ncia \u00e0s disposi\u00e7\u00f5es contidas no inciso II do art. 14 da Lei n.\u00ba 11.105, de&#8230;<\/span><\/div>\n<div class=\"asset-more\"><span style=\"color: #000000;font-size: 12pt\"><a style=\"color: #000000\" href=\"http:\/\/ctnbio.mctic.gov.br\/resolucoes-normativas\/-\/asset_publisher\/OgW431Rs9dQ6\/content\/resolucao-normativa-n%C2%BA-15-de-13-de-fevereiro-de-2015-revogada-pela-rn-24?redirect=http%3A%2F%2Fctnbio.mctic.gov.br%2Fresolucoes-normativas%3Fp_p_id%3D101_INSTANCE_OgW431Rs9dQ6%26p_p_lifecycle%3D0%26p_p_state%3Dnormal%26p_p_mode%3Dview%26p_p_col_id%3Dcolumn-2%26p_p_col_count%3D3\">Ler mais \u00bb<\/a><\/span><\/div>\n<\/div>\n<div class=\"asset-metadata\"><\/div>\n<\/div>\n<div class=\"asset-abstract \">\n<h3 class=\"asset-title\" style=\"text-align: justify\"><span style=\"color: #000000;font-size: 12pt\"><a style=\"color: #000000\" href=\"http:\/\/ctnbio.mctic.gov.br\/resolucoes-normativas\/-\/asset_publisher\/OgW431Rs9dQ6\/content\/resolucao-normativa-n%C2%BA-14-de-04-de-fevereiro-de-2015?redirect=http%3A%2F%2Fctnbio.mctic.gov.br%2Fresolucoes-normativas%3Fp_p_id%3D101_INSTANCE_OgW431Rs9dQ6%26p_p_lifecycle%3D0%26p_p_state%3Dnormal%26p_p_mode%3Dview%26p_p_col_id%3Dcolumn-2%26p_p_col_count%3D3\">Resolu\u00e7\u00e3o Normativa N\u00ba 14, de 04 de fevereiro de 2015<\/a><\/span><\/h3>\n<div class=\"asset-content\">\n<div class=\"asset-summary\" style=\"text-align: justify\"><span style=\"color: #000000;font-size: 12pt\">A COMISS\u00c3O T\u00c9CNICA NACIONAL DE BIOSSEGURAN\u00c7A \u2013 CTNBIO, no uso de suas atribui\u00e7\u00f5es legais e regulamentares e, de acordo com o disposto no inciso II do artigo 14 da Lei n\u00ba 11.105, de 24 de Mar\u00e7o&#8230;<\/span><\/div>\n<div class=\"asset-more\" style=\"text-align: justify\"><span style=\"color: #000000;font-size: 12pt\"><a style=\"color: #000000\" href=\"http:\/\/ctnbio.mctic.gov.br\/resolucoes-normativas\/-\/asset_publisher\/OgW431Rs9dQ6\/content\/resolucao-normativa-n%C2%BA-14-de-04-de-fevereiro-de-2015?redirect=http%3A%2F%2Fctnbio.mctic.gov.br%2Fresolucoes-normativas%3Fp_p_id%3D101_INSTANCE_OgW431Rs9dQ6%26p_p_lifecycle%3D0%26p_p_state%3Dnormal%26p_p_mode%3Dview%26p_p_col_id%3Dcolumn-2%26p_p_col_count%3D3\">Ler mais \u00bb<\/a><\/span><\/div>\n<\/div>\n<\/div>\n","protected":false},"excerpt":{"rendered":"<p>Resolu\u00e7\u00e3o Normativa N\u00ba 26, de 25 de Maio de 2020 Disp\u00f5e sobre as normas de transporte de Organismos Geneticamente Modificados \u2013 OGM e seus derivados. A COMISS\u00c3O T\u00c9CNICA NACIONAL DE BIOSSEGURAN\u00c7A \u2013 CTNBio, no uso de suas atribui\u00e7\u00f5es legais&#8230; Ler mais \u00bb Resolu\u00e7\u00e3o N\u00ba 21, de 15 de junho de 2018 Disp\u00f5e sobre normas para [&hellip;]<\/p>\n","protected":false},"author":1082,"featured_media":0,"parent":153,"menu_order":2,"comment_status":"closed","ping_status":"closed","template":"","meta":{"footnotes":""},"class_list":["post-161","page","type-page","status-publish","hentry"],"_links":{"self":[{"href":"https:\/\/wp.ufpel.edu.br\/cibio\/wp-json\/wp\/v2\/pages\/161","targetHints":{"allow":["GET"]}}],"collection":[{"href":"https:\/\/wp.ufpel.edu.br\/cibio\/wp-json\/wp\/v2\/pages"}],"about":[{"href":"https:\/\/wp.ufpel.edu.br\/cibio\/wp-json\/wp\/v2\/types\/page"}],"author":[{"embeddable":true,"href":"https:\/\/wp.ufpel.edu.br\/cibio\/wp-json\/wp\/v2\/users\/1082"}],"replies":[{"embeddable":true,"href":"https:\/\/wp.ufpel.edu.br\/cibio\/wp-json\/wp\/v2\/comments?post=161"}],"version-history":[{"count":3,"href":"https:\/\/wp.ufpel.edu.br\/cibio\/wp-json\/wp\/v2\/pages\/161\/revisions"}],"predecessor-version":[{"id":246,"href":"https:\/\/wp.ufpel.edu.br\/cibio\/wp-json\/wp\/v2\/pages\/161\/revisions\/246"}],"up":[{"embeddable":true,"href":"https:\/\/wp.ufpel.edu.br\/cibio\/wp-json\/wp\/v2\/pages\/153"}],"wp:attachment":[{"href":"https:\/\/wp.ufpel.edu.br\/cibio\/wp-json\/wp\/v2\/media?parent=161"}],"curies":[{"name":"wp","href":"https:\/\/api.w.org\/{rel}","templated":true}]}}