{"id":156,"date":"2020-09-23T11:35:03","date_gmt":"2020-09-23T14:35:03","guid":{"rendered":"https:\/\/wp.ufpel.edu.br\/cibio\/?page_id=156"},"modified":"2020-09-23T16:17:29","modified_gmt":"2020-09-23T19:17:29","slug":"leis","status":"publish","type":"page","link":"https:\/\/wp.ufpel.edu.br\/cibio\/legislacao\/leis\/","title":{"rendered":"Leis"},"content":{"rendered":"<header class=\"portlet-topper\">\n<h1 class=\"portlet-title\" style=\"text-align: justify\"><span style=\"color: #000000;font-size: 12pt\"><a style=\"color: #000000\" href=\"http:\/\/ctnbio.mctic.gov.br\/leis\/-\/asset_publisher\/NT53w3Yb7zpx\/content\/lei-n-11-460-de-21-03-2007?redirect=http%3A%2F%2Fctnbio.mctic.gov.br%2Fleis%3Fp_p_id%3D101_INSTANCE_NT53w3Yb7zpx%26p_p_lifecycle%3D0%26p_p_state%3Dnormal%26p_p_mode%3Dview%26p_p_col_id%3Dcolumn-2%26p_p_col_count%3D1\">Lei n. 11.460 de 21\/03\/2007<\/a><\/span><\/h1>\n<\/header>\n<div class=\"portlet-content\">\n<div class=\" portlet-content-container\">\n<div class=\"portlet-body\">\n<div class=\"asset-abstract \" style=\"text-align: justify\">\n<div class=\"asset-content\">\n<div class=\"asset-summary\"><span style=\"color: #000000;font-size: 12pt\">LEI n\u00ba 11.460, de 21 de mar\u00e7o de 2007 Disp\u00f5e sobre o plantio de organismos geneticamente modificados em unidades de conserva\u00e7\u00e3o; acrescenta dispositivos \u00e0 Lei no 9.985, de 18 de julho&#8230;<\/span><\/div>\n<div class=\"asset-more\"><span style=\"color: #000000;font-size: 12pt\"><a style=\"color: #000000\" href=\"http:\/\/ctnbio.mctic.gov.br\/leis\/-\/asset_publisher\/NT53w3Yb7zpx\/content\/lei-n-11-460-de-21-03-2007?redirect=http%3A%2F%2Fctnbio.mctic.gov.br%2Fleis%3Fp_p_id%3D101_INSTANCE_NT53w3Yb7zpx%26p_p_lifecycle%3D0%26p_p_state%3Dnormal%26p_p_mode%3Dview%26p_p_col_id%3Dcolumn-2%26p_p_col_count%3D1\">Ler mais \u00bb<\/a><\/span><\/div>\n<\/div>\n<div class=\"asset-metadata\"><\/div>\n<\/div>\n<div class=\"asset-abstract \" style=\"text-align: justify\">\n<h3 class=\"asset-title\"><span style=\"color: #000000;font-size: 12pt\"><a style=\"color: #000000\" href=\"http:\/\/ctnbio.mctic.gov.br\/leis\/-\/asset_publisher\/NT53w3Yb7zpx\/content\/lei-n-11-105-de-24-03-2005?redirect=http%3A%2F%2Fctnbio.mctic.gov.br%2Fleis%3Fp_p_id%3D101_INSTANCE_NT53w3Yb7zpx%26p_p_lifecycle%3D0%26p_p_state%3Dnormal%26p_p_mode%3Dview%26p_p_col_id%3Dcolumn-2%26p_p_col_count%3D1\">Lei n. 11.105 de 24\/03\/2005<\/a><\/span><\/h3>\n<div class=\"asset-content\">\n<div class=\"asset-summary\"><span style=\"color: #000000;font-size: 12pt\">O PRESIDENTE DA REP\u00daBLICA Fa\u00e7o saber que o Congresso Nacional decreta e eu sanciono a seguinte Lei: CAP\u00cdTULO I DISPOSI\u00c7\u00d5ES PRELIMINARES E GERAIS Art. 1o Esta Lei estabelece normas de&#8230;<\/span><\/div>\n<div class=\"asset-more\"><span style=\"color: #000000;font-size: 12pt\"><a style=\"color: #000000\" href=\"http:\/\/ctnbio.mctic.gov.br\/leis\/-\/asset_publisher\/NT53w3Yb7zpx\/content\/lei-n-11-105-de-24-03-2005?redirect=http%3A%2F%2Fctnbio.mctic.gov.br%2Fleis%3Fp_p_id%3D101_INSTANCE_NT53w3Yb7zpx%26p_p_lifecycle%3D0%26p_p_state%3Dnormal%26p_p_mode%3Dview%26p_p_col_id%3Dcolumn-2%26p_p_col_count%3D1\">Ler mais \u00bb<\/a><\/span><\/div>\n<\/div>\n<div class=\"asset-metadata\"><\/div>\n<\/div>\n<div class=\"asset-abstract \" style=\"text-align: justify\">\n<h3 class=\"asset-title\"><span style=\"color: #000000;font-size: 12pt\"><a style=\"color: #000000\" href=\"http:\/\/ctnbio.mctic.gov.br\/leis\/-\/asset_publisher\/NT53w3Yb7zpx\/content\/lei-n-10-603-de-17-12-2002?redirect=http%3A%2F%2Fctnbio.mctic.gov.br%2Fleis%3Fp_p_id%3D101_INSTANCE_NT53w3Yb7zpx%26p_p_lifecycle%3D0%26p_p_state%3Dnormal%26p_p_mode%3Dview%26p_p_col_id%3Dcolumn-2%26p_p_col_count%3D1\">Lei n. 10.603 de 17\/12\/2002<\/a><\/span><\/h3>\n<div class=\"asset-content\">\n<div class=\"asset-summary\"><span style=\"color: #000000;font-size: 12pt\">O PRESIDENTE DA REP\u00daBLICA Fa\u00e7o saber que o Congresso Nacional decreta e eu sanciono a seguinte Lei: Art. 1o Esta Lei regula a prote\u00e7\u00e3o, contra o uso comercial desleal, de informa\u00e7\u00f5es&#8230;<\/span><\/div>\n<div class=\"asset-more\"><span style=\"color: #000000;font-size: 12pt\"><a style=\"color: #000000\" href=\"http:\/\/ctnbio.mctic.gov.br\/leis\/-\/asset_publisher\/NT53w3Yb7zpx\/content\/lei-n-10-603-de-17-12-2002?redirect=http%3A%2F%2Fctnbio.mctic.gov.br%2Fleis%3Fp_p_id%3D101_INSTANCE_NT53w3Yb7zpx%26p_p_lifecycle%3D0%26p_p_state%3Dnormal%26p_p_mode%3Dview%26p_p_col_id%3Dcolumn-2%26p_p_col_count%3D1\">Ler mais \u00bb<\/a><\/span><\/div>\n<\/div>\n<div class=\"asset-metadata\"><\/div>\n<\/div>\n<div class=\"asset-abstract \" style=\"text-align: justify\">\n<h3 class=\"asset-title\"><span style=\"color: #000000;font-size: 12pt\"><a style=\"color: #000000\" href=\"http:\/\/ctnbio.mctic.gov.br\/leis\/-\/asset_publisher\/NT53w3Yb7zpx\/content\/lei-n-10-196-de-14-02-2001?redirect=http%3A%2F%2Fctnbio.mctic.gov.br%2Fleis%3Fp_p_id%3D101_INSTANCE_NT53w3Yb7zpx%26p_p_lifecycle%3D0%26p_p_state%3Dnormal%26p_p_mode%3Dview%26p_p_col_id%3Dcolumn-2%26p_p_col_count%3D1\">Lei n. 10.196 de 14\/02\/2001<\/a><\/span><\/h3>\n<div class=\"asset-content\">\n<div class=\"asset-summary\"><span style=\"color: #000000;font-size: 12pt\">Fa\u00e7o saber que o Presidente da Rep\u00fablica adotou a Medida Provis\u00f3ria n\u00ba 2.105-15, de 2001, que o Congresso Nacional aprovou, e eu, Antonio Carlos Magalh\u00e3es, Presidente, para os efeitos do&#8230;<\/span><\/div>\n<div class=\"asset-more\"><span style=\"color: #000000;font-size: 12pt\"><a style=\"color: #000000\" href=\"http:\/\/ctnbio.mctic.gov.br\/leis\/-\/asset_publisher\/NT53w3Yb7zpx\/content\/lei-n-10-196-de-14-02-2001?redirect=http%3A%2F%2Fctnbio.mctic.gov.br%2Fleis%3Fp_p_id%3D101_INSTANCE_NT53w3Yb7zpx%26p_p_lifecycle%3D0%26p_p_state%3Dnormal%26p_p_mode%3Dview%26p_p_col_id%3Dcolumn-2%26p_p_col_count%3D1\">Ler mais \u00bb<\/a><\/span><\/div>\n<\/div>\n<div class=\"asset-metadata\"><\/div>\n<\/div>\n<div class=\"asset-abstract \" style=\"text-align: justify\">\n<h3 class=\"asset-title\"><span style=\"color: #000000;font-size: 12pt\"><a style=\"color: #000000\" href=\"http:\/\/ctnbio.mctic.gov.br\/leis\/-\/asset_publisher\/NT53w3Yb7zpx\/content\/lei-n-9-784-de-29-01-1999?redirect=http%3A%2F%2Fctnbio.mctic.gov.br%2Fleis%3Fp_p_id%3D101_INSTANCE_NT53w3Yb7zpx%26p_p_lifecycle%3D0%26p_p_state%3Dnormal%26p_p_mode%3Dview%26p_p_col_id%3Dcolumn-2%26p_p_col_count%3D1\">Lei n. 9.784 de 29\/01\/1999<\/a><\/span><\/h3>\n<div class=\"asset-content\">\n<div class=\"asset-summary\"><span style=\"color: #000000;font-size: 12pt\">LEI N\u00ba 9.784, DE 29 DE JANEIRO DE 1999. Regula o processo administrativo no \u00e2mbito da Administra\u00e7\u00e3o P\u00fablica Federal. O PRESIDENTE DA REP\u00daBLICA, Fa\u00e7o saber que o Congresso Nacional&#8230;<\/span><\/div>\n<div class=\"asset-more\"><span style=\"color: #000000;font-size: 12pt\"><a style=\"color: #000000\" href=\"http:\/\/ctnbio.mctic.gov.br\/leis\/-\/asset_publisher\/NT53w3Yb7zpx\/content\/lei-n-9-784-de-29-01-1999?redirect=http%3A%2F%2Fctnbio.mctic.gov.br%2Fleis%3Fp_p_id%3D101_INSTANCE_NT53w3Yb7zpx%26p_p_lifecycle%3D0%26p_p_state%3Dnormal%26p_p_mode%3Dview%26p_p_col_id%3Dcolumn-2%26p_p_col_count%3D1\">Ler mais \u00bb<\/a><\/span><\/div>\n<\/div>\n<div class=\"asset-metadata\"><\/div>\n<\/div>\n<div class=\"asset-abstract \" style=\"text-align: justify\">\n<h3 class=\"asset-title\"><span style=\"color: #000000;font-size: 12pt\"><a style=\"color: #000000\" href=\"http:\/\/ctnbio.mctic.gov.br\/leis\/-\/asset_publisher\/NT53w3Yb7zpx\/content\/lei-n-9-782-de-26-01-1999?redirect=http%3A%2F%2Fctnbio.mctic.gov.br%2Fleis%3Fp_p_id%3D101_INSTANCE_NT53w3Yb7zpx%26p_p_lifecycle%3D0%26p_p_state%3Dnormal%26p_p_mode%3Dview%26p_p_col_id%3Dcolumn-2%26p_p_col_count%3D1\">Lei n. 9.782 de 26\/01\/1999<\/a><\/span><\/h3>\n<div class=\"asset-content\">\n<div class=\"asset-summary\"><span style=\"color: #000000;font-size: 12pt\">Fa\u00e7o saber que o Presidente da Rep\u00fablica adotou a Medida Provis\u00f3ria n\u00ba 1.791, de 1998, que o Congresso Nacional aprovou, e eu, Antonio Carlos Magalh\u00e3es, Presidente, para os efeitos do disposto&#8230;<\/span><\/div>\n<div class=\"asset-more\"><span style=\"color: #000000;font-size: 12pt\"><a style=\"color: #000000\" href=\"http:\/\/ctnbio.mctic.gov.br\/leis\/-\/asset_publisher\/NT53w3Yb7zpx\/content\/lei-n-9-782-de-26-01-1999?redirect=http%3A%2F%2Fctnbio.mctic.gov.br%2Fleis%3Fp_p_id%3D101_INSTANCE_NT53w3Yb7zpx%26p_p_lifecycle%3D0%26p_p_state%3Dnormal%26p_p_mode%3Dview%26p_p_col_id%3Dcolumn-2%26p_p_col_count%3D1\">Ler mais \u00bb<\/a><\/span><\/div>\n<\/div>\n<div class=\"asset-metadata\"><\/div>\n<\/div>\n<div class=\"asset-abstract \" style=\"text-align: justify\">\n<h3 class=\"asset-title\"><span style=\"color: #000000;font-size: 12pt\"><a style=\"color: #000000\" href=\"http:\/\/ctnbio.mctic.gov.br\/leis\/-\/asset_publisher\/NT53w3Yb7zpx\/content\/lei-n-9-610-de-19-02-1998?redirect=http%3A%2F%2Fctnbio.mctic.gov.br%2Fleis%3Fp_p_id%3D101_INSTANCE_NT53w3Yb7zpx%26p_p_lifecycle%3D0%26p_p_state%3Dnormal%26p_p_mode%3Dview%26p_p_col_id%3Dcolumn-2%26p_p_col_count%3D1\">Lei n. 9.610 de 19\/02\/1998<\/a><\/span><\/h3>\n<div class=\"asset-content\">\n<div class=\"asset-summary\"><span style=\"color: #000000;font-size: 12pt\">O PRESIDENTE DA REP\u00daBLICA Fa\u00e7o saber que o Congresso Nacional decreta e eu sanciono a seguinte Lei: T\u00edtulo I Disposi\u00e7\u00f5es Preliminares Art. 1\u00ba Esta Lei regula os direitos autorais,&#8230;<\/span><\/div>\n<div class=\"asset-more\"><span style=\"color: #000000;font-size: 12pt\"><a style=\"color: #000000\" href=\"http:\/\/ctnbio.mctic.gov.br\/leis\/-\/asset_publisher\/NT53w3Yb7zpx\/content\/lei-n-9-610-de-19-02-1998?redirect=http%3A%2F%2Fctnbio.mctic.gov.br%2Fleis%3Fp_p_id%3D101_INSTANCE_NT53w3Yb7zpx%26p_p_lifecycle%3D0%26p_p_state%3Dnormal%26p_p_mode%3Dview%26p_p_col_id%3Dcolumn-2%26p_p_col_count%3D1\">Ler mais \u00bb<\/a><\/span><\/div>\n<\/div>\n<div class=\"asset-metadata\"><\/div>\n<\/div>\n<div class=\"asset-abstract \" style=\"text-align: justify\">\n<h3 class=\"asset-title\"><span style=\"color: #000000;font-size: 12pt\"><a style=\"color: #000000\" href=\"http:\/\/ctnbio.mctic.gov.br\/leis\/-\/asset_publisher\/NT53w3Yb7zpx\/content\/lei-n-9-456-de-25-04-1997?redirect=http%3A%2F%2Fctnbio.mctic.gov.br%2Fleis%3Fp_p_id%3D101_INSTANCE_NT53w3Yb7zpx%26p_p_lifecycle%3D0%26p_p_state%3Dnormal%26p_p_mode%3Dview%26p_p_col_id%3Dcolumn-2%26p_p_col_count%3D1\">Lei n. 9.456 de 25\/04\/1997<\/a><\/span><\/h3>\n<div class=\"asset-content\">\n<div class=\"asset-summary\"><span style=\"color: #000000;font-size: 12pt\">T\u00cdTULO I DAS DISPOSI\u00c7\u00d5ES PRELIMINARES Art. 1\u00ba Fica institu\u00eddo o direito de Prote\u00e7\u00e3o de Cultivares, de acordo com o estabelecido nesta Lei. Art. 2\u00ba A prote\u00e7\u00e3o dos direitos relativos \u00e0&#8230;<\/span><\/div>\n<div class=\"asset-more\"><span style=\"color: #000000;font-size: 12pt\"><a style=\"color: #000000\" href=\"http:\/\/ctnbio.mctic.gov.br\/leis\/-\/asset_publisher\/NT53w3Yb7zpx\/content\/lei-n-9-456-de-25-04-1997?redirect=http%3A%2F%2Fctnbio.mctic.gov.br%2Fleis%3Fp_p_id%3D101_INSTANCE_NT53w3Yb7zpx%26p_p_lifecycle%3D0%26p_p_state%3Dnormal%26p_p_mode%3Dview%26p_p_col_id%3Dcolumn-2%26p_p_col_count%3D1\">Ler mais \u00bb<\/a><\/span><\/div>\n<\/div>\n<div class=\"asset-metadata\"><\/div>\n<\/div>\n<div class=\"asset-abstract \" style=\"text-align: justify\">\n<h3 class=\"asset-title\"><span style=\"color: #000000;font-size: 12pt\"><a style=\"color: #000000\" href=\"http:\/\/ctnbio.mctic.gov.br\/leis\/-\/asset_publisher\/NT53w3Yb7zpx\/content\/lei-n-9-279-de-14-05-1996?redirect=http%3A%2F%2Fctnbio.mctic.gov.br%2Fleis%3Fp_p_id%3D101_INSTANCE_NT53w3Yb7zpx%26p_p_lifecycle%3D0%26p_p_state%3Dnormal%26p_p_mode%3Dview%26p_p_col_id%3Dcolumn-2%26p_p_col_count%3D1\">Lei n. 9.279 de 14\/05\/1996<\/a><\/span><\/h3>\n<div class=\"asset-content\">\n<div class=\"asset-summary\"><span style=\"color: #000000;font-size: 12pt\">DISPOSI\u00c7\u00d5ES PRELIMINARES Art. 1\u00ba Esta lei regula direitos e obriga\u00e7\u00f5es relativos \u00e0 propriedade industrial.\u00a0\u00a0 Art. 2\u00ba A prote\u00e7\u00e3o dos direitos relativos \u00e0 propriedade industrial,&#8230;<\/span><\/div>\n<div class=\"asset-more\"><span style=\"color: #000000;font-size: 12pt\"><a style=\"color: #000000\" href=\"http:\/\/ctnbio.mctic.gov.br\/leis\/-\/asset_publisher\/NT53w3Yb7zpx\/content\/lei-n-9-279-de-14-05-1996?redirect=http%3A%2F%2Fctnbio.mctic.gov.br%2Fleis%3Fp_p_id%3D101_INSTANCE_NT53w3Yb7zpx%26p_p_lifecycle%3D0%26p_p_state%3Dnormal%26p_p_mode%3Dview%26p_p_col_id%3Dcolumn-2%26p_p_col_count%3D1\">Ler mais \u00bb<\/a><\/span><\/div>\n<\/div>\n<div class=\"asset-metadata\"><\/div>\n<\/div>\n<div class=\"asset-abstract \" style=\"text-align: justify\">\n<h3 class=\"asset-title\"><span style=\"color: #000000;font-size: 12pt\"><a style=\"color: #000000\" href=\"http:\/\/ctnbio.mctic.gov.br\/leis\/-\/asset_publisher\/NT53w3Yb7zpx\/content\/lei-n-8-078-de-11-09-1990?redirect=http%3A%2F%2Fctnbio.mctic.gov.br%2Fleis%3Fp_p_id%3D101_INSTANCE_NT53w3Yb7zpx%26p_p_lifecycle%3D0%26p_p_state%3Dnormal%26p_p_mode%3Dview%26p_p_col_id%3Dcolumn-2%26p_p_col_count%3D1\">Lei n. 8.078 de 11\/09\/1990<\/a><\/span><\/h3>\n<div class=\"asset-content\">\n<div class=\"asset-summary\"><span style=\"color: #000000;font-size: 12pt\">T\u00cdTULO I &#8211; Dos Direitos do Consumidor CAP\u00cdTULO I &#8211; Disposi\u00e7\u00f5es Gerais Art. 1\u00b0 O presente C\u00f3digo estabelece normas de prote\u00e7\u00e3o e defesa do consumidor, de ordem p\u00fablica e interesse social,&#8230;<\/span><\/div>\n<div class=\"asset-more\"><span style=\"color: #000000;font-size: 12pt\"><a style=\"color: #000000\" href=\"http:\/\/ctnbio.mctic.gov.br\/leis\/-\/asset_publisher\/NT53w3Yb7zpx\/content\/lei-n-8-078-de-11-09-1990?redirect=http%3A%2F%2Fctnbio.mctic.gov.br%2Fleis%3Fp_p_id%3D101_INSTANCE_NT53w3Yb7zpx%26p_p_lifecycle%3D0%26p_p_state%3Dnormal%26p_p_mode%3Dview%26p_p_col_id%3Dcolumn-2%26p_p_col_count%3D1\">Ler mais \u00bb<\/a><\/span><\/div>\n<\/div>\n<div class=\"asset-metadata\"><\/div>\n<\/div>\n<div class=\"asset-abstract \">\n<h3 class=\"asset-title\" style=\"text-align: justify\"><span style=\"color: #000000;font-size: 12pt\"><a style=\"color: #000000\" href=\"http:\/\/ctnbio.mctic.gov.br\/leis\/-\/asset_publisher\/NT53w3Yb7zpx\/content\/lei-n-6-938-de-31-08-1981?redirect=http%3A%2F%2Fctnbio.mctic.gov.br%2Fleis%3Fp_p_id%3D101_INSTANCE_NT53w3Yb7zpx%26p_p_lifecycle%3D0%26p_p_state%3Dnormal%26p_p_mode%3Dview%26p_p_col_id%3Dcolumn-2%26p_p_col_count%3D1\">Lei n. 6.938 de 31\/08\/1981<\/a><\/span><\/h3>\n<div class=\"asset-content\">\n<div class=\"asset-summary\" style=\"text-align: justify\"><span style=\"color: #000000;font-size: 12pt\">O PRESIDENTE DA REP\u00daBLICA Fa\u00e7o saber que o Congresso Nacional decreta e eu sanciono a seguinte Lei: Art. 1\u00ba Esta lei, com fundamento nos incisos VI e VII do artigo 23 e no artigo 235 da&#8230;<\/span><\/div>\n<div class=\"asset-more\" style=\"text-align: justify\"><span style=\"color: #000000;font-size: 12pt\"><a style=\"color: #000000\" href=\"http:\/\/ctnbio.mctic.gov.br\/leis\/-\/asset_publisher\/NT53w3Yb7zpx\/content\/lei-n-6-938-de-31-08-1981?redirect=http%3A%2F%2Fctnbio.mctic.gov.br%2Fleis%3Fp_p_id%3D101_INSTANCE_NT53w3Yb7zpx%26p_p_lifecycle%3D0%26p_p_state%3Dnormal%26p_p_mode%3Dview%26p_p_col_id%3Dcolumn-2%26p_p_col_count%3D1\">Ler mais \u00bb<\/a><\/span><\/div>\n<\/div>\n<\/div>\n<\/div>\n<\/div>\n<\/div>\n","protected":false},"excerpt":{"rendered":"<p>Lei n. 11.460 de 21\/03\/2007 LEI n\u00ba 11.460, de 21 de mar\u00e7o de 2007 Disp\u00f5e sobre o plantio de organismos geneticamente modificados em unidades de conserva\u00e7\u00e3o; acrescenta dispositivos \u00e0 Lei no 9.985, de 18 de julho&#8230; Ler mais \u00bb Lei n. 11.105 de 24\/03\/2005 O PRESIDENTE DA REP\u00daBLICA Fa\u00e7o saber que o Congresso Nacional decreta [&hellip;]<\/p>\n","protected":false},"author":1082,"featured_media":0,"parent":153,"menu_order":1,"comment_status":"closed","ping_status":"closed","template":"","meta":{"footnotes":""},"class_list":["post-156","page","type-page","status-publish","hentry"],"_links":{"self":[{"href":"https:\/\/wp.ufpel.edu.br\/cibio\/wp-json\/wp\/v2\/pages\/156","targetHints":{"allow":["GET"]}}],"collection":[{"href":"https:\/\/wp.ufpel.edu.br\/cibio\/wp-json\/wp\/v2\/pages"}],"about":[{"href":"https:\/\/wp.ufpel.edu.br\/cibio\/wp-json\/wp\/v2\/types\/page"}],"author":[{"embeddable":true,"href":"https:\/\/wp.ufpel.edu.br\/cibio\/wp-json\/wp\/v2\/users\/1082"}],"replies":[{"embeddable":true,"href":"https:\/\/wp.ufpel.edu.br\/cibio\/wp-json\/wp\/v2\/comments?post=156"}],"version-history":[{"count":2,"href":"https:\/\/wp.ufpel.edu.br\/cibio\/wp-json\/wp\/v2\/pages\/156\/revisions"}],"predecessor-version":[{"id":164,"href":"https:\/\/wp.ufpel.edu.br\/cibio\/wp-json\/wp\/v2\/pages\/156\/revisions\/164"}],"up":[{"embeddable":true,"href":"https:\/\/wp.ufpel.edu.br\/cibio\/wp-json\/wp\/v2\/pages\/153"}],"wp:attachment":[{"href":"https:\/\/wp.ufpel.edu.br\/cibio\/wp-json\/wp\/v2\/media?parent=156"}],"curies":[{"name":"wp","href":"https:\/\/api.w.org\/{rel}","templated":true}]}}