{"id":148,"date":"2020-09-23T11:30:41","date_gmt":"2020-09-23T14:30:41","guid":{"rendered":"https:\/\/wp.ufpel.edu.br\/cibio\/?page_id=148"},"modified":"2020-10-05T17:01:42","modified_gmt":"2020-10-05T20:01:42","slug":"cibio","status":"publish","type":"page","link":"https:\/\/wp.ufpel.edu.br\/cibio\/cibio\/","title":{"rendered":"CIBio"},"content":{"rendered":"<p style=\"text-align: justify\"><span style=\"color: #000000\">A <strong>Comiss\u00e3o Interna de Biosseguran\u00e7a <\/strong>(<strong>CIBio<\/strong>) est\u00e1 subordinada \u00e0 CTNBio, sendo respons\u00e1vel por supervisionar os trabalhos conduzidos na UFPel envolvendo Organismos Geneticamente Modificados (OGM) e seus derivados. A CIBio tem por finalidade assessorar, fornecer consultoria, analisar e emitir pareceres e certificados quantos aos aspectos \u00e9ticos de todos os procedimentos cient\u00edficos, did\u00e1ticos e de extens\u00e3o a serem desenvolvidos na UFPel que envolvam a manipula\u00e7\u00e3o de OGM, considerando a legisla\u00e7\u00e3o vigente, a relev\u00e2ncia do prop\u00f3sito cient\u00edfico ou did\u00e1tico e os impactos de tais atividades sobre o meio ambiente e a sa\u00fade p\u00fablica.<\/span><\/p>\n<p style=\"text-align: justify\"><span style=\"color: #000000\">O n\u00famero do\u00a0<strong>Certificado de <\/strong><strong>Qualidade em Biosseguran\u00e7a (CQB)<\/strong> da UFPel <strong>(N.\u00ba: 0081\/98)<\/strong>\u00a0deve ser apresentado sempre que solicitado,\u00a0<u>APENAS<\/u><\/span>\u00a0<span style=\"color: #000000\">por aqueles pesquisadores que tiverem seu projeto credenciado nesta CIBio.<\/span><\/p>\n<p>&nbsp;<\/p>\n<ul style=\"text-align: justify\">\n<li><span style=\"color: #000000\"><strong>Membros da CIBIo<\/strong><\/span><\/li>\n<\/ul>\n<p style=\"text-align: justify\"><span style=\"color: #000000\">Integram a Comiss\u00e3o Interna de Biosseguran\u00e7a da Universidade Federal de Pelotas (portaria n\u00ba 950 de 16 de julho de 2015).<\/span><\/p>\n<ol>\n<li><span style=\"color: #000000\">Bi\u00f3loga, Professora, Doutora Sibele Borsuk (Presidente)<\/span><\/li>\n<li><span style=\"color: #000000\">Bi\u00f3loga, Professora, Doutora Daiane Hartwig<\/span><\/li>\n<li><span style=\"color: #000000\">Veterin\u00e1ria, Professora, Doutora Priscila de Leon<\/span><\/li>\n<li><span style=\"color: #000000\">Bi\u00f3logo, Professor, Doutor Vinicius Farias Campos<\/span><\/li>\n<li><span style=\"color: #000000\">Engenheiro Agr\u00f4nomo, Professor, Doutor Paulo Celso de Mello Farias<\/span><\/li>\n<\/ol>\n","protected":false},"excerpt":{"rendered":"<p>A Comiss\u00e3o Interna de Biosseguran\u00e7a (CIBio) est\u00e1 subordinada \u00e0 CTNBio, sendo respons\u00e1vel por supervisionar os trabalhos conduzidos na UFPel envolvendo Organismos Geneticamente Modificados (OGM) e seus derivados. A CIBio tem por finalidade assessorar, fornecer consultoria, analisar e emitir pareceres e certificados quantos aos aspectos \u00e9ticos de todos os procedimentos cient\u00edficos, did\u00e1ticos e de extens\u00e3o a [&hellip;]<\/p>\n","protected":false},"author":1082,"featured_media":0,"parent":0,"menu_order":0,"comment_status":"closed","ping_status":"closed","template":"","meta":{"footnotes":""},"class_list":["post-148","page","type-page","status-publish","hentry"],"_links":{"self":[{"href":"https:\/\/wp.ufpel.edu.br\/cibio\/wp-json\/wp\/v2\/pages\/148","targetHints":{"allow":["GET"]}}],"collection":[{"href":"https:\/\/wp.ufpel.edu.br\/cibio\/wp-json\/wp\/v2\/pages"}],"about":[{"href":"https:\/\/wp.ufpel.edu.br\/cibio\/wp-json\/wp\/v2\/types\/page"}],"author":[{"embeddable":true,"href":"https:\/\/wp.ufpel.edu.br\/cibio\/wp-json\/wp\/v2\/users\/1082"}],"replies":[{"embeddable":true,"href":"https:\/\/wp.ufpel.edu.br\/cibio\/wp-json\/wp\/v2\/comments?post=148"}],"version-history":[{"count":4,"href":"https:\/\/wp.ufpel.edu.br\/cibio\/wp-json\/wp\/v2\/pages\/148\/revisions"}],"predecessor-version":[{"id":243,"href":"https:\/\/wp.ufpel.edu.br\/cibio\/wp-json\/wp\/v2\/pages\/148\/revisions\/243"}],"wp:attachment":[{"href":"https:\/\/wp.ufpel.edu.br\/cibio\/wp-json\/wp\/v2\/media?parent=148"}],"curies":[{"name":"wp","href":"https:\/\/api.w.org\/{rel}","templated":true}]}}