{"id":145,"date":"2020-09-23T11:28:48","date_gmt":"2020-09-23T14:28:48","guid":{"rendered":"https:\/\/wp.ufpel.edu.br\/cibio\/?page_id=145"},"modified":"2020-09-23T12:21:23","modified_gmt":"2020-09-23T15:21:23","slug":"ctnbio","status":"publish","type":"page","link":"https:\/\/wp.ufpel.edu.br\/cibio\/ctnbio\/","title":{"rendered":"CTNBio"},"content":{"rendered":"<p style=\"text-align: justify\"><span style=\"color: #000000\">A\u00a0<strong>CTNBio<\/strong>\u00a0\u00e9 uma inst\u00e2ncia colegiada multidisciplinar, cuja finalidade \u00e9 prestar apoio t\u00e9cnico consultivo e assessoramento ao Governo Federal na formula\u00e7\u00e3o, atualiza\u00e7\u00e3o e implementa\u00e7\u00e3o da Pol\u00edtica Nacional de Biosseguran\u00e7a relativa a OGM, bem como no estabelecimento de normas t\u00e9cnicas de seguran\u00e7a e pareceres t\u00e9cnicos referentes \u00e0 prote\u00e7\u00e3o da sa\u00fade humana, dos organismos vivos e do meio ambiente, para atividades que envolvam a constru\u00e7\u00e3o, experimenta\u00e7\u00e3o, cultivo, manipula\u00e7\u00e3o, transporte, comercializa\u00e7\u00e3o, consumo, armazenamento, libera\u00e7\u00e3o e descarte de OGM e derivados.<\/span><\/p>\n<ul style=\"text-align: justify\">\n<li><span style=\"color: #000000\">Propor a Pol\u00edtica Nacional de Biosseguran\u00e7a;<\/span><\/li>\n<li><span style=\"color: #000000\">Acompanhar o desenvolvimento e o programa t\u00e9cnico e cient\u00edfico na Biosseguran\u00e7a e em \u00e1reas afins, objetivando a seguran\u00e7a dos consumidores e da popula\u00e7\u00e3o em geral, com permanente cuidado \u00e0 prote\u00e7\u00e3o do meio ambiente;<\/span><\/li>\n<li><span style=\"color: #000000\">Relacionar-se com institui\u00e7\u00f5es voltadas para a engenharia gen\u00e9tica e a biosseguran\u00e7a a n\u00edvel nacional e internacional;<\/span><\/li>\n<li><span style=\"color: #000000\">Propor o C\u00f3digo de \u00c9tica de Manipula\u00e7\u00f5es Gen\u00e9ticas;<\/span><\/li>\n<li><span style=\"color: #000000\">Estabelecer normas e regulamentos relativos \u00e0s atividades e projetos que contemplam constru\u00e7\u00e3o, cultivo, manipula\u00e7\u00e3o, uso, transporte, armazenamento, comercializa\u00e7\u00e3o, consumo, libera\u00e7\u00e3o e descarte relacionados \u00e0 OGM;<\/span><\/li>\n<li><span style=\"color: #000000\">Classificar os OGMs segundo o grau de risco, definindo os n\u00edveis de biosseguran\u00e7a a eles aplicados e \u00e0s atividades consideradas insalubres e perigosas;<\/span><\/li>\n<li><span style=\"color: #000000\">Estabelecer os mecanismos de funcionamento das Comiss\u00f5es Internas de Biosseguran\u00e7a\/ CIBios, no \u00e2mbito de cada institui\u00e7\u00e3o que se dedique a ensino, pesquisa, desenvolvimento e utiliza\u00e7\u00e3o das t\u00e9cnicas de engenharia gen\u00e9tica;<\/span><\/li>\n<li><span style=\"color: #000000\">Emitir Parecer T\u00e9cnico sobre os projetos relacionados a OGM pertencentes ao Grupo II, conforme definido no Anexo 1 da Lei no. 8.974, de 1995, encaminhando-o aos \u00f3rg\u00e3os competentes;<\/span><\/li>\n<li><span style=\"color: #000000\">Apoiar tecnicamente os \u00f3rg\u00e3os competentes no processo de investiga\u00e7\u00e3o de acidentes e de enfermidades verificadas no curso dos projetos e das atividades na \u00e1rea de engenharia gen\u00e9tica, bem como na fiscaliza\u00e7\u00e3o e monitoramento desses projetos e atividades;<\/span><\/li>\n<li><span style=\"color: #000000\">Emitir parecer t\u00e9cnico pr\u00e9vio conclusivo sobre qualquer libera\u00e7\u00e3o de OGM no meio ambiente, encaminhando-o ao \u00f3rg\u00e3o competente;<\/span><\/li>\n<li><span style=\"color: #000000\">Divulgar no Di\u00e1rio Oficial da Uni\u00e3o, previamente ao processo de an\u00e1lise, extrato dos pleitos que forem submetidos a sua aprova\u00e7\u00e3o, referentes a libera\u00e7\u00e3o de OGM no meio ambiente, excluindo-se as informa\u00e7\u00f5es sigilosas de interesse comercial, objeto de direito de propriedade intelectual, apontadas pelo proponente e assim por ele consideradas;<\/span><\/li>\n<li><span style=\"color: #000000\">Emitir parecer t\u00e9cnico pr\u00e9vio conclusivo sobre registro, uso, transporte, armazenamento, comercializa\u00e7\u00e3o, consumo, libera\u00e7\u00e3o e descarte de produto contendo OGM ou derivados encaminhando-o ao \u00f3rg\u00e3o de fiscaliza\u00e7\u00e3o competente;<\/span><\/li>\n<li><span style=\"color: #000000\">Divulgar no Di\u00e1rio Oficial da Uni\u00e3o o resultado dos processos que lhe forem submetidos a julgamento, bem como a conclus\u00e3o do parecer t\u00e9cnico.<\/span><\/li>\n<\/ul>\n","protected":false},"excerpt":{"rendered":"<p>A\u00a0CTNBio\u00a0\u00e9 uma inst\u00e2ncia colegiada multidisciplinar, cuja finalidade \u00e9 prestar apoio t\u00e9cnico consultivo e assessoramento ao Governo Federal na formula\u00e7\u00e3o, atualiza\u00e7\u00e3o e implementa\u00e7\u00e3o da Pol\u00edtica Nacional de Biosseguran\u00e7a relativa a OGM, bem como no estabelecimento de normas t\u00e9cnicas de seguran\u00e7a e pareceres t\u00e9cnicos referentes \u00e0 prote\u00e7\u00e3o da sa\u00fade humana, dos organismos vivos e do meio ambiente, [&hellip;]<\/p>\n","protected":false},"author":1082,"featured_media":0,"parent":0,"menu_order":0,"comment_status":"closed","ping_status":"closed","template":"","meta":{"footnotes":""},"class_list":["post-145","page","type-page","status-publish","hentry"],"_links":{"self":[{"href":"https:\/\/wp.ufpel.edu.br\/cibio\/wp-json\/wp\/v2\/pages\/145","targetHints":{"allow":["GET"]}}],"collection":[{"href":"https:\/\/wp.ufpel.edu.br\/cibio\/wp-json\/wp\/v2\/pages"}],"about":[{"href":"https:\/\/wp.ufpel.edu.br\/cibio\/wp-json\/wp\/v2\/types\/page"}],"author":[{"embeddable":true,"href":"https:\/\/wp.ufpel.edu.br\/cibio\/wp-json\/wp\/v2\/users\/1082"}],"replies":[{"embeddable":true,"href":"https:\/\/wp.ufpel.edu.br\/cibio\/wp-json\/wp\/v2\/comments?post=145"}],"version-history":[{"count":2,"href":"https:\/\/wp.ufpel.edu.br\/cibio\/wp-json\/wp\/v2\/pages\/145\/revisions"}],"predecessor-version":[{"id":193,"href":"https:\/\/wp.ufpel.edu.br\/cibio\/wp-json\/wp\/v2\/pages\/145\/revisions\/193"}],"wp:attachment":[{"href":"https:\/\/wp.ufpel.edu.br\/cibio\/wp-json\/wp\/v2\/media?parent=145"}],"curies":[{"name":"wp","href":"https:\/\/api.w.org\/{rel}","templated":true}]}}