{"id":46,"date":"2021-04-27T11:49:32","date_gmt":"2021-04-27T14:49:32","guid":{"rendered":"https:\/\/wp.ufpel.edu.br\/cia\/?page_id=46"},"modified":"2022-01-29T19:20:11","modified_gmt":"2022-01-29T22:20:11","slug":"inovacaoemalimentos-inscricoes","status":"publish","type":"page","link":"https:\/\/wp.ufpel.edu.br\/cia\/inovacaoemalimentos-inscricoes\/","title":{"rendered":"Inscri\u00e7\u00f5es"},"content":{"rendered":"<p><span style=\"font-size: 10pt;color: #000000;font-family: tahoma, arial, helvetica, sans-serif\">As inscri\u00e7\u00f5es do I CIA foram encerradas no 17 de setembro de 2021.<\/span><\/p>\n<p><span style=\"color: #000000;font-family: tahoma, arial, helvetica, sans-serif\"><span style=\"font-size: 12pt\"><strong>Fique atento para participar segunda edi\u00e7\u00e3o do<span style=\"color: #ff6600\"> CIA<span style=\"color: #000000\">.<\/span><\/span><\/strong><\/span><\/span><\/p>\n","protected":false},"excerpt":{"rendered":"<p>As inscri\u00e7\u00f5es do I CIA foram encerradas no 17 de setembro de 2021. Fique atento para participar segunda edi\u00e7\u00e3o do CIA.<\/p>\n","protected":false},"author":1141,"featured_media":0,"parent":0,"menu_order":1,"comment_status":"closed","ping_status":"closed","template":"","meta":{"footnotes":""},"class_list":["post-46","page","type-page","status-publish","hentry"],"_links":{"self":[{"href":"https:\/\/wp.ufpel.edu.br\/cia\/wp-json\/wp\/v2\/pages\/46","targetHints":{"allow":["GET"]}}],"collection":[{"href":"https:\/\/wp.ufpel.edu.br\/cia\/wp-json\/wp\/v2\/pages"}],"about":[{"href":"https:\/\/wp.ufpel.edu.br\/cia\/wp-json\/wp\/v2\/types\/page"}],"author":[{"embeddable":true,"href":"https:\/\/wp.ufpel.edu.br\/cia\/wp-json\/wp\/v2\/users\/1141"}],"replies":[{"embeddable":true,"href":"https:\/\/wp.ufpel.edu.br\/cia\/wp-json\/wp\/v2\/comments?post=46"}],"version-history":[{"count":15,"href":"https:\/\/wp.ufpel.edu.br\/cia\/wp-json\/wp\/v2\/pages\/46\/revisions"}],"predecessor-version":[{"id":448,"href":"https:\/\/wp.ufpel.edu.br\/cia\/wp-json\/wp\/v2\/pages\/46\/revisions\/448"}],"wp:attachment":[{"href":"https:\/\/wp.ufpel.edu.br\/cia\/wp-json\/wp\/v2\/media?parent=46"}],"curies":[{"name":"wp","href":"https:\/\/api.w.org\/{rel}","templated":true}]}}