{"id":353,"date":"2021-05-07T18:26:11","date_gmt":"2021-05-07T21:26:11","guid":{"rendered":"https:\/\/wp.ufpel.edu.br\/cia\/?page_id=353"},"modified":"2022-01-29T19:25:45","modified_gmt":"2022-01-29T22:25:45","slug":"programacao","status":"publish","type":"page","link":"https:\/\/wp.ufpel.edu.br\/cia\/programacao\/","title":{"rendered":"Programa\u00e7\u00e3o"},"content":{"rendered":"<p style=\"text-align: justify\">Abaixo segue a programa\u00e7\u00e3o do <span style=\"color: #ff6600\"><strong>I CONGRESSO DE INOVA\u00c7\u00c3O EM ALIMENTOS<\/strong><\/span> realizado em 2021.<\/p>\n<p><img loading=\"lazy\" decoding=\"async\" class=\"alignnone wp-image-426\" src=\"https:\/\/wp.ufpel.edu.br\/cia\/files\/2021\/07\/ProgramaUNILABcao-2.png\" alt=\"\" width=\"594\" height=\"594\" srcset=\"https:\/\/wp.ufpel.edu.br\/cia\/files\/2021\/07\/ProgramaUNILABcao-2.png 1080w, https:\/\/wp.ufpel.edu.br\/cia\/files\/2021\/07\/ProgramaUNILABcao-2-400x400.png 400w, https:\/\/wp.ufpel.edu.br\/cia\/files\/2021\/07\/ProgramaUNILABcao-2-1024x1024.png 1024w, https:\/\/wp.ufpel.edu.br\/cia\/files\/2021\/07\/ProgramaUNILABcao-2-200x200.png 200w, https:\/\/wp.ufpel.edu.br\/cia\/files\/2021\/07\/ProgramaUNILABcao-2-768x768.png 768w, https:\/\/wp.ufpel.edu.br\/cia\/files\/2021\/07\/ProgramaUNILABcao-2-100x100.png 100w\" sizes=\"auto, (max-width: 594px) 100vw, 594px\" \/><\/p>\n","protected":false},"excerpt":{"rendered":"<p>Abaixo segue a programa\u00e7\u00e3o do I CONGRESSO DE INOVA\u00c7\u00c3O EM ALIMENTOS realizado em 2021.<\/p>\n","protected":false},"author":1141,"featured_media":0,"parent":0,"menu_order":0,"comment_status":"closed","ping_status":"closed","template":"","meta":{"footnotes":""},"class_list":["post-353","page","type-page","status-publish","hentry"],"_links":{"self":[{"href":"https:\/\/wp.ufpel.edu.br\/cia\/wp-json\/wp\/v2\/pages\/353","targetHints":{"allow":["GET"]}}],"collection":[{"href":"https:\/\/wp.ufpel.edu.br\/cia\/wp-json\/wp\/v2\/pages"}],"about":[{"href":"https:\/\/wp.ufpel.edu.br\/cia\/wp-json\/wp\/v2\/types\/page"}],"author":[{"embeddable":true,"href":"https:\/\/wp.ufpel.edu.br\/cia\/wp-json\/wp\/v2\/users\/1141"}],"replies":[{"embeddable":true,"href":"https:\/\/wp.ufpel.edu.br\/cia\/wp-json\/wp\/v2\/comments?post=353"}],"version-history":[{"count":5,"href":"https:\/\/wp.ufpel.edu.br\/cia\/wp-json\/wp\/v2\/pages\/353\/revisions"}],"predecessor-version":[{"id":450,"href":"https:\/\/wp.ufpel.edu.br\/cia\/wp-json\/wp\/v2\/pages\/353\/revisions\/450"}],"wp:attachment":[{"href":"https:\/\/wp.ufpel.edu.br\/cia\/wp-json\/wp\/v2\/media?parent=353"}],"curies":[{"name":"wp","href":"https:\/\/api.w.org\/{rel}","templated":true}]}}