{"id":301,"date":"2021-05-07T16:57:30","date_gmt":"2021-05-07T19:57:30","guid":{"rendered":"https:\/\/wp.ufpel.edu.br\/cia\/?page_id=301"},"modified":"2021-05-20T16:50:07","modified_gmt":"2021-05-20T19:50:07","slug":"graphical-abstract","status":"publish","type":"page","link":"https:\/\/wp.ufpel.edu.br\/cia\/graphical-abstract\/","title":{"rendered":"Graphical abstract"},"content":{"rendered":"<div style=\"text-align: justify\"><span style=\"color: #ff6600;font-family: tahoma, arial, helvetica, sans-serif;font-size: 14pt\"><strong>Normas de elabora\u00e7\u00e3o do graphical abstract<\/strong><\/span><\/div>\n<div style=\"text-align: justify\"><span style=\"color: #ffffff;font-family: tahoma, arial, helvetica, sans-serif\">.<\/span><\/div>\n<div style=\"text-align: justify\"><span style=\"color: #000000;font-family: tahoma, arial, helvetica, sans-serif\">Fa\u00e7a download do\u00a0<em>template <\/em>do graphical abstract <strong><a href=\"https:\/\/wp.ufpel.edu.br\/cia\/files\/2021\/05\/Template_Graphical_CIA.pptx\"><span style=\"color: #0000ff\">(Clique aqui)<\/span><\/a><\/strong>\u00a0e utilize como modelo.<\/span><\/div>\n<div style=\"text-align: justify\"><span style=\"color: #ffffff;font-family: tahoma, arial, helvetica, sans-serif\">.<\/span><\/div>\n<div style=\"text-align: justify\"><span style=\"color: #000000;font-family: tahoma, arial, helvetica, sans-serif\">O graphical abstract deve conter: t\u00edtulo, nome dos autores, afilia\u00e7\u00e3o e \u00e1rea tem\u00e1tica.<\/span><\/div>\n<div style=\"text-align: justify\"><span style=\"color: #ffffff;font-family: tahoma, arial, helvetica, sans-serif\">.<\/span><\/div>\n<div style=\"text-align: justify\"><span style=\"color: #000000;font-family: tahoma, arial, helvetica, sans-serif\">N\u00e3o h\u00e1 demais normas para a elabora\u00e7\u00e3o do graphical abstract, podendo utilizar gr\u00e1ficos, tabelas, figuras, cita\u00e7\u00f5es e diferentes fontes.<\/span><\/div>\n","protected":false},"excerpt":{"rendered":"<p>Normas de elabora\u00e7\u00e3o do graphical abstract . Fa\u00e7a download do\u00a0template do graphical abstract (Clique aqui)\u00a0e utilize como modelo. . O graphical abstract deve conter: t\u00edtulo, nome dos autores, afilia\u00e7\u00e3o e \u00e1rea tem\u00e1tica. . N\u00e3o h\u00e1 demais normas para a elabora\u00e7\u00e3o do graphical abstract, podendo utilizar gr\u00e1ficos, tabelas, figuras, cita\u00e7\u00f5es e diferentes fontes.<\/p>\n","protected":false},"author":1141,"featured_media":0,"parent":0,"menu_order":0,"comment_status":"closed","ping_status":"closed","template":"","meta":{"footnotes":""},"class_list":["post-301","page","type-page","status-publish","hentry"],"_links":{"self":[{"href":"https:\/\/wp.ufpel.edu.br\/cia\/wp-json\/wp\/v2\/pages\/301","targetHints":{"allow":["GET"]}}],"collection":[{"href":"https:\/\/wp.ufpel.edu.br\/cia\/wp-json\/wp\/v2\/pages"}],"about":[{"href":"https:\/\/wp.ufpel.edu.br\/cia\/wp-json\/wp\/v2\/types\/page"}],"author":[{"embeddable":true,"href":"https:\/\/wp.ufpel.edu.br\/cia\/wp-json\/wp\/v2\/users\/1141"}],"replies":[{"embeddable":true,"href":"https:\/\/wp.ufpel.edu.br\/cia\/wp-json\/wp\/v2\/comments?post=301"}],"version-history":[{"count":14,"href":"https:\/\/wp.ufpel.edu.br\/cia\/wp-json\/wp\/v2\/pages\/301\/revisions"}],"predecessor-version":[{"id":406,"href":"https:\/\/wp.ufpel.edu.br\/cia\/wp-json\/wp\/v2\/pages\/301\/revisions\/406"}],"wp:attachment":[{"href":"https:\/\/wp.ufpel.edu.br\/cia\/wp-json\/wp\/v2\/media?parent=301"}],"curies":[{"name":"wp","href":"https:\/\/api.w.org\/{rel}","templated":true}]}}