{"id":717,"date":"2021-12-03T15:36:46","date_gmt":"2021-12-03T18:36:46","guid":{"rendered":"https:\/\/wp.ufpel.edu.br\/choropelotas\/?page_id=717"},"modified":"2021-12-03T15:51:48","modified_gmt":"2021-12-03T18:51:48","slug":"roda-livre-programa-de-radio","status":"publish","type":"page","link":"https:\/\/wp.ufpel.edu.br\/choropelotas\/roda-livre-programa-de-radio\/","title":{"rendered":"Roda Livre \/ Programa de R\u00e1dio"},"content":{"rendered":"<p style=\"text-align: justify\"><span style=\"font-size: 14pt\">O programa Roda Livre nasce da vontade de seguir brindando ao p\u00fablico o sabor e o frescor de uma calorosa roda de choro. Feito de maneira colaborativa entre os membros do Clube do Choro de Pelotas, o programa busca tra\u00e7ar um apanhado da produ\u00e7\u00e3o atual de choro no Brasil e no mundo, trazendo lan\u00e7amentos de convidados \u00e0 pauta, bem como resgatar p\u00e9rolas do repert\u00f3rio do choro, valorizando sobretudo o choro produzido em Pelotas e no RS.<\/span><\/p>\n<p style=\"text-align: justify\"><span style=\"font-size: 14pt\">Roda Livre \u00e9 mais um dos projetos do Clube do Choro de Pelotas, que se soma aos lan\u00e7amentos do Caderno do Choro de Pelotas e do Acervo do Choro de Pelotas.<\/span><\/p>\n<p><img data-recalc-dims=\"1\" loading=\"lazy\" decoding=\"async\" class=\"wp-image-722 aligncenter\" src=\"https:\/\/i0.wp.com\/wp.ufpel.edu.br\/choropelotas\/files\/2021\/12\/Roda-Livre-Folder.jpeg?resize=597%2C500&#038;ssl=1\" alt=\"\" width=\"597\" height=\"500\" \/><\/p>\n<p>&nbsp;<\/p>\n<p><span style=\"font-size: 14pt\"><span style=\"font-weight: 400\">O programa vai ao ar na <\/span><b>Federal FM todas as segundas-feiras \u00e0s 21h, com reprises aos s\u00e1bados \u00e0s 13h<\/b><span style=\"font-weight: 400\">. Tamb\u00e9m \u00e9 exibido todas <\/span><b>\u00e0s quartas-feiras \u00e0s 15h30 na R\u00e1dio Com<\/b><span style=\"font-weight: 400\"> e posteriormente \u00e9 postado no <\/span><b>Spotify<\/b><span style=\"font-weight: 400\">. <\/span><\/span><\/p>\n<p><span style=\"font-size: 14pt\"><span style=\"font-weight: 400\">Na equipe de produ\u00e7\u00e3o: Rui Madruga, Eduardo Fuentes, Humberto Schumacher, Lucas Borba, com dire\u00e7\u00e3o de Guilherme Vieira.<\/span><\/span><\/p>\n<p><span style=\"font-weight: 400;font-size: 14pt\">A R\u00e1dio Federal FM pode ser sintonizada no 107.9 FM ou atrav\u00e9s do link:<\/span><\/p>\n<p><span style=\"font-size: 14pt\"><a href=\"https:\/\/portal.ufpel.edu.br\/wp-content\/themes\/Portal\/lib\/player.php\"><span style=\"font-weight: 400\">https:\/\/portal.ufpel.edu.br\/wp-content\/themes\/Portal\/lib\/player.php<\/span><\/a><\/span><\/p>\n<p><span style=\"font-weight: 400;font-size: 14pt\">A R\u00e1dio Com FM pode ser sintonizada no 104.5 FM ou atrav\u00e9s do link:<\/span><\/p>\n<p><span style=\"font-size: 14pt\"><a href=\"http:\/\/www.radiocom.org.br\/\"><span style=\"font-weight: 400\">http:\/\/www.radiocom.org.br\/<\/span><\/a><\/span><\/p>\n<p><strong><span style=\"font-size: 14pt\">\u00a0Todos os epis\u00f3dios podem ser escutados no Spotify atrav\u00e9s do link:<\/span><\/strong><\/p>\n<p><span style=\"font-size: 14pt\"><a href=\"https:\/\/open.spotify.com\/show\/4i6h3qRlbRhVpU9USDkbZl?si=pY5eMYEBR1Cspg4uUVPkKA&amp;dl_branch=1\"><span style=\"font-weight: 400\">https:\/\/open.spotify.com\/show\/4i6h3qRlbRhVpU9USDkbZl?si=pY5eMYEBR1Cspg4uUVPkKA&amp;dl_branch=1<\/span><\/a><\/span><\/p>\n","protected":false},"excerpt":{"rendered":"<p>O programa Roda Livre nasce da vontade de seguir brindando ao p\u00fablico o sabor e o frescor de uma calorosa roda de choro. Feito de maneira colaborativa entre os membros do Clube do Choro de Pelotas, o programa busca tra\u00e7ar&#8230; <a class=\"more-link\" href=\"https:\/\/wp.ufpel.edu.br\/choropelotas\/roda-livre-programa-de-radio\/\">Continue lendo &rarr;<\/a><\/p>\n","protected":false},"author":1045,"featured_media":0,"parent":0,"menu_order":0,"comment_status":"closed","ping_status":"closed","template":"","meta":{"jetpack_post_was_ever_published":false,"footnotes":""},"class_list":["post-717","page","type-page","status-publish","hentry"],"jetpack_sharing_enabled":true,"jetpack_likes_enabled":true,"jetpack-related-posts":[],"_links":{"self":[{"href":"https:\/\/wp.ufpel.edu.br\/choropelotas\/wp-json\/wp\/v2\/pages\/717","targetHints":{"allow":["GET"]}}],"collection":[{"href":"https:\/\/wp.ufpel.edu.br\/choropelotas\/wp-json\/wp\/v2\/pages"}],"about":[{"href":"https:\/\/wp.ufpel.edu.br\/choropelotas\/wp-json\/wp\/v2\/types\/page"}],"author":[{"embeddable":true,"href":"https:\/\/wp.ufpel.edu.br\/choropelotas\/wp-json\/wp\/v2\/users\/1045"}],"replies":[{"embeddable":true,"href":"https:\/\/wp.ufpel.edu.br\/choropelotas\/wp-json\/wp\/v2\/comments?post=717"}],"version-history":[{"count":6,"href":"https:\/\/wp.ufpel.edu.br\/choropelotas\/wp-json\/wp\/v2\/pages\/717\/revisions"}],"predecessor-version":[{"id":724,"href":"https:\/\/wp.ufpel.edu.br\/choropelotas\/wp-json\/wp\/v2\/pages\/717\/revisions\/724"}],"wp:attachment":[{"href":"https:\/\/wp.ufpel.edu.br\/choropelotas\/wp-json\/wp\/v2\/media?parent=717"}],"curies":[{"name":"wp","href":"https:\/\/api.w.org\/{rel}","templated":true}]}}