{"id":502,"date":"2021-11-03T15:29:42","date_gmt":"2021-11-03T18:29:42","guid":{"rendered":"https:\/\/wp.ufpel.edu.br\/choropelotas\/?page_id=502"},"modified":"2021-11-25T15:44:04","modified_gmt":"2021-11-25T18:44:04","slug":"programacao","status":"publish","type":"page","link":"https:\/\/wp.ufpel.edu.br\/choropelotas\/programacao\/","title":{"rendered":"Programa\u00e7\u00e3o"},"content":{"rendered":"<p><span style=\"font-size: 18pt\">A programa\u00e7\u00e3o contou com as atividades abaixo relacionadas durante os dias do festival. Foram 7 oficinas de instrumentos, 1 oficina da Hist\u00f3ria do Choro, 5 Rodas de Conversa focalizando temas pertinentes ao choro, 3 Rodas de Choro.<\/span><\/p>\n<p><span style=\"font-size: 18pt\">Al\u00e9m disso, tivemos tamb\u00e9m a cerimonia de coloca\u00e7\u00e3o da Placa &#8220;Avendano Jr&#8221; no p\u00e1tio 2 do Mercado Central de Pelotas. A cerimonia contou com a presen\u00e7a de autoridades do Executivo e do Legislativo de Pelotas, al\u00e9m da vi\u00fava de Avendano Junior, Sra Rita Avendano.<\/span><\/p>\n<p>&nbsp;<\/p>\n<p><img data-recalc-dims=\"1\" loading=\"lazy\" decoding=\"async\" class=\"size-full wp-image-542 aligncenter\" src=\"https:\/\/i0.wp.com\/wp.ufpel.edu.br\/choropelotas\/files\/2021\/11\/prog-1.png?resize=676%2C375&#038;ssl=1\" alt=\"\" width=\"676\" height=\"375\" srcset=\"https:\/\/i0.wp.com\/wp.ufpel.edu.br\/choropelotas\/files\/2021\/11\/prog-1.png?w=1718&amp;ssl=1 1718w, https:\/\/i0.wp.com\/wp.ufpel.edu.br\/choropelotas\/files\/2021\/11\/prog-1.png?resize=400%2C222&amp;ssl=1 400w, https:\/\/i0.wp.com\/wp.ufpel.edu.br\/choropelotas\/files\/2021\/11\/prog-1.png?resize=1024%2C569&amp;ssl=1 1024w, https:\/\/i0.wp.com\/wp.ufpel.edu.br\/choropelotas\/files\/2021\/11\/prog-1.png?resize=768%2C426&amp;ssl=1 768w, https:\/\/i0.wp.com\/wp.ufpel.edu.br\/choropelotas\/files\/2021\/11\/prog-1.png?resize=1536%2C853&amp;ssl=1 1536w, https:\/\/i0.wp.com\/wp.ufpel.edu.br\/choropelotas\/files\/2021\/11\/prog-1.png?resize=600%2C333&amp;ssl=1 600w, https:\/\/i0.wp.com\/wp.ufpel.edu.br\/choropelotas\/files\/2021\/11\/prog-1.png?resize=945%2C525&amp;ssl=1 945w, https:\/\/i0.wp.com\/wp.ufpel.edu.br\/choropelotas\/files\/2021\/11\/prog-1.png?w=1352&amp;ssl=1 1352w\" sizes=\"auto, (max-width: 676px) 100vw, 676px\" \/><\/p>\n<p><img data-recalc-dims=\"1\" loading=\"lazy\" decoding=\"async\" class=\"size-medium wp-image-519 aligncenter\" src=\"https:\/\/i0.wp.com\/wp.ufpel.edu.br\/choropelotas\/files\/2021\/11\/sabado-segundo.jpg?resize=400%2C400&#038;ssl=1\" alt=\"\" width=\"400\" height=\"400\" srcset=\"https:\/\/i0.wp.com\/wp.ufpel.edu.br\/choropelotas\/files\/2021\/11\/sabado-segundo.jpg?resize=400%2C400&amp;ssl=1 400w, https:\/\/i0.wp.com\/wp.ufpel.edu.br\/choropelotas\/files\/2021\/11\/sabado-segundo.jpg?resize=200%2C200&amp;ssl=1 200w, https:\/\/i0.wp.com\/wp.ufpel.edu.br\/choropelotas\/files\/2021\/11\/sabado-segundo.jpg?resize=768%2C768&amp;ssl=1 768w, https:\/\/i0.wp.com\/wp.ufpel.edu.br\/choropelotas\/files\/2021\/11\/sabado-segundo.jpg?resize=600%2C600&amp;ssl=1 600w, https:\/\/i0.wp.com\/wp.ufpel.edu.br\/choropelotas\/files\/2021\/11\/sabado-segundo.jpg?resize=945%2C945&amp;ssl=1 945w, https:\/\/i0.wp.com\/wp.ufpel.edu.br\/choropelotas\/files\/2021\/11\/sabado-segundo.jpg?w=1000&amp;ssl=1 1000w\" sizes=\"auto, (max-width: 400px) 100vw, 400px\" \/><\/p>\n<p><img data-recalc-dims=\"1\" loading=\"lazy\" decoding=\"async\" class=\"alignnone size-medium wp-image-521\" src=\"https:\/\/i0.wp.com\/wp.ufpel.edu.br\/choropelotas\/files\/2021\/11\/terca.jpg?resize=400%2C400&#038;ssl=1\" alt=\"\" width=\"400\" height=\"400\" srcset=\"https:\/\/i0.wp.com\/wp.ufpel.edu.br\/choropelotas\/files\/2021\/11\/terca.jpg?resize=400%2C400&amp;ssl=1 400w, https:\/\/i0.wp.com\/wp.ufpel.edu.br\/choropelotas\/files\/2021\/11\/terca.jpg?resize=200%2C200&amp;ssl=1 200w, https:\/\/i0.wp.com\/wp.ufpel.edu.br\/choropelotas\/files\/2021\/11\/terca.jpg?resize=768%2C768&amp;ssl=1 768w, https:\/\/i0.wp.com\/wp.ufpel.edu.br\/choropelotas\/files\/2021\/11\/terca.jpg?resize=600%2C600&amp;ssl=1 600w, https:\/\/i0.wp.com\/wp.ufpel.edu.br\/choropelotas\/files\/2021\/11\/terca.jpg?resize=945%2C945&amp;ssl=1 945w, https:\/\/i0.wp.com\/wp.ufpel.edu.br\/choropelotas\/files\/2021\/11\/terca.jpg?w=1000&amp;ssl=1 1000w\" sizes=\"auto, (max-width: 400px) 100vw, 400px\" \/><\/p>\n<p style=\"text-align: left\"><img data-recalc-dims=\"1\" loading=\"lazy\" decoding=\"async\" class=\"alignnone size-medium wp-image-517\" src=\"https:\/\/i0.wp.com\/wp.ufpel.edu.br\/choropelotas\/files\/2021\/11\/quarta.jpg?resize=400%2C400&#038;ssl=1\" alt=\"\" width=\"400\" height=\"400\" srcset=\"https:\/\/i0.wp.com\/wp.ufpel.edu.br\/choropelotas\/files\/2021\/11\/quarta.jpg?resize=400%2C400&amp;ssl=1 400w, https:\/\/i0.wp.com\/wp.ufpel.edu.br\/choropelotas\/files\/2021\/11\/quarta.jpg?resize=200%2C200&amp;ssl=1 200w, https:\/\/i0.wp.com\/wp.ufpel.edu.br\/choropelotas\/files\/2021\/11\/quarta.jpg?resize=768%2C768&amp;ssl=1 768w, https:\/\/i0.wp.com\/wp.ufpel.edu.br\/choropelotas\/files\/2021\/11\/quarta.jpg?resize=600%2C600&amp;ssl=1 600w, https:\/\/i0.wp.com\/wp.ufpel.edu.br\/choropelotas\/files\/2021\/11\/quarta.jpg?resize=945%2C945&amp;ssl=1 945w, https:\/\/i0.wp.com\/wp.ufpel.edu.br\/choropelotas\/files\/2021\/11\/quarta.jpg?w=1000&amp;ssl=1 1000w\" sizes=\"auto, (max-width: 400px) 100vw, 400px\" \/><\/p>\n<p><img data-recalc-dims=\"1\" loading=\"lazy\" decoding=\"async\" class=\"size-medium wp-image-518 aligncenter\" src=\"https:\/\/i0.wp.com\/wp.ufpel.edu.br\/choropelotas\/files\/2021\/11\/quinta.jpg?resize=400%2C400&#038;ssl=1\" alt=\"\" width=\"400\" height=\"400\" srcset=\"https:\/\/i0.wp.com\/wp.ufpel.edu.br\/choropelotas\/files\/2021\/11\/quinta.jpg?resize=400%2C400&amp;ssl=1 400w, https:\/\/i0.wp.com\/wp.ufpel.edu.br\/choropelotas\/files\/2021\/11\/quinta.jpg?resize=200%2C200&amp;ssl=1 200w, https:\/\/i0.wp.com\/wp.ufpel.edu.br\/choropelotas\/files\/2021\/11\/quinta.jpg?resize=768%2C768&amp;ssl=1 768w, https:\/\/i0.wp.com\/wp.ufpel.edu.br\/choropelotas\/files\/2021\/11\/quinta.jpg?resize=600%2C600&amp;ssl=1 600w, https:\/\/i0.wp.com\/wp.ufpel.edu.br\/choropelotas\/files\/2021\/11\/quinta.jpg?resize=945%2C945&amp;ssl=1 945w, https:\/\/i0.wp.com\/wp.ufpel.edu.br\/choropelotas\/files\/2021\/11\/quinta.jpg?w=1000&amp;ssl=1 1000w\" sizes=\"auto, (max-width: 400px) 100vw, 400px\" \/><\/p>\n<p><img data-recalc-dims=\"1\" loading=\"lazy\" decoding=\"async\" class=\"alignnone size-medium wp-image-520 aligncenter\" src=\"https:\/\/i0.wp.com\/wp.ufpel.edu.br\/choropelotas\/files\/2021\/11\/sexta.jpg?resize=400%2C400&#038;ssl=1\" alt=\"\" width=\"400\" height=\"400\" srcset=\"https:\/\/i0.wp.com\/wp.ufpel.edu.br\/choropelotas\/files\/2021\/11\/sexta.jpg?resize=400%2C400&amp;ssl=1 400w, https:\/\/i0.wp.com\/wp.ufpel.edu.br\/choropelotas\/files\/2021\/11\/sexta.jpg?resize=200%2C200&amp;ssl=1 200w, https:\/\/i0.wp.com\/wp.ufpel.edu.br\/choropelotas\/files\/2021\/11\/sexta.jpg?resize=768%2C768&amp;ssl=1 768w, https:\/\/i0.wp.com\/wp.ufpel.edu.br\/choropelotas\/files\/2021\/11\/sexta.jpg?resize=600%2C600&amp;ssl=1 600w, https:\/\/i0.wp.com\/wp.ufpel.edu.br\/choropelotas\/files\/2021\/11\/sexta.jpg?resize=945%2C945&amp;ssl=1 945w, https:\/\/i0.wp.com\/wp.ufpel.edu.br\/choropelotas\/files\/2021\/11\/sexta.jpg?w=1000&amp;ssl=1 1000w\" sizes=\"auto, (max-width: 400px) 100vw, 400px\" \/><\/p>\n<p>&nbsp;<\/p>\n","protected":false},"excerpt":{"rendered":"<p>A programa\u00e7\u00e3o contou com as atividades abaixo relacionadas durante os dias do festival. Foram 7 oficinas de instrumentos, 1 oficina da Hist\u00f3ria do Choro, 5 Rodas de Conversa focalizando temas pertinentes ao choro, 3 Rodas de Choro. Al\u00e9m disso, tivemos&#8230; <a class=\"more-link\" href=\"https:\/\/wp.ufpel.edu.br\/choropelotas\/programacao\/\">Continue lendo &rarr;<\/a><\/p>\n","protected":false},"author":1045,"featured_media":0,"parent":0,"menu_order":0,"comment_status":"closed","ping_status":"closed","template":"","meta":{"jetpack_post_was_ever_published":false,"footnotes":""},"class_list":["post-502","page","type-page","status-publish","hentry"],"jetpack_sharing_enabled":true,"jetpack_likes_enabled":true,"jetpack-related-posts":[],"_links":{"self":[{"href":"https:\/\/wp.ufpel.edu.br\/choropelotas\/wp-json\/wp\/v2\/pages\/502","targetHints":{"allow":["GET"]}}],"collection":[{"href":"https:\/\/wp.ufpel.edu.br\/choropelotas\/wp-json\/wp\/v2\/pages"}],"about":[{"href":"https:\/\/wp.ufpel.edu.br\/choropelotas\/wp-json\/wp\/v2\/types\/page"}],"author":[{"embeddable":true,"href":"https:\/\/wp.ufpel.edu.br\/choropelotas\/wp-json\/wp\/v2\/users\/1045"}],"replies":[{"embeddable":true,"href":"https:\/\/wp.ufpel.edu.br\/choropelotas\/wp-json\/wp\/v2\/comments?post=502"}],"version-history":[{"count":17,"href":"https:\/\/wp.ufpel.edu.br\/choropelotas\/wp-json\/wp\/v2\/pages\/502\/revisions"}],"predecessor-version":[{"id":572,"href":"https:\/\/wp.ufpel.edu.br\/choropelotas\/wp-json\/wp\/v2\/pages\/502\/revisions\/572"}],"wp:attachment":[{"href":"https:\/\/wp.ufpel.edu.br\/choropelotas\/wp-json\/wp\/v2\/media?parent=502"}],"curies":[{"name":"wp","href":"https:\/\/api.w.org\/{rel}","templated":true}]}}