{"id":455,"date":"2021-10-22T09:39:54","date_gmt":"2021-10-22T12:39:54","guid":{"rendered":"https:\/\/wp.ufpel.edu.br\/choropelotas\/?page_id=455"},"modified":"2021-12-02T19:22:27","modified_gmt":"2021-12-02T22:22:27","slug":"festival-avendano-junior","status":"publish","type":"page","link":"https:\/\/wp.ufpel.edu.br\/choropelotas\/festival-avendano-junior\/","title":{"rendered":"Concurso Avendano Junior"},"content":{"rendered":"<p><span style=\"font-size: 18pt;color: #000000\">O Concurso &#8220;Avendano Junior de Interpreta\u00e7\u00e3o&#8221; aconteceu junto as demais atividades do &#8220;I Festival de Choro de Pelotas&#8221;.<\/span><\/p>\n<p><span style=\"font-size: 18pt;color: #000000\"> Ao todo foram enviados 12 v\u00eddeos com interpreta\u00e7\u00f5es de choros do compositor e cavaquinista pelotense. <\/span><\/p>\n<p><span style=\"font-size: 18pt;color: #000000\">O j\u00fari do festival, composto pelas senhoras Rita Avendano, Helena Borges e Sonia Porto, elegeu duas musicas vencedoras: 1\u00b0 lugar &#8220;Onde voc\u00ea estiver&#8221;, com interpreta\u00e7\u00e3o do pianista Fernando Leitzke, Rio de Janeiro; o 2\u00b0 lugar coube ao duo de Indaiatuba-SP formado pelo cavaquinista Lucas Arantes e o violonista La\u00e9rcio Miranda, interpretando &#8220;Novos Chor\u00f5es&#8221;.<\/span><\/p>\n<p><span style=\"font-size: 18pt;color: #000000\">Quanto ao j\u00fari popular os vencedores foram a violinista Rafaela Michel e o pianista Emmanuel Gusen, interpretando &#8220;Caramba&#8221;.<\/span><\/p>\n<p><span style=\"font-size: 14pt;color: #000000\"><strong>Resultado anunciado pelas integrantes do j\u00fari do Concurso Avendano J\u00fanior:<\/strong><\/span><\/p>\n<p><iframe loading=\"lazy\" title=\"Resultados Premia\u00e7\u00e3o - I Concurso Avendano J\u00fanior de Interpreta\u00e7\u00e3o\" width=\"676\" height=\"380\" src=\"https:\/\/www.youtube.com\/embed\/wj_OLMlBMaU?start=2&#038;feature=oembed\" frameborder=\"0\" allow=\"accelerometer; autoplay; clipboard-write; encrypted-media; gyroscope; picture-in-picture\" allowfullscreen><\/iframe><\/p>\n<p>&nbsp;<\/p>\n<h1><span style=\"color: #000000;font-size: 14pt\"><strong>1\u00b0 Lugar<\/strong><\/span><\/h1>\n<h1 class=\"title style-scope ytd-video-primary-info-renderer\"><span style=\"color: #000000;font-size: 14pt\"><strong>Onde voc\u00ea estiver (Avendano Jr.) Fernando Leitzke | Rio de Janeiro\/RJ<\/strong><\/span><\/h1>\n<p><iframe loading=\"lazy\" title=\"Onde voc\u00ea estiver (A. Jr) Fernando Leitzke | Rio de Janeiro\/RJ - I Concurso Avendano Junior\" width=\"676\" height=\"507\" src=\"https:\/\/www.youtube.com\/embed\/T3fz8JYIm7E?feature=oembed\" frameborder=\"0\" allow=\"accelerometer; autoplay; clipboard-write; encrypted-media; gyroscope; picture-in-picture\" allowfullscreen><\/iframe><\/p>\n<p>&nbsp;<\/p>\n<h1><span style=\"font-size: 14pt;color: #000000\">2\u00b0Lugar<\/span><\/h1>\n<h1 class=\"title style-scope ytd-video-primary-info-renderer\"><span style=\"font-size: 14pt;color: #000000\">Novos Chor\u00f5es (Avendano Jr.) Lucas Arantes | Indaiatuba\/SP\u00a0<\/span><\/h1>\n<p><iframe loading=\"lazy\" title=\"Novos Chor\u00f5es (A. Jr) Lucas Arantes | Indaiatuba\/SP - I Concurso Avendano Junior\" width=\"676\" height=\"380\" src=\"https:\/\/www.youtube.com\/embed\/FdtSjAYjt4w?feature=oembed\" frameborder=\"0\" allow=\"accelerometer; autoplay; clipboard-write; encrypted-media; gyroscope; picture-in-picture\" allowfullscreen><\/iframe><\/p>\n<p>&nbsp;<\/p>\n<h1><span style=\"font-size: 14pt;color: #000000\">3\u00b0 Lugar<\/span><\/h1>\n<h1 class=\"title style-scope ytd-video-primary-info-renderer\"><span style=\"font-size: 14pt;color: #000000\">Caramba (Avendano Jr.) Rafaela Michel e Emmanuel Gusen | S\u00e3o Leopoldo\/RS<\/span><\/h1>\n<p><iframe loading=\"lazy\" title=\"Caramba (A. Jr)  R. Michel e E. Gusen | S\u00e3o Leopoldo\/RS - I Concurso Avendano Jr de Interpreta\u00e7\u00e3o\" width=\"676\" height=\"380\" src=\"https:\/\/www.youtube.com\/embed\/RRHU2Zr_BUU?feature=oembed\" frameborder=\"0\" allow=\"accelerometer; autoplay; clipboard-write; encrypted-media; gyroscope; picture-in-picture\" allowfullscreen><\/iframe><\/p>\n<p>&nbsp;<\/p>\n<p>&nbsp;<\/p>\n<p><span style=\"font-size: 18pt\"><span style=\"color: #000000\">As 12 m\u00fasicas podem ser conferidas na <em>playlist<\/em> no canal do<em> YouTube<\/em> do Clube do Choro de Pelotas<\/span> <a href=\"https:\/\/youtube.com\/playlist?list=PLX67vL6QUJgM9GxAfe84HTs0DRn5a4-X5\">CLICANDO AQUI<\/a> <span style=\"color: #000000\">ou na integra abaixo.<\/span><\/span><\/p>\n<p><iframe loading=\"lazy\" title=\"I Concurso de Interpreta\u00e7\u00e3o Avendano Junior\" width=\"676\" height=\"380\" src=\"https:\/\/www.youtube.com\/embed\/videoseries?list=PLX67vL6QUJgM9GxAfe84HTs0DRn5a4-X5\" frameborder=\"0\" allow=\"accelerometer; autoplay; clipboard-write; encrypted-media; gyroscope; picture-in-picture\" allowfullscreen><\/iframe><\/p>\n","protected":false},"excerpt":{"rendered":"<p>O Concurso &#8220;Avendano Junior de Interpreta\u00e7\u00e3o&#8221; aconteceu junto as demais atividades do &#8220;I Festival de Choro de Pelotas&#8221;. Ao todo foram enviados 12 v\u00eddeos com interpreta\u00e7\u00f5es de choros do compositor e cavaquinista pelotense. O j\u00fari do festival, composto pelas senhoras&#8230; <a class=\"more-link\" href=\"https:\/\/wp.ufpel.edu.br\/choropelotas\/festival-avendano-junior\/\">Continue lendo &rarr;<\/a><\/p>\n","protected":false},"author":1045,"featured_media":0,"parent":0,"menu_order":0,"comment_status":"closed","ping_status":"closed","template":"","meta":{"jetpack_post_was_ever_published":false,"footnotes":""},"class_list":["post-455","page","type-page","status-publish","hentry"],"jetpack_sharing_enabled":true,"jetpack_likes_enabled":true,"jetpack-related-posts":[],"_links":{"self":[{"href":"https:\/\/wp.ufpel.edu.br\/choropelotas\/wp-json\/wp\/v2\/pages\/455","targetHints":{"allow":["GET"]}}],"collection":[{"href":"https:\/\/wp.ufpel.edu.br\/choropelotas\/wp-json\/wp\/v2\/pages"}],"about":[{"href":"https:\/\/wp.ufpel.edu.br\/choropelotas\/wp-json\/wp\/v2\/types\/page"}],"author":[{"embeddable":true,"href":"https:\/\/wp.ufpel.edu.br\/choropelotas\/wp-json\/wp\/v2\/users\/1045"}],"replies":[{"embeddable":true,"href":"https:\/\/wp.ufpel.edu.br\/choropelotas\/wp-json\/wp\/v2\/comments?post=455"}],"version-history":[{"count":13,"href":"https:\/\/wp.ufpel.edu.br\/choropelotas\/wp-json\/wp\/v2\/pages\/455\/revisions"}],"predecessor-version":[{"id":620,"href":"https:\/\/wp.ufpel.edu.br\/choropelotas\/wp-json\/wp\/v2\/pages\/455\/revisions\/620"}],"wp:attachment":[{"href":"https:\/\/wp.ufpel.edu.br\/choropelotas\/wp-json\/wp\/v2\/media?parent=455"}],"curies":[{"name":"wp","href":"https:\/\/api.w.org\/{rel}","templated":true}]}}