{"id":453,"date":"2021-10-22T09:39:54","date_gmt":"2021-10-22T12:39:54","guid":{"rendered":"https:\/\/wp.ufpel.edu.br\/choropelotas\/?page_id=453"},"modified":"2021-11-25T16:36:03","modified_gmt":"2021-11-25T19:36:03","slug":"rodas-de-conversa","status":"publish","type":"page","link":"https:\/\/wp.ufpel.edu.br\/choropelotas\/rodas-de-conversa\/","title":{"rendered":"Mesas de Conversa"},"content":{"rendered":"<p><span style=\"color: #000000\"><strong><span style=\"font-size: 18pt\">Abaixo apresentamos os <em>links<\/em> das 5 Mesas de Conversa desenvolvidas durante o I Festival de Choro de Pelotas.<\/span><\/strong><\/span><\/p>\n<p>&nbsp;<\/p>\n<p><span style=\"font-size: 18pt;color: #000000\"><strong>I Mesa de Conversa<\/strong><\/span><\/p>\n<h1 class=\"title style-scope ytd-video-primary-info-renderer\"><span style=\"font-size: 18pt;color: #000000\">Projetos de Ensino e Coletivos do Choro no Rio Grande do Sul: desafios, solu\u00e7\u00f5es e politicas culturais<\/span><\/h1>\n<p><span style=\"font-size: 14pt;color: #000000\"><strong><span style=\"font-size: 14pt\">\u00a0<\/span>15\/11<\/strong><\/span><\/p>\n<p><iframe loading=\"lazy\" title=\"Mesa 1 - &quot;Projetos de Ensino e Coletivos do Choro no Rio Grande do Sul&quot; - I Fest Choro Pel\" width=\"676\" height=\"380\" src=\"https:\/\/www.youtube.com\/embed\/77S4-I8talk?start=44&#038;feature=oembed\" frameborder=\"0\" allow=\"accelerometer; autoplay; clipboard-write; encrypted-media; gyroscope; picture-in-picture\" allowfullscreen><\/iframe><\/p>\n<p>&nbsp;<\/p>\n<p><span style=\"font-size: 14pt\">Convidados: Luiz Machado (Porto Alegre), Matheus Kleber (Porto Alegre), Zeca Duarte (Farroupilha), Jo\u00e3o Seben (Farroupilha), Paulinho Martins (Pelotas) e Mathias Pinto (Porto Alegre)<\/span><\/p>\n<p><span style=\"font-size: 14pt\">Media\u00e7\u00e3o: Rafael Velloso (Professor UFPel)<\/span><\/p>\n<p>&nbsp;<\/p>\n<p><span style=\"font-size: 18pt;color: #000000\"><strong>II Mesa de Conversa <\/strong><\/span><\/p>\n<p><strong><span style=\"font-size: 18pt;color: #000000\">Avendano Junior e o Cavaquinho Brasileiro<\/span><\/strong><\/p>\n<p><span style=\"color: #000000\"><strong><span style=\"font-size: 14pt\">16\/11<\/span><\/strong><\/span><\/p>\n<p><iframe loading=\"lazy\" title=\"Mesa 2 - &quot;Avendano Junior e o Cavaquinho Brasileiro&quot; - I Fest Choro Pel\" width=\"676\" height=\"380\" src=\"https:\/\/www.youtube.com\/embed\/KzsoUw2vlus?start=5&#038;feature=oembed\" frameborder=\"0\" allow=\"accelerometer; autoplay; clipboard-write; encrypted-media; gyroscope; picture-in-picture\" allowfullscreen><\/iframe><\/p>\n<p>&nbsp;<\/p>\n<p><span style=\"font-size: 14pt\">Convidados: Nadir do Cavaquinho (Rio Grande), Ana Claudia Cesar (S\u00e3o Paulo), Pedro Cantalice (Rio de Janeiro) e Raul Costa d\u2019Avila (Pelotas)<\/span><\/p>\n<p><span style=\"font-size: 14pt\">Media\u00e7\u00e3o: Pedro Erler (Bacharelando UFPel)<\/span><\/p>\n<p>&nbsp;<\/p>\n<p><span style=\"font-size: 18pt;color: #000000\"><strong>III Mesa de Conversa<\/strong><\/span><\/p>\n<h1 class=\"title style-scope ytd-video-primary-info-renderer\"><span style=\"font-size: 18pt;color: #000000\">\u00a0Produ\u00e7\u00e3o de conhecimento do Clube do Choro de Pelotas<\/span><\/h1>\n<p><span style=\"font-size: 14pt;color: #000000\"><strong>17\/11<\/strong><\/span><\/p>\n<p><iframe loading=\"lazy\" title=\"Mesa 3 - Produ\u00e7\u00e3o de conhecimento do Clube do Choro de Pelotas - I Fest Choro Pel\" width=\"676\" height=\"380\" src=\"https:\/\/www.youtube.com\/embed\/IRtEjUa2_pE?feature=oembed\" frameborder=\"0\" allow=\"accelerometer; autoplay; clipboard-write; encrypted-media; gyroscope; picture-in-picture\" allowfullscreen><\/iframe><\/p>\n<p>&nbsp;<\/p>\n<p><span style=\"font-size: 14pt\">Convidada\/os: Fernando Magalh\u00e3es (Rio Grande), Eduardo Montagna (Pelotas), Vinicius Veleda, Rafael Velloso(Pelotas) e J\u00falia Alves (Pelotas)<\/span><\/p>\n<p><span style=\"font-size: 14pt\">Media\u00e7\u00e3o: Guilherme Vieira<\/span><\/p>\n<p>&nbsp;<\/p>\n<p><span style=\"font-size: 18pt;color: #000000\"><strong>IV Roda de Conversa<\/strong><\/span><\/p>\n<h1 class=\"title style-scope ytd-video-primary-info-renderer\"><span style=\"font-size: 18pt;color: #000000\">Perspectivas contempor\u00e2neas da Hist\u00f3ria do choro<\/span><\/h1>\n<p><span style=\"font-size: 14pt;color: #000000\"><strong>18\/11<\/strong><\/span><\/p>\n<p><iframe loading=\"lazy\" title=\"Mesa 4 - &quot;Perspectivas contempor\u00e2neas da Hist\u00f3ria do choro&quot;\" width=\"676\" height=\"380\" src=\"https:\/\/www.youtube.com\/embed\/cwpH-YgdWj4?feature=oembed\" frameborder=\"0\" allow=\"accelerometer; autoplay; clipboard-write; encrypted-media; gyroscope; picture-in-picture\" allowfullscreen><\/iframe><\/p>\n<p><span style=\"font-size: 14pt\">Convidadas: Carolina Alves (Rio de Janeiro), Tha\u00eds Carvalho (Pelotas) e Ana Silveira (Pelotas)<\/span><\/p>\n<p><span style=\"font-size: 14pt\">Media\u00e7\u00e3o Gil Soares (Clube do Choro de Pelotas)<\/span><\/p>\n<p>&nbsp;<\/p>\n<p><span style=\"color: #000000;font-size: 18pt\"><strong>V Roda de Conversa\u00a0<\/strong><\/span><\/p>\n<h1 class=\"title style-scope ytd-video-primary-info-renderer\"><span style=\"color: #000000;font-size: 18pt\">Acervo Oct\u00e1vio Dutra<\/span><\/h1>\n<p><span style=\"color: #000000\"><strong><span style=\"font-size: 14pt\">19\/11<\/span><\/strong><\/span><\/p>\n<p><iframe loading=\"lazy\" title=\"Mesa 5 - &quot;Acervo Oct\u00e1vio Dutra&quot; - I Fest Choro Pel\" width=\"676\" height=\"380\" src=\"https:\/\/www.youtube.com\/embed\/FLiu4nuXMk0?start=474&#038;feature=oembed\" frameborder=\"0\" allow=\"accelerometer; autoplay; clipboard-write; encrypted-media; gyroscope; picture-in-picture\" allowfullscreen><\/iframe><\/p>\n<p>&nbsp;<\/p>\n<p><span style=\"font-size: 14pt\">Convidados: M\u00e1rcio de Souza (UFPel), Rog\u00e9rio Piva (Florian\u00f3polis), Arthur de Faria (Porto Alegre)<\/span><\/p>\n<p><span style=\"font-size: 14pt\">Media\u00e7\u00e3o: Lucas Borba (Bacharelando UFPel)<\/span><\/p>\n","protected":false},"excerpt":{"rendered":"<p>Abaixo apresentamos os links das 5 Mesas de Conversa desenvolvidas durante o I Festival de Choro de Pelotas. &nbsp; I Mesa de Conversa Projetos de Ensino e Coletivos do Choro no Rio Grande do Sul: desafios, solu\u00e7\u00f5es e politicas culturais&#8230; <a class=\"more-link\" href=\"https:\/\/wp.ufpel.edu.br\/choropelotas\/rodas-de-conversa\/\">Continue lendo &rarr;<\/a><\/p>\n","protected":false},"author":1045,"featured_media":0,"parent":0,"menu_order":0,"comment_status":"closed","ping_status":"closed","template":"","meta":{"jetpack_post_was_ever_published":false,"footnotes":""},"class_list":["post-453","page","type-page","status-publish","hentry"],"jetpack_sharing_enabled":true,"jetpack_likes_enabled":true,"jetpack-related-posts":[],"_links":{"self":[{"href":"https:\/\/wp.ufpel.edu.br\/choropelotas\/wp-json\/wp\/v2\/pages\/453","targetHints":{"allow":["GET"]}}],"collection":[{"href":"https:\/\/wp.ufpel.edu.br\/choropelotas\/wp-json\/wp\/v2\/pages"}],"about":[{"href":"https:\/\/wp.ufpel.edu.br\/choropelotas\/wp-json\/wp\/v2\/types\/page"}],"author":[{"embeddable":true,"href":"https:\/\/wp.ufpel.edu.br\/choropelotas\/wp-json\/wp\/v2\/users\/1045"}],"replies":[{"embeddable":true,"href":"https:\/\/wp.ufpel.edu.br\/choropelotas\/wp-json\/wp\/v2\/comments?post=453"}],"version-history":[{"count":13,"href":"https:\/\/wp.ufpel.edu.br\/choropelotas\/wp-json\/wp\/v2\/pages\/453\/revisions"}],"predecessor-version":[{"id":555,"href":"https:\/\/wp.ufpel.edu.br\/choropelotas\/wp-json\/wp\/v2\/pages\/453\/revisions\/555"}],"wp:attachment":[{"href":"https:\/\/wp.ufpel.edu.br\/choropelotas\/wp-json\/wp\/v2\/media?parent=453"}],"curies":[{"name":"wp","href":"https:\/\/api.w.org\/{rel}","templated":true}]}}