{"id":452,"date":"2021-10-22T09:39:53","date_gmt":"2021-10-22T12:39:53","guid":{"rendered":"https:\/\/wp.ufpel.edu.br\/choropelotas\/?page_id=452"},"modified":"2021-11-25T15:45:21","modified_gmt":"2021-11-25T18:45:21","slug":"oficinas","status":"publish","type":"page","link":"https:\/\/wp.ufpel.edu.br\/choropelotas\/oficinas\/","title":{"rendered":"Oficinas"},"content":{"rendered":"<p><span style=\"font-size: 18pt\">O 1\u00b0 Festival de Choro de Pelotas, realizado de 13 a 19 de novembro de 2021, contou com oito oficinas, tendo como foco os grandes mestres de Pelotas e regi\u00e3o. As oficinas foram totalmente gratuitas, sempre online, e contemplaram os seguintes instrumentos:<\/span><\/p>\n<ul>\n<li><span style=\"font-size: 18pt\"><strong>Bandolim<\/strong><\/span><\/li>\n<li><span style=\"font-size: 18pt\"><strong>Cavaquinho<\/strong><\/span><\/li>\n<li><span style=\"font-size: 18pt\"><strong>Contrabaixo<\/strong><\/span><\/li>\n<li><span style=\"font-size: 18pt\"><strong>Flauta<\/strong><\/span><\/li>\n<li><span style=\"font-size: 18pt\"><strong>Pandeiro<\/strong><\/span><\/li>\n<li><span style=\"font-size: 18pt\"><strong>Saxofone<\/strong><\/span><\/li>\n<li><span style=\"font-size: 18pt\"><strong>Viol\u00e3o<\/strong><\/span><\/li>\n<\/ul>\n<p><span style=\"font-size: 18pt\">Al\u00e9m dos instrumentos mencionados acima tivemos tamb\u00e9m uma oficina especial voltada \u00e0 <strong>Hist\u00f3ria do Choro<\/strong>.<\/span><\/p>\n<hr \/>\n<p><span style=\"font-size: 18pt\"><strong>Conhe\u00e7a as\/os oficineiras\/os:<\/strong><\/span><\/p>\n<p><img data-recalc-dims=\"1\" loading=\"lazy\" decoding=\"async\" class=\"alignnone size-medium wp-image-508\" src=\"https:\/\/i0.wp.com\/wp.ufpel.edu.br\/choropelotas\/files\/2021\/11\/baixo.jpg?resize=400%2C400&#038;ssl=1\" alt=\"\" width=\"400\" height=\"400\" srcset=\"https:\/\/i0.wp.com\/wp.ufpel.edu.br\/choropelotas\/files\/2021\/11\/baixo.jpg?resize=400%2C400&amp;ssl=1 400w, https:\/\/i0.wp.com\/wp.ufpel.edu.br\/choropelotas\/files\/2021\/11\/baixo.jpg?resize=200%2C200&amp;ssl=1 200w, https:\/\/i0.wp.com\/wp.ufpel.edu.br\/choropelotas\/files\/2021\/11\/baixo.jpg?resize=768%2C768&amp;ssl=1 768w, https:\/\/i0.wp.com\/wp.ufpel.edu.br\/choropelotas\/files\/2021\/11\/baixo.jpg?resize=600%2C600&amp;ssl=1 600w, https:\/\/i0.wp.com\/wp.ufpel.edu.br\/choropelotas\/files\/2021\/11\/baixo.jpg?resize=945%2C945&amp;ssl=1 945w, https:\/\/i0.wp.com\/wp.ufpel.edu.br\/choropelotas\/files\/2021\/11\/baixo.jpg?w=1000&amp;ssl=1 1000w\" sizes=\"auto, (max-width: 400px) 100vw, 400px\" \/> <img data-recalc-dims=\"1\" loading=\"lazy\" decoding=\"async\" class=\"alignnone size-medium wp-image-509\" src=\"https:\/\/i0.wp.com\/wp.ufpel.edu.br\/choropelotas\/files\/2021\/11\/bandola.jpg?resize=400%2C400&#038;ssl=1\" alt=\"\" width=\"400\" height=\"400\" srcset=\"https:\/\/i0.wp.com\/wp.ufpel.edu.br\/choropelotas\/files\/2021\/11\/bandola.jpg?resize=400%2C400&amp;ssl=1 400w, https:\/\/i0.wp.com\/wp.ufpel.edu.br\/choropelotas\/files\/2021\/11\/bandola.jpg?resize=200%2C200&amp;ssl=1 200w, https:\/\/i0.wp.com\/wp.ufpel.edu.br\/choropelotas\/files\/2021\/11\/bandola.jpg?resize=768%2C768&amp;ssl=1 768w, https:\/\/i0.wp.com\/wp.ufpel.edu.br\/choropelotas\/files\/2021\/11\/bandola.jpg?resize=600%2C600&amp;ssl=1 600w, https:\/\/i0.wp.com\/wp.ufpel.edu.br\/choropelotas\/files\/2021\/11\/bandola.jpg?resize=945%2C945&amp;ssl=1 945w, https:\/\/i0.wp.com\/wp.ufpel.edu.br\/choropelotas\/files\/2021\/11\/bandola.jpg?w=1000&amp;ssl=1 1000w\" sizes=\"auto, (max-width: 400px) 100vw, 400px\" \/> <img data-recalc-dims=\"1\" loading=\"lazy\" decoding=\"async\" class=\"alignnone size-medium wp-image-510\" src=\"https:\/\/i0.wp.com\/wp.ufpel.edu.br\/choropelotas\/files\/2021\/11\/cavaco.jpg?resize=400%2C400&#038;ssl=1\" alt=\"\" width=\"400\" height=\"400\" srcset=\"https:\/\/i0.wp.com\/wp.ufpel.edu.br\/choropelotas\/files\/2021\/11\/cavaco.jpg?resize=400%2C400&amp;ssl=1 400w, https:\/\/i0.wp.com\/wp.ufpel.edu.br\/choropelotas\/files\/2021\/11\/cavaco.jpg?resize=200%2C200&amp;ssl=1 200w, https:\/\/i0.wp.com\/wp.ufpel.edu.br\/choropelotas\/files\/2021\/11\/cavaco.jpg?resize=768%2C768&amp;ssl=1 768w, https:\/\/i0.wp.com\/wp.ufpel.edu.br\/choropelotas\/files\/2021\/11\/cavaco.jpg?resize=600%2C600&amp;ssl=1 600w, https:\/\/i0.wp.com\/wp.ufpel.edu.br\/choropelotas\/files\/2021\/11\/cavaco.jpg?resize=945%2C945&amp;ssl=1 945w, https:\/\/i0.wp.com\/wp.ufpel.edu.br\/choropelotas\/files\/2021\/11\/cavaco.jpg?w=1000&amp;ssl=1 1000w\" sizes=\"auto, (max-width: 400px) 100vw, 400px\" \/> <img data-recalc-dims=\"1\" loading=\"lazy\" decoding=\"async\" class=\"alignnone size-medium wp-image-511\" src=\"https:\/\/i0.wp.com\/wp.ufpel.edu.br\/choropelotas\/files\/2021\/11\/flute.jpg?resize=400%2C400&#038;ssl=1\" alt=\"\" width=\"400\" height=\"400\" srcset=\"https:\/\/i0.wp.com\/wp.ufpel.edu.br\/choropelotas\/files\/2021\/11\/flute.jpg?resize=400%2C400&amp;ssl=1 400w, https:\/\/i0.wp.com\/wp.ufpel.edu.br\/choropelotas\/files\/2021\/11\/flute.jpg?resize=200%2C200&amp;ssl=1 200w, https:\/\/i0.wp.com\/wp.ufpel.edu.br\/choropelotas\/files\/2021\/11\/flute.jpg?resize=768%2C768&amp;ssl=1 768w, https:\/\/i0.wp.com\/wp.ufpel.edu.br\/choropelotas\/files\/2021\/11\/flute.jpg?resize=600%2C600&amp;ssl=1 600w, https:\/\/i0.wp.com\/wp.ufpel.edu.br\/choropelotas\/files\/2021\/11\/flute.jpg?resize=945%2C945&amp;ssl=1 945w, https:\/\/i0.wp.com\/wp.ufpel.edu.br\/choropelotas\/files\/2021\/11\/flute.jpg?w=1000&amp;ssl=1 1000w\" sizes=\"auto, (max-width: 400px) 100vw, 400px\" \/> <img data-recalc-dims=\"1\" loading=\"lazy\" decoding=\"async\" class=\"alignnone size-medium wp-image-512\" src=\"https:\/\/i0.wp.com\/wp.ufpel.edu.br\/choropelotas\/files\/2021\/11\/historia.jpg?resize=400%2C400&#038;ssl=1\" alt=\"\" width=\"400\" height=\"400\" srcset=\"https:\/\/i0.wp.com\/wp.ufpel.edu.br\/choropelotas\/files\/2021\/11\/historia.jpg?resize=400%2C400&amp;ssl=1 400w, https:\/\/i0.wp.com\/wp.ufpel.edu.br\/choropelotas\/files\/2021\/11\/historia.jpg?resize=200%2C200&amp;ssl=1 200w, https:\/\/i0.wp.com\/wp.ufpel.edu.br\/choropelotas\/files\/2021\/11\/historia.jpg?resize=768%2C768&amp;ssl=1 768w, https:\/\/i0.wp.com\/wp.ufpel.edu.br\/choropelotas\/files\/2021\/11\/historia.jpg?resize=600%2C600&amp;ssl=1 600w, https:\/\/i0.wp.com\/wp.ufpel.edu.br\/choropelotas\/files\/2021\/11\/historia.jpg?resize=945%2C945&amp;ssl=1 945w, https:\/\/i0.wp.com\/wp.ufpel.edu.br\/choropelotas\/files\/2021\/11\/historia.jpg?w=1000&amp;ssl=1 1000w\" sizes=\"auto, (max-width: 400px) 100vw, 400px\" \/> <img data-recalc-dims=\"1\" loading=\"lazy\" decoding=\"async\" class=\"alignnone size-medium wp-image-513\" src=\"https:\/\/i0.wp.com\/wp.ufpel.edu.br\/choropelotas\/files\/2021\/11\/pandeiro.jpg?resize=400%2C400&#038;ssl=1\" alt=\"\" width=\"400\" height=\"400\" srcset=\"https:\/\/i0.wp.com\/wp.ufpel.edu.br\/choropelotas\/files\/2021\/11\/pandeiro.jpg?resize=400%2C400&amp;ssl=1 400w, https:\/\/i0.wp.com\/wp.ufpel.edu.br\/choropelotas\/files\/2021\/11\/pandeiro.jpg?resize=200%2C200&amp;ssl=1 200w, https:\/\/i0.wp.com\/wp.ufpel.edu.br\/choropelotas\/files\/2021\/11\/pandeiro.jpg?resize=768%2C768&amp;ssl=1 768w, https:\/\/i0.wp.com\/wp.ufpel.edu.br\/choropelotas\/files\/2021\/11\/pandeiro.jpg?resize=600%2C600&amp;ssl=1 600w, https:\/\/i0.wp.com\/wp.ufpel.edu.br\/choropelotas\/files\/2021\/11\/pandeiro.jpg?resize=945%2C945&amp;ssl=1 945w, https:\/\/i0.wp.com\/wp.ufpel.edu.br\/choropelotas\/files\/2021\/11\/pandeiro.jpg?w=1000&amp;ssl=1 1000w\" sizes=\"auto, (max-width: 400px) 100vw, 400px\" \/> <img data-recalc-dims=\"1\" loading=\"lazy\" decoding=\"async\" class=\"alignnone size-medium wp-image-514\" src=\"https:\/\/i0.wp.com\/wp.ufpel.edu.br\/choropelotas\/files\/2021\/11\/Sax.jpg?resize=400%2C400&#038;ssl=1\" alt=\"\" width=\"400\" height=\"400\" srcset=\"https:\/\/i0.wp.com\/wp.ufpel.edu.br\/choropelotas\/files\/2021\/11\/Sax.jpg?resize=400%2C400&amp;ssl=1 400w, https:\/\/i0.wp.com\/wp.ufpel.edu.br\/choropelotas\/files\/2021\/11\/Sax.jpg?resize=200%2C200&amp;ssl=1 200w, https:\/\/i0.wp.com\/wp.ufpel.edu.br\/choropelotas\/files\/2021\/11\/Sax.jpg?resize=768%2C768&amp;ssl=1 768w, https:\/\/i0.wp.com\/wp.ufpel.edu.br\/choropelotas\/files\/2021\/11\/Sax.jpg?resize=600%2C600&amp;ssl=1 600w, https:\/\/i0.wp.com\/wp.ufpel.edu.br\/choropelotas\/files\/2021\/11\/Sax.jpg?resize=945%2C945&amp;ssl=1 945w, https:\/\/i0.wp.com\/wp.ufpel.edu.br\/choropelotas\/files\/2021\/11\/Sax.jpg?w=1000&amp;ssl=1 1000w\" sizes=\"auto, (max-width: 400px) 100vw, 400px\" \/> <img data-recalc-dims=\"1\" loading=\"lazy\" decoding=\"async\" class=\"alignnone size-medium wp-image-515\" src=\"https:\/\/i0.wp.com\/wp.ufpel.edu.br\/choropelotas\/files\/2021\/11\/violao.jpg?resize=400%2C400&#038;ssl=1\" alt=\"\" width=\"400\" height=\"400\" srcset=\"https:\/\/i0.wp.com\/wp.ufpel.edu.br\/choropelotas\/files\/2021\/11\/violao.jpg?resize=400%2C400&amp;ssl=1 400w, https:\/\/i0.wp.com\/wp.ufpel.edu.br\/choropelotas\/files\/2021\/11\/violao.jpg?resize=200%2C200&amp;ssl=1 200w, https:\/\/i0.wp.com\/wp.ufpel.edu.br\/choropelotas\/files\/2021\/11\/violao.jpg?resize=768%2C768&amp;ssl=1 768w, https:\/\/i0.wp.com\/wp.ufpel.edu.br\/choropelotas\/files\/2021\/11\/violao.jpg?resize=600%2C600&amp;ssl=1 600w, https:\/\/i0.wp.com\/wp.ufpel.edu.br\/choropelotas\/files\/2021\/11\/violao.jpg?resize=945%2C945&amp;ssl=1 945w, https:\/\/i0.wp.com\/wp.ufpel.edu.br\/choropelotas\/files\/2021\/11\/violao.jpg?w=1000&amp;ssl=1 1000w\" sizes=\"auto, (max-width: 400px) 100vw, 400px\" \/><\/p>\n<p>&nbsp;<\/p>\n","protected":false},"excerpt":{"rendered":"<p>O 1\u00b0 Festival de Choro de Pelotas, realizado de 13 a 19 de novembro de 2021, contou com oito oficinas, tendo como foco os grandes mestres de Pelotas e regi\u00e3o. As oficinas foram totalmente gratuitas, sempre online, e contemplaram os&#8230; <a class=\"more-link\" href=\"https:\/\/wp.ufpel.edu.br\/choropelotas\/oficinas\/\">Continue lendo &rarr;<\/a><\/p>\n","protected":false},"author":1045,"featured_media":0,"parent":0,"menu_order":0,"comment_status":"closed","ping_status":"closed","template":"","meta":{"jetpack_post_was_ever_published":false,"footnotes":""},"class_list":["post-452","page","type-page","status-publish","hentry"],"jetpack_sharing_enabled":true,"jetpack_likes_enabled":true,"jetpack-related-posts":[],"_links":{"self":[{"href":"https:\/\/wp.ufpel.edu.br\/choropelotas\/wp-json\/wp\/v2\/pages\/452","targetHints":{"allow":["GET"]}}],"collection":[{"href":"https:\/\/wp.ufpel.edu.br\/choropelotas\/wp-json\/wp\/v2\/pages"}],"about":[{"href":"https:\/\/wp.ufpel.edu.br\/choropelotas\/wp-json\/wp\/v2\/types\/page"}],"author":[{"embeddable":true,"href":"https:\/\/wp.ufpel.edu.br\/choropelotas\/wp-json\/wp\/v2\/users\/1045"}],"replies":[{"embeddable":true,"href":"https:\/\/wp.ufpel.edu.br\/choropelotas\/wp-json\/wp\/v2\/comments?post=452"}],"version-history":[{"count":17,"href":"https:\/\/wp.ufpel.edu.br\/choropelotas\/wp-json\/wp\/v2\/pages\/452\/revisions"}],"predecessor-version":[{"id":497,"href":"https:\/\/wp.ufpel.edu.br\/choropelotas\/wp-json\/wp\/v2\/pages\/452\/revisions\/497"}],"wp:attachment":[{"href":"https:\/\/wp.ufpel.edu.br\/choropelotas\/wp-json\/wp\/v2\/media?parent=452"}],"curies":[{"name":"wp","href":"https:\/\/api.w.org\/{rel}","templated":true}]}}