{"id":445,"date":"2021-10-18T10:09:22","date_gmt":"2021-10-18T13:09:22","guid":{"rendered":"https:\/\/wp.ufpel.edu.br\/choropelotas\/?page_id=445"},"modified":"2021-11-25T16:34:06","modified_gmt":"2021-11-25T19:34:06","slug":"i-festival-de-choro-de-pelotas","status":"publish","type":"page","link":"https:\/\/wp.ufpel.edu.br\/choropelotas\/i-festival-de-choro-de-pelotas\/","title":{"rendered":"I Festival de Choro de Pelotas"},"content":{"rendered":"<p>&nbsp;<\/p>\n<p>O <strong>I Festival de Choro de Pelotas<\/strong> aconteceu de<strong>\u00a013 \u00e0 19 de novembro de 2021<\/strong>, em comemora\u00e7\u00e3o ao <strong>Dia Municipal do Choro<\/strong>, celebrado no dia do aniversario do querido e saudoso mestre Avendano Jr. (19\/11).<\/p>\n<p>Esta foi uma grande festa para os chor\u00f5es, choronas e entusiastas da cultura do Choro. Celebramos a data de nascimento do cavaquinista e compositor pelotense que atuou intensamente com seu grupo de amigos m\u00fasicos por quase 40 anos no Bar e Restaurante Liberdade, nos deixando um legado de composi\u00e7\u00f5es e muitas hist\u00f3rias para a cultura de Pelotas.<\/p>\n<p>Este festival foi uma realiza\u00e7\u00e3o do <strong>Clube do Choro de Pelotas<\/strong> em parceria com a <strong>SeCult-Pelotas<\/strong> e apoio da <strong>UFPel<\/strong>, atrav\u00e9s do Laborat\u00f3rio de Musica Popular.<\/p>\n<p>Foram realizadas durante a semana varias atividades, entre elas:<\/p>\n<ul>\n<li><a href=\"https:\/\/wp.ufpel.edu.br\/choropelotas\/oficinas\/\" target=\"_blank\" rel=\"noopener\">Oficinas de pr\u00e1tica de choro : viol\u00e3o, cavaquinho, bandolim, contrabaixo, flauta, sax, pandeiro<\/a><\/li>\n<li><a href=\"https:\/\/wp.ufpel.edu.br\/choropelotas\/oficinas\/\" target=\"_blank\" rel=\"noopener\">Oficina da hist\u00f3ria do choro<\/a><\/li>\n<li><a href=\"https:\/\/wp.ufpel.edu.br\/choropelotas\/rodas-de-conversa\/\" target=\"_blank\" rel=\"noopener\">Mesas de conversa <em>(live)<\/em><\/a><\/li>\n<li><a href=\"https:\/\/wp.ufpel.edu.br\/choropelotas\/programacao\/\" target=\"_blank\" rel=\"noopener\">Rodas de Choro nas comunidades<\/a><\/li>\n<li><a href=\"https:\/\/wp.ufpel.edu.br\/choropelotas\/programacao\/\" target=\"_blank\" rel=\"noopener\">Roda de Choro transmitida ao vivo na SeCult<\/a><\/li>\n<\/ul>\n<p>Al\u00e9m das oficinas e rodas mencionadas acima, ser\u00e3o realizados dois concursos:<\/p>\n<ul>\n<li><a href=\"https:\/\/drive.google.com\/file\/d\/1Y_ToLHwKYjwyMeHFfl6m7le4HlWVFxmZ\/view?usp=sharing\" target=\"_blank\" rel=\"noopener\">1\u00b0 Concurso Avendano Junior de Interpreta\u00e7\u00e3o<\/a><\/li>\n<li><a href=\"https:\/\/drive.google.com\/file\/d\/1onmKcr0iek6iNVYCA6i0RM95cDUz5d__\/view?fbclid=IwAR179KmOS17fKrE84g9QLABTvgqBfSOADksZSYxogwvuaThFEox43oxh5lY\" target=\"_blank\" rel=\"noopener\">1\u00b0 Concurso Paulinho Martins de Composi\u00e7\u00e3o<\/a><\/li>\n<\/ul>\n<p>&nbsp;<\/p>\n<p>&nbsp;<\/p>\n<p>&nbsp;<\/p>\n<p>&nbsp;<\/p>\n<p>&nbsp;<\/p>\n","protected":false},"excerpt":{"rendered":"<p>&nbsp; O I Festival de Choro de Pelotas aconteceu de\u00a013 \u00e0 19 de novembro de 2021, em comemora\u00e7\u00e3o ao Dia Municipal do Choro, celebrado no dia do aniversario do querido e saudoso mestre Avendano Jr. (19\/11). Esta foi uma grande&#8230; <a class=\"more-link\" href=\"https:\/\/wp.ufpel.edu.br\/choropelotas\/i-festival-de-choro-de-pelotas\/\">Continue lendo &rarr;<\/a><\/p>\n","protected":false},"author":651,"featured_media":441,"parent":0,"menu_order":0,"comment_status":"closed","ping_status":"closed","template":"","meta":{"jetpack_post_was_ever_published":false,"footnotes":""},"class_list":["post-445","page","type-page","status-publish","has-post-thumbnail","hentry"],"jetpack_sharing_enabled":true,"jetpack_likes_enabled":true,"jetpack-related-posts":[],"_links":{"self":[{"href":"https:\/\/wp.ufpel.edu.br\/choropelotas\/wp-json\/wp\/v2\/pages\/445","targetHints":{"allow":["GET"]}}],"collection":[{"href":"https:\/\/wp.ufpel.edu.br\/choropelotas\/wp-json\/wp\/v2\/pages"}],"about":[{"href":"https:\/\/wp.ufpel.edu.br\/choropelotas\/wp-json\/wp\/v2\/types\/page"}],"author":[{"embeddable":true,"href":"https:\/\/wp.ufpel.edu.br\/choropelotas\/wp-json\/wp\/v2\/users\/651"}],"replies":[{"embeddable":true,"href":"https:\/\/wp.ufpel.edu.br\/choropelotas\/wp-json\/wp\/v2\/comments?post=445"}],"version-history":[{"count":16,"href":"https:\/\/wp.ufpel.edu.br\/choropelotas\/wp-json\/wp\/v2\/pages\/445\/revisions"}],"predecessor-version":[{"id":489,"href":"https:\/\/wp.ufpel.edu.br\/choropelotas\/wp-json\/wp\/v2\/pages\/445\/revisions\/489"}],"wp:featuredmedia":[{"embeddable":true,"href":"https:\/\/wp.ufpel.edu.br\/choropelotas\/wp-json\/wp\/v2\/media\/441"}],"wp:attachment":[{"href":"https:\/\/wp.ufpel.edu.br\/choropelotas\/wp-json\/wp\/v2\/media?parent=445"}],"curies":[{"name":"wp","href":"https:\/\/api.w.org\/{rel}","templated":true}]}}