{"id":2,"date":"2019-08-19T09:12:32","date_gmt":"2019-08-19T12:12:32","guid":{"rendered":"https:\/\/wp.ufpel.edu.br\/choropelotas\/?page_id=2"},"modified":"2023-04-02T17:55:09","modified_gmt":"2023-04-02T20:55:09","slug":"pagina-exemplo","status":"publish","type":"page","link":"https:\/\/wp.ufpel.edu.br\/choropelotas\/","title":{"rendered":"Quem somos"},"content":{"rendered":"\r\n<blockquote class=\"wp-block-quote\">\r\n<div>\r\n<div class=\"page\" title=\"Page 4\">\r\n<div class=\"layoutArea\">\r\n<div class=\"column\">\r\n<p>O Clube do Choro de Pelotas e\u0301 uma associac\u0327a\u0303o de musicistas da cidade de Pelotas, que mante\u0301m viva a pra\u0301tica do Choro. O movimento que ja\u0301 e\u0301 quase centena\u0301rio na cidade, e\u0301 reconhecido em todo o pai\u0301s e ate\u0301 fora dele. O Clube que iniciou suas atividades oficialmente em 2014, vem construindo ao longo desses quase 10 anos de histo\u0301ria muitas iniciativas bonitas e de muita releva\u0302ncia para cidade, regia\u0303o e estado. Desde seu surgimento, o coletivo preza por tocar compositores pelotenses, que constroem e carregam o cena\u0301rio do Choro na cidade. A obra do mais conhecido e emblema\u0301tico, Avendano Jr, e\u0301 presenc\u0327a confirmada em rodas e apresentac\u0327o\u0303es<\/p>\r\n<\/div>\r\n<\/div>\r\n<\/div>\r\n<\/div>\r\n<\/blockquote>\r\n<p style=\"text-align: center;\"><span style=\"font-family: georgia, palatino, serif;\"><em><strong>Membros do Clube do Choro de Pelotas<\/strong>:<\/em><\/span><\/p>\r\n<div style=\"text-align: center;\">\r\n<p style=\"text-align: center;\"><span style=\"font-family: georgia, palatino, serif;\"><em>Rui Madruga, Rafael Irala, Julia Alves, Paulinho Martins, Anderson Sim\u00f5es, Eduardo Fuentes, Guilherme Vieira, Paulo Rico Da Silva Soares, Gil Soares, Ana Silveira, Gerson Wurdig, Laura Cruz, Pedro Gabriel Erler, Di\u00f3rgenes Yuri Da Rosa, Paulo Roberto Lima Lima, Julio Nei Candiota Quintian, Fabr\u00edcio &#8220;Pardal&#8221; Moura, Everton Maciel, L\u00facio Oliveira, Samanta Soppe\u00f1a, Milton Alves, Fabr\u00edcio Sanches, &#8220;Seu M\u00e1rio&#8221; Fraga, Edegar Silveira, Daniel Ortiz, Jo\u00e3o Pinheiro, Diego Portella, Gustavo Mustaf\u00e9, Vasco Jean Azevedo, Lucas Borba, Humberto Schumacher, Mariana Borges, Pedro Nogueira, Rafael Velloso, Raul d&#8217;Avila, entre outros. Al\u00e9m dos seguintes grupos: Chorei Sem Querer, Sovaco de Cobra Trio, Regional Avendano J\u00fanior e Grupo Feito a Martelo.\u00a0<\/em><\/span><\/p>\r\n<p>&nbsp;<\/p>\r\n<\/div>\r\n","protected":false},"excerpt":{"rendered":"<p>O Clube do Choro de Pelotas e\u0301 uma associac\u0327a\u0303o de musicistas da cidade de Pelotas, que mante\u0301m viva a pra\u0301tica do Choro. O movimento que ja\u0301 e\u0301 quase centena\u0301rio na cidade, e\u0301 reconhecido em todo o pai\u0301s e ate\u0301 fora&#8230; <a class=\"more-link\" href=\"https:\/\/wp.ufpel.edu.br\/choropelotas\/\">Continue lendo &rarr;<\/a><\/p>\n","protected":false},"author":651,"featured_media":197,"parent":0,"menu_order":0,"comment_status":"closed","ping_status":"closed","template":"","meta":{"jetpack_post_was_ever_published":false,"footnotes":""},"class_list":["post-2","page","type-page","status-publish","has-post-thumbnail","hentry"],"jetpack_sharing_enabled":true,"jetpack_likes_enabled":true,"jetpack-related-posts":[],"_links":{"self":[{"href":"https:\/\/wp.ufpel.edu.br\/choropelotas\/wp-json\/wp\/v2\/pages\/2","targetHints":{"allow":["GET"]}}],"collection":[{"href":"https:\/\/wp.ufpel.edu.br\/choropelotas\/wp-json\/wp\/v2\/pages"}],"about":[{"href":"https:\/\/wp.ufpel.edu.br\/choropelotas\/wp-json\/wp\/v2\/types\/page"}],"author":[{"embeddable":true,"href":"https:\/\/wp.ufpel.edu.br\/choropelotas\/wp-json\/wp\/v2\/users\/651"}],"replies":[{"embeddable":true,"href":"https:\/\/wp.ufpel.edu.br\/choropelotas\/wp-json\/wp\/v2\/comments?post=2"}],"version-history":[{"count":16,"href":"https:\/\/wp.ufpel.edu.br\/choropelotas\/wp-json\/wp\/v2\/pages\/2\/revisions"}],"predecessor-version":[{"id":750,"href":"https:\/\/wp.ufpel.edu.br\/choropelotas\/wp-json\/wp\/v2\/pages\/2\/revisions\/750"}],"wp:featuredmedia":[{"embeddable":true,"href":"https:\/\/wp.ufpel.edu.br\/choropelotas\/wp-json\/wp\/v2\/media\/197"}],"wp:attachment":[{"href":"https:\/\/wp.ufpel.edu.br\/choropelotas\/wp-json\/wp\/v2\/media?parent=2"}],"curies":[{"name":"wp","href":"https:\/\/api.w.org\/{rel}","templated":true}]}}