{"id":49,"date":"2017-09-27T14:36:14","date_gmt":"2017-09-27T17:36:14","guid":{"rendered":"https:\/\/wp.ufpel.edu.br\/chipinthepampa2018\/?page_id=49"},"modified":"2018-09-10T10:22:03","modified_gmt":"2018-09-10T13:22:03","slug":"sbcci-2018","status":"publish","type":"page","link":"https:\/\/wp.ufpel.edu.br\/chipinthepampa2018\/events\/sbcci-2018\/","title":{"rendered":"SBCCI 2018"},"content":{"rendered":"<h1 id=\"cor1\" style=\"text-align: center\">SBCCI 2018<\/h1>\n<p id=\"cor2\" style=\"text-align: center\">31<sup>st <\/sup>Symposium on Integrated Circuits and Systems Design<\/p>\n<p id=\"cor3\" style=\"text-align: center\"><strong>Bento Gon\u00e7alves &#8211; Rio Grande do Sul &#8211; Brazil &#8211; August 27 to 31, 2018<\/strong><\/p>\n<p style=\"text-align: justify\" align=\"justify\">SBCCI is an international forum dedicated to integrated circuits and systems design, test and electronic design automation (EDA), held annually in Brazil. The 31th SBCCI will take place in Bento Gon\u00e7alves, the main wine region in Brazil. The goal of the symposium is to bring together researchers in the areas of EDA, design and test of integrated circuits and systems. The scope of the symposium includes technical sessions, tutorials and panels, as well as an exhibition and working group meetings.<\/p>\n<p style=\"text-align: center\" align=\"justify\"><span style=\"background-color: #12d68a;color: #000000;font-size: 14pt\"><strong>&#8212;&#8211;NEW CALLS FOR PAPERS FOR SPECIAL SESSIONS&#8212;&#8211;<\/strong><\/span><\/p>\n<ul>\n<li><span style=\"font-size: 14pt\"><strong>Challenges of Designing and Verification of Complexes and Critical Embedded Systems (CFP <a href=\"https:\/\/drive.google.com\/file\/d\/1dS-_O1FIfJwzWDQiEoIBRdN3ScKsuP78\/view?usp=sharing\">HERE<\/a>);\u00a0<\/strong><\/span><\/li>\n<li><span style=\"font-size: 14pt\"><strong>Machine Learning and Internet-of-Things (CFP <a href=\"https:\/\/drive.google.com\/file\/d\/1OemeOCexn2W_xn5llHfPZNSn0J9c97D4\/view?usp=sharing\">HERE<\/a>);<\/strong><\/span><\/li>\n<li><span style=\"font-size: 14pt\"><strong>Radiation Effects, Qualification and Fault Tolerance Techniques in Complex Sustems (CFP\u00a0<a href=\"https:\/\/drive.google.com\/file\/d\/1f0vYMXR4lFEyfbsP5TPpHmMaBQNaE7nU\/view?usp=sharing\">HERE<\/a>)<\/strong>.<\/span><\/li>\n<\/ul>\n<div align=\"justify\"><\/div>\n<div align=\"justify\"><span style=\"color: #000000;background-color: #5aeda4\"><strong><span style=\"font-size: 14pt;background-color: #5aeda4\">The best papers presented at the symposium will be invited to resubmit an extended version to be considered for publication at the IEEE Design &amp; Test and at the Springer Nature ALOG (Analog Integrated Circuits and Signal Processing) NEW, for the year!<\/span><\/strong><\/span><\/div>\n<div align=\"justify\"><\/div>\n<h2 align=\"justify\"><\/h2>\n<div align=\"justify\"><strong>Click <a id=\"link3\" href=\"https:\/\/drive.google.com\/file\/d\/1JfH7_dLEfT-tlhiU1dYG0gsqLXN7cLeo\/view?usp=sharing\" target=\"_blank\" rel=\"noopener\">HERE<\/a><\/strong> <strong>for a PDF version of SBCCI2018 call for papers.<\/strong><\/div>\n<div style=\"text-align: center\" align=\"justify\">\n<p style=\"text-align: left\"><strong>Click <a href=\"https:\/\/wp.ufpel.edu.br\/chipinthepampa2018\/events\/sbcci-2018\/sbcci-submissions\/\">HERE<\/a> to go to the Submission Page.<\/strong><\/p>\n<h2 id=\"cor17\" style=\"text-align: center\"><strong>Important Dates<\/strong><\/h2>\n<p><span style=\"color: #000000;background-color: #5aeda4\"><strong><span style=\"font-size: 14pt;background-color: #5aeda4\">*****FINAL DEADLINE EXTENSION*****<\/span><\/strong><\/span><\/p>\n<table class=\"table table-condensed\">\n<tbody>\n<tr>\n<td id=\"cor17\">Abstract &amp; Paper Submission Deadline:<\/td>\n<td id=\"cor20\"><strong>\u00a0<\/strong><\/td>\n<td id=\"cor20\"><strong>April 20<sup>th<\/sup><\/strong><\/td>\n<td id=\"cor18\"><strong>,2018<\/strong><\/td>\n<\/tr>\n<\/tbody>\n<tbody>\n<tr>\n<td id=\"cor17\">Rebuttal Period:<\/td>\n<td id=\"cor20\">June 12<sup>th<\/sup><\/td>\n<td id=\"cor18\">June 15<sup>th\u00a0<\/sup><\/td>\n<td id=\"cor18\">,2018<\/td>\n<\/tr>\n<\/tbody>\n<tbody>\n<tr>\n<td id=\"cor17\">Notification of Acceptance:<\/td>\n<td id=\"cor20\"><\/td>\n<td id=\"cor20\">June 20<sup>th<\/sup><\/td>\n<td id=\"cor18\">,2018<\/td>\n<\/tr>\n<\/tbody>\n<tbody>\n<tr>\n<td id=\"cor17\">Camera Ready Deadline:<\/td>\n<td id=\"cor20\"><\/td>\n<td id=\"cor20\">July 10<sup>th<\/sup><\/td>\n<td id=\"cor18\">,2018<\/td>\n<\/tr>\n<\/tbody>\n<\/table>\n<p style=\"text-align: justify\"><strong>The areas of interest include, but are not limited to:<\/strong><\/p>\n<p style=\"text-align: left\">\u2022 System level modeling and synthesis;<\/p>\n<p style=\"text-align: left\">\u2022 Hardware-software co-design and co-verification;<\/p>\n<p style=\"text-align: left\">\u2022 High-level and logic synthesis;<\/p>\n<p style=\"text-align: left\">\u2022Physical design;<\/p>\n<p style=\"text-align: left\">\u2022Verification, simulation, emulation and prototyping techniques;<\/p>\n<p style=\"text-align: left\">\u2022Testability issues, design for test techniques;<\/p>\n<p style=\"text-align: left\">\u2022Reconfigurable architectures and novel applications of FPGAs;<\/p>\n<p style=\"text-align: left\">\u2022Design and modeling languages and applications;<\/p>\n<p style=\"text-align: left\">\u2022Analog, Digital and mixed signal designs;<\/p>\n<p style=\"text-align: left\">\u2022Embedded systems and Cyber-physical systems design;<\/p>\n<p style=\"text-align: left\">\u2022System-on-chip, IP reuse and plataform-based designs;<\/p>\n<p style=\"text-align: left\">\u2022Low power tools and designs techniques;<\/p>\n<p style=\"text-align: left\">\u2022Nanoelectronic circuits, nanoarchitectures and nanocomputing.<\/p>\n<hr \/>\n<h2 style=\"text-align: center\">Executive Committee<\/h2>\n<h3 style=\"text-align: center\">General Chair<\/h3>\n<p style=\"text-align: center\">Luciano Agostini, UFPel, Brazil<\/p>\n<h3 style=\"text-align: center\">Program Chairs<\/h3>\n<p>Jos\u00e9 Lu\u00eds G\u00fcntzel, UFSC, Brazil<\/p>\n<p style=\"text-align: center\">Michael H\u00fcbner, Ruhr University Bochum, Germany<\/p>\n<h3 style=\"text-align: center\">Tutorial Chair<\/h3>\n<p style=\"text-align: center\">Bruno Zatt, UFPel, Brazil<\/p>\n<h3 style=\"text-align: center\">Panels Chairs<\/h3>\n<p style=\"text-align: center\">Sergio Bampi, UFRGS, Brazil<\/p>\n<p style=\"text-align: center\">M\u00e1rcio Bender, IFSul, Brazil<\/p>\n<h3 style=\"text-align: center\">Local Arrangements Chair<\/h3>\n<p>Leomar Rosa Jr., UFPel, Brazil<\/p>\n<\/div>\n<div style=\"text-align: center\" align=\"justify\">Vin\u00edcius Camargo, UFPel, Brazil<\/div>\n<h3 style=\"text-align: center\" align=\"justify\">Finance Chairs<\/h3>\n<p style=\"text-align: center\">Marcelo Porto, UFPel, Brazil<\/p>\n<p style=\"text-align: center\">Daniel Palomino, UFPel, Brazil<\/p>\n<h3 style=\"text-align: center\">Publicity Chair<\/h3>\n<p style=\"text-align: center\">Ricardo Reis, UFRGS, Brazil<\/p>\n<h3 style=\"text-align: center\">Publication Chair<\/h3>\n<p style=\"text-align: center\">Felipe Marques, UFPel, Brazil<\/p>\n<h3 style=\"text-align: center\">Exhibition Chair<\/h3>\n<p style=\"text-align: center\">Guilherme Corr\u00eaa, UFPel, Brazil<\/p>\n<h3 style=\"text-align: center\">North America Liaison<\/h3>\n<p style=\"text-align: center\">Nikil Dutt, UC Irvine, USA<\/p>\n<h3 style=\"text-align: center\">Europe Liaison<\/h3>\n<p style=\"text-align: center\">Leonel Sousa, ULisboa &#8211; Portugal<\/p>\n<h3 style=\"text-align: center\">Asia Liaison<\/h3>\n<p style=\"text-align: center\">Chi-Ying Tsui, HHKUST &#8211; Hong Kong<\/p>\n<h3 style=\"text-align: center\">Latin America Liaison<\/h3>\n<p style=\"text-align: center\">Carlos C\u00e1rdenas, PUCPeru &#8211; Peru<\/p>\n<hr \/>\n<h2 style=\"text-align: center\">Track Chairs<\/h2>\n<h3 style=\"text-align: center\">Analog, RF, Mixed Signal and Applications<\/h3>\n<p style=\"text-align: center\">Andr\u00e9 Augusto Mariano (UFPR, Brazil)<\/p>\n<p style=\"text-align: center\">Fran\u00e7ois Rivet (IMS, France)<\/p>\n<h3 style=\"text-align: center\">Digital Circuits and Applications<\/h3>\n<p style=\"text-align: center\">Rodrigo Possamai Bastos (Universit\u00e9 Grenoble Alpes\/TIMA, France)<\/p>\n<p style=\"text-align: center\">Frank Sil Torres (UFMG, Brazil)<\/p>\n<h3 style=\"text-align: center\">EDA\/CAD, Test and Reliability<\/h3>\n<p style=\"text-align: center\">Bei Yu (The Chinese University of Hong Kong)<\/p>\n<p style=\"text-align: center\">Paulo Flores (IST\/INESC, Portugal)<\/p>\n<h3 style=\"text-align: center\">SoC, NoC and Reconfigurable<\/h3>\n<p style=\"text-align: center\">Fernando Moraes (PUCRS, Brazil)<\/p>\n<p style=\"text-align: center\">Guy Gogniat (Universit\u00e9 de Bretagne-Sud, France)<\/p>\n<h3 style=\"text-align: center\">Embedded Software and Systems<\/h3>\n<p style=\"text-align: center\">Luciano Ost (Loughborough University, U.K.)<\/p>\n<p style=\"text-align: center\">Diana G\u00f6hringer (TU-Dresden, Germany)<\/p>\n<hr \/>\n<p>&nbsp;<\/p>\n","protected":false},"excerpt":{"rendered":"<p>SBCCI 2018 31st Symposium on Integrated Circuits and Systems Design Bento Gon\u00e7alves &#8211; Rio Grande do Sul &#8211; Brazil &#8211; August 27 to 31, 2018 SBCCI is an international forum dedicated to integrated circuits&#46;&#46;&#46;<\/p>\n","protected":false},"author":685,"featured_media":0,"parent":43,"menu_order":0,"comment_status":"closed","ping_status":"closed","template":"page-templates\/child-menu.php","meta":{"jetpack_post_was_ever_published":false,"footnotes":""},"class_list":["post-49","page","type-page","status-publish","hentry"],"jetpack_sharing_enabled":true,"jetpack_shortlink":"https:\/\/wp.me\/P9e0OP-N","jetpack_likes_enabled":false,"jetpack-related-posts":[{"id":55,"url":"https:\/\/wp.ufpel.edu.br\/chipinthepampa2018\/events\/sforum-2018\/","url_meta":{"origin":49,"position":0},"title":"SFORUM 2018","author":"agostini","date":"27\/09\/2017","format":false,"excerpt":"SFORUM 2018 18th Microelectronics Students Forum Bento Gon\u00e7alves - Rio Grande do Sul - Brazil - August 27 to 31, 2018 The Microelectronics Students Forum is an event promoted by the Brazilian Microelectronics Society (SBMicro) and the Brazilian Computer Society (SBC) with the following main goals: Promote the participation of\u2026","rel":"","context":"Post similar","block_context":{"text":"Post similar","link":""},"img":{"alt_text":"","src":"","width":0,"height":0},"classes":[]},{"id":986,"url":"https:\/\/wp.ufpel.edu.br\/chipinthepampa2018\/program-schedule\/","url_meta":{"origin":49,"position":1},"title":"Program Schedule","author":"agostini","date":"18\/07\/2018","format":false,"excerpt":"Chip in the Pampa 2018 Schedule Monday, Aug. 27 9:00h Assemblage - Event Registration 13:40h Pinot C - Meeting of SBMicro Board 13:40h Pinot D - Meeting of SBC\/CECCI Board 15:40h Pinot Lobby - Coffee-Break 16:20h Pinot A - Meeting of SBCCI Steering Committee 16:20h Pinot B - Meeting of\u2026","rel":"","context":"Post similar","block_context":{"text":"Post similar","link":""},"img":{"alt_text":"","src":"","width":0,"height":0},"classes":[]},{"id":52,"url":"https:\/\/wp.ufpel.edu.br\/chipinthepampa2018\/events\/sbmicro-2018\/","url_meta":{"origin":49,"position":2},"title":"SBMICRO 2018","author":"agostini","date":"27\/09\/2017","format":false,"excerpt":"SBMICRO 2018 33rd Symposium on Microelectronics Technology and Devices Bento Gon\u00e7alves - Rio Grande do Sul - Brazil - August 27 to 31, 2018 The SBMicro symposium is an international forum dedicated to fabrication and modeling of microsystems, integrated circuits and devices, held annually in Brazil. The goal of the\u2026","rel":"","context":"Post similar","block_context":{"text":"Post similar","link":""},"img":{"alt_text":"","src":"","width":0,"height":0},"classes":[]},{"id":1039,"url":"https:\/\/wp.ufpel.edu.br\/chipinthepampa2018\/sbcci-2018-technical-program\/","url_meta":{"origin":49,"position":3},"title":"SBCCI 2018 Technical Program","author":"agostini","date":"19\/07\/2018","format":false,"excerpt":"SBCCI 2018 Final Technical Program Papers assigned with an asterisk are the SBCCI2018 Best Paper Candidates. Tuesday, Aug. 28 9:00h Malbec B \u2013 Tutorial Integrated switched-capacitor DC-DC converters for high-density capacitive energy storage Filip Tavernier (KU Leuven \u2013 Belgium) 10:20h Carmen\u00e8re - Coffee-Break 10:40h Malbec A \u2013 Tutorial DC and\u2026","rel":"","context":"Post similar","block_context":{"text":"Post similar","link":""},"img":{"alt_text":"","src":"","width":0,"height":0},"classes":[]},{"id":573,"url":"https:\/\/wp.ufpel.edu.br\/chipinthepampa2018\/events\/sbcci-2018\/sbcci-submissions\/","url_meta":{"origin":49,"position":4},"title":"SBCCI SUBMISSIONS","author":"agostini","date":"16\/03\/2018","format":false,"excerpt":"Instructions for the Authors Prospective authors from around the world are invited to submit manuscripts in English for consideration by the Program Committee. Manuscripts may have up to 6 pages, must be formatted as two-column document following the IEEE guidelines (templates can be found HERE) and must be prepared for\u2026","rel":"","context":"Post similar","block_context":{"text":"Post similar","link":""},"img":{"alt_text":"","src":"","width":0,"height":0},"classes":[]},{"id":861,"url":"https:\/\/wp.ufpel.edu.br\/chipinthepampa2018\/sbcci-2018-andrea-tavares\/","url_meta":{"origin":49,"position":5},"title":"SBCCI Invited Talk: Andrea Tavares","author":"agostini","date":"11\/07\/2018","format":false,"excerpt":"Andrea Tavares Cadence Design Systems - Brazil Friday, Aug. 31 \u2013 13:40h - Malbec B SBCCI INVITED TALK: Machine Learning initiatives in EDA industry Recent Deep Learning success has revival the interest on use of Machine Learning and Data Science in microelectronics industry. From specialized and dedicated IP design to\u2026","rel":"","context":"Post similar","block_context":{"text":"Post similar","link":""},"img":{"alt_text":"","src":"https:\/\/i0.wp.com\/wp.ufpel.edu.br\/chipinthepampa2018\/files\/2018\/07\/Andrea.jpg?resize=350%2C200&ssl=1","width":350,"height":200},"classes":[]}],"_links":{"self":[{"href":"https:\/\/wp.ufpel.edu.br\/chipinthepampa2018\/wp-json\/wp\/v2\/pages\/49","targetHints":{"allow":["GET"]}}],"collection":[{"href":"https:\/\/wp.ufpel.edu.br\/chipinthepampa2018\/wp-json\/wp\/v2\/pages"}],"about":[{"href":"https:\/\/wp.ufpel.edu.br\/chipinthepampa2018\/wp-json\/wp\/v2\/types\/page"}],"author":[{"embeddable":true,"href":"https:\/\/wp.ufpel.edu.br\/chipinthepampa2018\/wp-json\/wp\/v2\/users\/685"}],"replies":[{"embeddable":true,"href":"https:\/\/wp.ufpel.edu.br\/chipinthepampa2018\/wp-json\/wp\/v2\/comments?post=49"}],"version-history":[{"count":46,"href":"https:\/\/wp.ufpel.edu.br\/chipinthepampa2018\/wp-json\/wp\/v2\/pages\/49\/revisions"}],"predecessor-version":[{"id":1638,"href":"https:\/\/wp.ufpel.edu.br\/chipinthepampa2018\/wp-json\/wp\/v2\/pages\/49\/revisions\/1638"}],"up":[{"embeddable":true,"href":"https:\/\/wp.ufpel.edu.br\/chipinthepampa2018\/wp-json\/wp\/v2\/pages\/43"}],"wp:attachment":[{"href":"https:\/\/wp.ufpel.edu.br\/chipinthepampa2018\/wp-json\/wp\/v2\/media?parent=49"}],"curies":[{"name":"wp","href":"https:\/\/api.w.org\/{rel}","templated":true}]}}